{"id":97,"date":"2019-07-23T12:16:49","date_gmt":"2019-07-23T09:16:49","guid":{"rendered":"http:\/\/ipekkirpik.org\/?page_id=97"},"modified":"2024-11-14T19:28:15","modified_gmt":"2024-11-14T16:28:15","slug":"ipek-kirpik-diyarbakir","status":"publish","type":"page","link":"http:\/\/ipekkirpik.org\/index.php\/ipek-kirpik-diyarbakir\/","title":{"rendered":"\u0130pek Kirpik Diyarbak\u0131r"},"content":{"rendered":"\n<h4 class=\"wp-block-heading\">\u0130pek Kirpik Diyarbak\u0131r<\/h4>\n\n\n\n<p>Maya Estetik \/ \u00d6zcan YALIKILI\u00c7<\/p>\n\n\n\n<p>Ofis \/ Diyarbak\u0131r<\/p>\n\n\n\n<p>0553 451 4026<\/p>\n\n\n\n<p>\u00d6zcan han\u0131m bizim kullanm\u0131\u015f oldu\u011fumuz ( sach ipek kirpik ) \nmalzemelere g\u00fcvenerek Diyarbak\u0131r dan merkezimize geldi ve ipek kirpik \nsetimizi sat\u0131n ald\u0131<br>\nE\u011fitimini de tamamlad\u0131ktan sonra \u0130pek Kirpik Sertifikas\u0131n\u0131 almaya da hak kazand\u0131.<br>\nDiyarbak\u0131r ve b\u00f6lgesinde kendisi ipek kirpik merkezimizdir.<\/p>\n\n\n\n<p>\u00c7e\u015fitler : Silk lash , Y lash , Varbi lash, Rapid lash , Tribal lash ,&nbsp; 3d , 6d, Mink lash&nbsp; ( Siberian )<\/p>\n\n\n\n<p><strong>Silk lash : Tekli Kirpik<\/strong><br>\nHer bir kirpinizin \u00fczerine 1 adet olarak tak\u0131l\u0131r ve k\u0131l \u00fczerine 1 mm \nbo\u015fluk b\u0131rak\u0131larak adapte edilir . Kirpik say\u0131n\u0131z 30 ise 30 olarak \nkal\u0131r. Kirpik say\u0131s\u0131nda bir art\u0131\u015f olmaz.<br>\n<strong>3D Kirpik : 3 l\u00fc \u0130pek Kirpik<\/strong><br>\nHer bir kirpinizin \u00fczerine 1 adet olarak tak\u0131l\u0131r ve k\u0131l \u00fczerine 1 mm \nbo\u015fluk b\u0131rak\u0131larak adapte edilir . Fakat bu k\u0131l ortadan itibaren 3 e \nb\u00f6l\u00fcnd\u00fc\u011f\u00fc i\u00e7in kirpik say\u0131n\u0131z 30 ise 90 a \u00e7\u0131karm\u0131\u015f olursunuz.<br>\n<strong>6D Kirpik : 6 l\u0131 \u0130pek Kirpik<\/strong><br>\nHer bir kirpinizin \u00fczerine 1 adet olarak tak\u0131l\u0131r ve k\u0131l \u00fczerine 1 mm \nbo\u015fluk b\u0131rak\u0131larak adapte edilir . Fakat bu k\u0131l ortadan itibaren&nbsp; ya \nb\u00f6l\u00fcnd\u00fc\u011f\u00fc i\u00e7in kirpik say\u0131n\u0131z 30 ise 180 e \u00e7\u0131karm\u0131\u015f olursunuz. Tamamen \ntakma kirpik havas\u0131n\u0131 isteyenler i\u00e7in idealdir. Veya kirpikleri \u00e7ok \nbo\u015fluklu olanlar i\u00e7in de idealdir.<\/p>\n","protected":false},"excerpt":{"rendered":"<p>\u0130pek Kirpik Diyarbak\u0131r Maya Estetik \/ \u00d6zcan YALIKILI\u00c7 Ofis \/ Diyarbak\u0131r 0553 451 4026 \u00d6zcan han\u0131m bizim kullanm\u0131\u015f oldu\u011fumuz ( sach ipek kirpik ) malzemelere g\u00fcvenerek Diyarbak\u0131r dan merkezimize geldi ve ipek kirpik setimizi sat\u0131n ald\u0131 E\u011fitimini de tamamlad\u0131ktan sonra \u0130pek Kirpik Sertifikas\u0131n\u0131 almaya da hak kazand\u0131.<\/p>\n","protected":false},"author":1,"featured_media":0,"parent":0,"menu_order":0,"comment_status":"closed","ping_status":"closed","template":"","meta":{"footnotes":""},"tags":[3,16],"class_list":["post-97","page","type-page","status-publish","hentry","tag-ipek-kirpik","tag-ipek-kirpik-diyarbakir"],"aioseo_notices":[],"_links":{"self":[{"href":"http:\/\/ipekkirpik.org\/index.php\/wp-json\/wp\/v2\/pages\/97","targetHints":{"allow":["GET"]}}],"collection":[{"href":"http:\/\/ipekkirpik.org\/index.php\/wp-json\/wp\/v2\/pages"}],"about":[{"href":"http:\/\/ipekkirpik.org\/index.php\/wp-json\/wp\/v2\/types\/page"}],"author":[{"embeddable":true,"href":"http:\/\/ipekkirpik.org\/index.php\/wp-json\/wp\/v2\/users\/1"}],"replies":[{"embeddable":true,"href":"http:\/\/ipekkirpik.org\/index.php\/wp-json\/wp\/v2\/comments?post=97"}],"version-history":[{"count":1,"href":"http:\/\/ipekkirpik.org\/index.php\/wp-json\/wp\/v2\/pages\/97\/revisions"}],"predecessor-version":[{"id":99,"href":"http:\/\/ipekkirpik.org\/index.php\/wp-json\/wp\/v2\/pages\/97\/revisions\/99"}],"wp:attachment":[{"href":"http:\/\/ipekkirpik.org\/index.php\/wp-json\/wp\/v2\/media?parent=97"}],"wp:term":[{"taxonomy":"post_tag","embeddable":true,"href":"http:\/\/ipekkirpik.org\/index.php\/wp-json\/wp\/v2\/tags?post=97"}],"curies":[{"name":"wp","href":"https:\/\/api.w.org\/{rel}","templated":true}]}}