{"id":91,"date":"2019-07-23T12:15:54","date_gmt":"2019-07-23T09:15:54","guid":{"rendered":"http:\/\/ipekkirpik.org\/?page_id=91"},"modified":"2019-07-23T12:15:54","modified_gmt":"2019-07-23T09:15:54","slug":"ipek-kirpik-usak","status":"publish","type":"page","link":"http:\/\/ipekkirpik.org\/index.php\/ipek-kirpik-usak\/","title":{"rendered":"\u0130pek Kirpik U\u015fak"},"content":{"rendered":"\n<h4 class=\"wp-block-heading\">\u0130pek Kirpik U\u015fak<\/h4>\n\n\n\n<div class=\"wp-block-image\"><figure class=\"alignleft\"><a href=\"https:\/\/web.archive.org\/web\/20180909144441\/http:\/\/www.ipekkirpik.org\/wp-content\/uploads\/2015\/06\/ipek-kirpik1.jpg\" rel=\"wp-prettyPhoto[91]\"><img decoding=\"async\" src=\"https:\/\/web.archive.org\/web\/20180909144441im_\/http:\/\/www.ipekkirpik.org\/wp-content\/uploads\/2015\/06\/ipek-kirpik1-300x200.jpg\" alt=\"ipek kirpik\" class=\"wp-image-1168\"\/><\/a><\/figure><\/div>\n\n\n\n<p>Pervin\n han\u0131m bizim kullanm\u0131\u015f oldu\u011fumuz ( sach ipek kirpik ) malzemelere \ng\u00fcvenerek U\u015fak dan merkezimize geldi ve ipek kirpik setimizi sat\u0131n ald\u0131<br>\nE\u011fitimini de tamamlad\u0131ktan sonra \u0130pek Kirpik Sertifikas\u0131n\u0131 almaya da hak kazand\u0131.<br>\nU\u015fak ve b\u00f6lgesinde kendisi ipek kirpik merkezimizdir.<\/p>\n\n\n\n<p>PERV\u0130N MIDIK<\/p>\n\n\n\n<p>0276 216 1818<\/p>\n\n\n\n<p>Boylar : 9 mm , 10 mm , 11 mm , 12 mm , 13 mm , 14 mm , 15 mm<br>\nKal\u0131nl\u0131k : 0.10 , 0.12 , 0.15 , 0.20<br>\nK\u0131vr\u0131m : J, B, C, CC , D<\/p>\n\n\n\n<p>\u00c7e\u015fitler : Silk lash , Y lash , Varbi lash, Rapid lash , Tribal lash ,&nbsp; 3d , 6d, Mink lash&nbsp; ( Siberian )<\/p>\n\n\n\n<p><strong>Silk lash : Tekli Kirpik<\/strong><br>\nHer bir kirpinizin \u00fczerine 1 adet olarak tak\u0131l\u0131r ve k\u0131l \u00fczerine 1 mm \nbo\u015fluk b\u0131rak\u0131larak adapte edilir . Kirpik say\u0131n\u0131z 30 ise 30 olarak \nkal\u0131r. Kirpik say\u0131s\u0131nda bir art\u0131\u015f olmaz.<br>\n<strong>3D Kirpik : 3 l\u00fc \u0130pek Kirpik<\/strong><br>\nHer bir kirpinizin \u00fczerine 1 adet olarak tak\u0131l\u0131r ve k\u0131l \u00fczerine 1 mm \nbo\u015fluk b\u0131rak\u0131larak adapte edilir . Fakat bu k\u0131l ortadan itibaren 3 e \nb\u00f6l\u00fcnd\u00fc\u011f\u00fc i\u00e7in kirpik say\u0131n\u0131z 30 ise 90 a \u00e7\u0131karm\u0131\u015f olursunuz.<br>\n6D Kirpik : 6 l\u0131 \u0130pek Kirpik<br>\nHer bir kirpinizin \u00fczerine 1 adet olarak tak\u0131l\u0131r ve k\u0131l \u00fczerine 1 mm \nbo\u015fluk b\u0131rak\u0131larak adapte edilir . Fakat bu k\u0131l ortadan itibaren&nbsp; ya \nb\u00f6l\u00fcnd\u00fc\u011f\u00fc i\u00e7in kirpik say\u0131n\u0131z 30 ise 180 e \u00e7\u0131karm\u0131\u015f olursunuz. Tamamen \ntakma kirpik havas\u0131n\u0131 isteyenler i\u00e7in idealdir. Veya kirpikleri \u00e7ok \nbo\u015fluklu olanlar i\u00e7in de idealdir.<\/p>\n","protected":false},"excerpt":{"rendered":"<p>\u0130pek Kirpik U\u015fak Pervin han\u0131m bizim kullanm\u0131\u015f oldu\u011fumuz ( sach ipek kirpik ) malzemelere g\u00fcvenerek U\u015fak dan merkezimize geldi ve ipek kirpik setimizi sat\u0131n ald\u0131 E\u011fitimini de tamamlad\u0131ktan sonra \u0130pek Kirpik Sertifikas\u0131n\u0131 almaya da hak kazand\u0131. U\u015fak ve b\u00f6lgesinde kendisi ipek kirpik merkezimizdir. PERV\u0130N MIDIK 0276 216<\/p>\n","protected":false},"author":1,"featured_media":0,"parent":0,"menu_order":0,"comment_status":"closed","ping_status":"closed","template":"","meta":{"footnotes":""},"tags":[],"class_list":["post-91","page","type-page","status-publish","hentry"],"aioseo_notices":[],"_links":{"self":[{"href":"http:\/\/ipekkirpik.org\/index.php\/wp-json\/wp\/v2\/pages\/91","targetHints":{"allow":["GET"]}}],"collection":[{"href":"http:\/\/ipekkirpik.org\/index.php\/wp-json\/wp\/v2\/pages"}],"about":[{"href":"http:\/\/ipekkirpik.org\/index.php\/wp-json\/wp\/v2\/types\/page"}],"author":[{"embeddable":true,"href":"http:\/\/ipekkirpik.org\/index.php\/wp-json\/wp\/v2\/users\/1"}],"replies":[{"embeddable":true,"href":"http:\/\/ipekkirpik.org\/index.php\/wp-json\/wp\/v2\/comments?post=91"}],"version-history":[{"count":1,"href":"http:\/\/ipekkirpik.org\/index.php\/wp-json\/wp\/v2\/pages\/91\/revisions"}],"predecessor-version":[{"id":93,"href":"http:\/\/ipekkirpik.org\/index.php\/wp-json\/wp\/v2\/pages\/91\/revisions\/93"}],"wp:attachment":[{"href":"http:\/\/ipekkirpik.org\/index.php\/wp-json\/wp\/v2\/media?parent=91"}],"wp:term":[{"taxonomy":"post_tag","embeddable":true,"href":"http:\/\/ipekkirpik.org\/index.php\/wp-json\/wp\/v2\/tags?post=91"}],"curies":[{"name":"wp","href":"https:\/\/api.w.org\/{rel}","templated":true}]}}