{"id":85,"date":"2019-07-23T12:14:48","date_gmt":"2019-07-23T09:14:48","guid":{"rendered":"http:\/\/ipekkirpik.org\/?page_id=85"},"modified":"2024-11-14T19:28:15","modified_gmt":"2024-11-14T16:28:15","slug":"ipek-kirpik-ankara","status":"publish","type":"page","link":"http:\/\/ipekkirpik.org\/index.php\/ipek-kirpik-ankara\/","title":{"rendered":"\u0130pek Kirpik Ankara"},"content":{"rendered":"\n<h4 class=\"wp-block-heading\">\u0130pek Kirpik Ankara<\/h4>\n\n\n\n<p>Ankara ve b\u00f6lgesinde kendisi ipek kirpik merkezimizdir.<br>\nA\u015fa\u011f\u0131da salon bilgilerini sizlerle payla\u015fmaktay\u0131z.<\/p>\n\n\n\n<p><strong>Derya TAN<\/strong><\/p>\n\n\n\n<p>\u00d6zel Herion Poliklini\u011fi<\/p>\n\n\n\n<p>Rabin Dranath Tagore Caddesi N:50 \/ A Y\u0131ld\u0131z<\/p>\n\n\n\n<p>\u00c7ankaya \/ ANKARA<\/p>\n\n\n\n<p>0533 300 9800<\/p>\n\n\n\n<p>Not : Herhangi bir olumsuz durum veya detayl\u0131 bilgi almak i\u00e7in 444 3 \n671 nolu telefondan merkezimize ula\u015fabilir, uzman\u0131m\u0131z Nurg\u00fcl Koluk\u0131r\u0131k \nile g\u00f6r\u00fc\u015febilirsiniz .<\/p>\n\n\n\n<p>\u00c7e\u015fitler : Silk lash , Y lash , Varbi lash, Rapid lash , Tribal lash ,&nbsp; 3d , 6d, Mink lash&nbsp; ( Siberian )<br>\n<em><strong>Silk lash : Tekli Kirpik<\/strong> <\/em><br>\nHer bir kirpinizin \u00fczerine 1 adet olarak tak\u0131l\u0131r ve k\u0131l \u00fczerine 1 mm \nbo\u015fluk b\u0131rak\u0131larak adapte edilir . Kirpik say\u0131n\u0131z 30 ise 30 olarak \nkal\u0131r. Kirpik say\u0131s\u0131nda bir art\u0131\u015f olmaz.<br>\n<em><strong>3D Kirpik : 3 l\u00fc \u0130pek Kirpik<\/strong><\/em><br>\nHer bir kirpinizin \u00fczerine 1 adet olarak tak\u0131l\u0131r ve k\u0131l \u00fczerine 1 mm \nbo\u015fluk b\u0131rak\u0131larak adapte edilir . Fakat bu k\u0131l ortadan itibaren 3 e \nb\u00f6l\u00fcnd\u00fc\u011f\u00fc i\u00e7in kirpik say\u0131n\u0131z 30 ise 90 a \u00e7\u0131karm\u0131\u015f olursunuz.<br>\n<em><strong>6D Kirpik : 6 l\u0131 \u0130pek Kirpik<\/strong> <\/em><br>\nHer bir kirpinizin \u00fczerine 1 adet olarak tak\u0131l\u0131r ve k\u0131l \u00fczerine 1 mm \nbo\u015fluk b\u0131rak\u0131larak adapte edilir . Fakat bu k\u0131l ortadan itibaren&nbsp; ya \nb\u00f6l\u00fcnd\u00fc\u011f\u00fc i\u00e7in kirpik say\u0131n\u0131z 30 ise 180 e \u00e7\u0131karm\u0131\u015f olursunuz. Tamamen \ntakma kirpik havas\u0131n\u0131 isteyenler i\u00e7in idealdir. Veya kirpikleri \u00e7ok \nbo\u015fluklu olanlar i\u00e7in de idealdir.<\/p>\n","protected":false},"excerpt":{"rendered":"<p>\u0130pek Kirpik Ankara Ankara ve b\u00f6lgesinde kendisi ipek kirpik merkezimizdir. A\u015fa\u011f\u0131da salon bilgilerini sizlerle payla\u015fmaktay\u0131z. Derya TAN \u00d6zel Herion Poliklini\u011fi Rabin Dranath Tagore Caddesi N:50 \/ A Y\u0131ld\u0131z \u00c7ankaya \/ ANKARA 0533 300 9800 Not : Herhangi bir olumsuz durum veya detayl\u0131 bilgi almak i\u00e7in 444 3<\/p>\n","protected":false},"author":1,"featured_media":0,"parent":0,"menu_order":0,"comment_status":"closed","ping_status":"closed","template":"","meta":{"footnotes":""},"tags":[3,15],"class_list":["post-85","page","type-page","status-publish","hentry","tag-ipek-kirpik","tag-ipek-kirpik-ankara"],"aioseo_notices":[],"_links":{"self":[{"href":"http:\/\/ipekkirpik.org\/index.php\/wp-json\/wp\/v2\/pages\/85","targetHints":{"allow":["GET"]}}],"collection":[{"href":"http:\/\/ipekkirpik.org\/index.php\/wp-json\/wp\/v2\/pages"}],"about":[{"href":"http:\/\/ipekkirpik.org\/index.php\/wp-json\/wp\/v2\/types\/page"}],"author":[{"embeddable":true,"href":"http:\/\/ipekkirpik.org\/index.php\/wp-json\/wp\/v2\/users\/1"}],"replies":[{"embeddable":true,"href":"http:\/\/ipekkirpik.org\/index.php\/wp-json\/wp\/v2\/comments?post=85"}],"version-history":[{"count":1,"href":"http:\/\/ipekkirpik.org\/index.php\/wp-json\/wp\/v2\/pages\/85\/revisions"}],"predecessor-version":[{"id":87,"href":"http:\/\/ipekkirpik.org\/index.php\/wp-json\/wp\/v2\/pages\/85\/revisions\/87"}],"wp:attachment":[{"href":"http:\/\/ipekkirpik.org\/index.php\/wp-json\/wp\/v2\/media?parent=85"}],"wp:term":[{"taxonomy":"post_tag","embeddable":true,"href":"http:\/\/ipekkirpik.org\/index.php\/wp-json\/wp\/v2\/tags?post=85"}],"curies":[{"name":"wp","href":"https:\/\/api.w.org\/{rel}","templated":true}]}}