{"id":79,"date":"2019-07-23T11:40:59","date_gmt":"2019-07-23T08:40:59","guid":{"rendered":"http:\/\/ipekkirpik.org\/?page_id=79"},"modified":"2024-11-14T19:28:15","modified_gmt":"2024-11-14T16:28:15","slug":"ipek-kirpik-kayseri","status":"publish","type":"page","link":"http:\/\/ipekkirpik.org\/index.php\/ipek-kirpik-kayseri\/","title":{"rendered":"\u0130pek Kirpik Kayseri"},"content":{"rendered":"\n<h2 class=\"wp-block-heading\">\u0130pek Kirpik Kayseri<\/h2>\n\n\n\n<p><em><strong>Fairlash \u0130pek Kirpik Seti ve E\u011fitimi<\/strong><\/em><\/p>\n\n\n\n<p>Fairlash olarak bir ipek kirpik e\u011fitimi dura\u011f\u0131m\u0131z daha oldu \nKayseri\u2019de. Daha \u00f6ncesinde \u00e7a\u011fr\u0131 merkezimi aray\u0131p Kayseri\u2019de ipek kirpik\n merkeziniz var m\u0131 diye \u00e7ok soru ald\u0131\u011f\u0131m\u0131z i\u00e7in 4 Nisan da Kayseri\u2019de \ne\u011fitim vermeyi planlad\u0131k.<br>\nBiz s\u00f6z verdi\u011fimiz gibi sal\u0131 g\u00fcn\u00fc Radisson Blu da \u00f6n haz\u0131rl\u0131klar\u0131m\u0131z\u0131 \nyapt\u0131k. Kat\u0131l\u0131mc\u0131lar\u0131m\u0131z i\u00e7in her t\u00fcrl\u00fc detay\u0131 d\u00fc\u015f\u00fcnd\u00fck. Sedyesinden \ntutun \u0131\u015f\u0131kland\u0131rmas\u0131na kadar t\u00fcm \u00f6n haz\u0131rl\u0131klar yap\u0131ld\u0131.<br>\nE\u011fitim esnas\u0131nda t\u00fcm teknik detaylara de\u011findik. Sonras\u0131nda ise uygulama yaparak da ipek kirpik nas\u0131l yap\u0131l\u0131r bunu peki\u015ftirdik.<\/p>\n\n\n\n<p>Fairlash \u0130pek Kirpik Profesyonel Setlerimizi de verdik .<br>\nGenel olarak e\u011fitimimiz \u00e7ok g\u00fczel ge\u00e7ti.<br>\nA\u015fa\u011f\u0131da kat\u0131l\u0131mc\u0131lar\u0131n adres bilgileri ve e\u011fitimden g\u00f6r\u00fcnt\u00fcleri yer almaktad\u0131r.<\/p>\n\n\n\n<p>Art\u0131k Kayseri\u2019de iki farkl\u0131 lokasyon da \u0130pek Kirpik noktam\u0131z bulunmaktad\u0131r.<\/p>\n\n\n\n<div class=\"wp-block-image\"><figure class=\"aligncenter\"><a href=\"https:\/\/web.archive.org\/web\/20180906083914\/http:\/\/www.ipekkirpik.org\/wp-content\/uploads\/2017\/04\/ipek-kirpik-e\u011fitimi-e1491752736912.jpg\"><img decoding=\"async\" src=\"https:\/\/web.archive.org\/web\/20180906083914im_\/http:\/\/www.ipekkirpik.org\/wp-content\/uploads\/2017\/04\/ipek-kirpik-e\u011fitimi-e1491752736912-1030x773.jpg\" alt=\"ipek kirpik e\u011fitimi\" class=\"wp-image-1377\"\/><\/a><\/figure><\/div>\n\n\n\n<div class=\"wp-block-image\"><figure class=\"aligncenter\"><a href=\"https:\/\/web.archive.org\/web\/20180906083914\/http:\/\/www.ipekkirpik.org\/wp-content\/uploads\/2017\/04\/Nurg\u00fcl-Koluk\u0131r\u0131k-e1491752773604.jpg\"><img decoding=\"async\" src=\"https:\/\/web.archive.org\/web\/20180906083914im_\/http:\/\/www.ipekkirpik.org\/wp-content\/uploads\/2017\/04\/Nurg\u00fcl-Koluk\u0131r\u0131k-e1491752773604-1030x1030.jpg\" alt=\"Nurg\u00fcl Koluk\u0131r\u0131k\" class=\"wp-image-1379\"\/><\/a><figcaption> <strong>FAIRLASH<\/strong><\/figcaption><\/figure><\/div>\n\n\n\n<p><strong>Kayseri de \u0130pek Kirpik Yapan Yerler &amp; \u0130pek Kirpik Uzmanlar\u0131<\/strong> <\/p>\n","protected":false},"excerpt":{"rendered":"<p>\u0130pek Kirpik Kayseri Fairlash \u0130pek Kirpik Seti ve E\u011fitimi Fairlash olarak bir ipek kirpik e\u011fitimi dura\u011f\u0131m\u0131z daha oldu Kayseri\u2019de. Daha \u00f6ncesinde \u00e7a\u011fr\u0131 merkezimi aray\u0131p Kayseri\u2019de ipek kirpik merkeziniz var m\u0131 diye \u00e7ok soru ald\u0131\u011f\u0131m\u0131z i\u00e7in 4 Nisan da Kayseri\u2019de e\u011fitim vermeyi planlad\u0131k. Biz s\u00f6z verdi\u011fimiz gibi sal\u0131<\/p>\n","protected":false},"author":1,"featured_media":0,"parent":0,"menu_order":0,"comment_status":"closed","ping_status":"closed","template":"","meta":{"footnotes":""},"tags":[3,20],"class_list":["post-79","page","type-page","status-publish","hentry","tag-ipek-kirpik","tag-ipek-kirpik-kayseri"],"aioseo_notices":[],"_links":{"self":[{"href":"http:\/\/ipekkirpik.org\/index.php\/wp-json\/wp\/v2\/pages\/79","targetHints":{"allow":["GET"]}}],"collection":[{"href":"http:\/\/ipekkirpik.org\/index.php\/wp-json\/wp\/v2\/pages"}],"about":[{"href":"http:\/\/ipekkirpik.org\/index.php\/wp-json\/wp\/v2\/types\/page"}],"author":[{"embeddable":true,"href":"http:\/\/ipekkirpik.org\/index.php\/wp-json\/wp\/v2\/users\/1"}],"replies":[{"embeddable":true,"href":"http:\/\/ipekkirpik.org\/index.php\/wp-json\/wp\/v2\/comments?post=79"}],"version-history":[{"count":2,"href":"http:\/\/ipekkirpik.org\/index.php\/wp-json\/wp\/v2\/pages\/79\/revisions"}],"predecessor-version":[{"id":190,"href":"http:\/\/ipekkirpik.org\/index.php\/wp-json\/wp\/v2\/pages\/79\/revisions\/190"}],"wp:attachment":[{"href":"http:\/\/ipekkirpik.org\/index.php\/wp-json\/wp\/v2\/media?parent=79"}],"wp:term":[{"taxonomy":"post_tag","embeddable":true,"href":"http:\/\/ipekkirpik.org\/index.php\/wp-json\/wp\/v2\/tags?post=79"}],"curies":[{"name":"wp","href":"https:\/\/api.w.org\/{rel}","templated":true}]}}