{"id":76,"date":"2019-07-23T11:40:15","date_gmt":"2019-07-23T08:40:15","guid":{"rendered":"http:\/\/ipekkirpik.org\/?page_id=76"},"modified":"2019-07-23T11:40:15","modified_gmt":"2019-07-23T08:40:15","slug":"ipek-kirpik-yapan-yerler","status":"publish","type":"page","link":"http:\/\/ipekkirpik.org\/index.php\/ipek-kirpik-yapan-yerler\/","title":{"rendered":"\u0130pek Kirpik Yapan Yerler"},"content":{"rendered":"\n<p>T\u00fcrkiye genelinde sertifikal\u0131 ipek kirpik merkezleri bu sayfada yer  alacakt\u0131r. Bu Sayfada Yer Almak \u0130steyen Yerler \u0130leti\u015fim B\u00f6l\u00fcm\u00fcnden Mesaj  Ats\u0131nlar.<\/p>\n\n\n\n<p>\u00d6ncelikle takma kirpik ile ipek kirpik birbirinden farkl\u0131 \u015feylerdir. \nBunun haricinde ipek kirpik yan\u0131 s\u0131ra a\u015fa\u011f\u0131da s\u0131ralam\u0131\u015f oldu\u011fumuz ipek \nkirpik ile ayn\u0131 anlam\u0131 ta\u015f\u0131yan di\u011fer terimlerde ayn\u0131 anlam\u0131 \nta\u015f\u0131maktad\u0131r.<\/p>\n\n\n\n<ul class=\"wp-block-list\"><li>\nProtez Kirpik\n<\/li><li>\nKirpik Kayna\u011f\u0131\n<\/li><li>\nKal\u0131c\u0131 Kirpik\n<\/li><li>\nKal\u0131c\u0131 Takma Kirpik\n<\/li><\/ul>\n\n\n\n<h4 class=\"wp-block-heading\">T\u00fcrkiye Genelinde \u0130pek Kirpik Yapan Yerler Alfebetik S\u0131raya G\u00f6re S\u0131ralanm\u0131\u015ft\u0131r.<\/h4>\n\n\n\n<ul class=\"wp-block-list\"><li> Adana \u0130pek Kirpik Yapan Yerler <\/li><li> Ad\u0131yaman \u0130pek Kirpik Yapan Yerler <\/li><li> Afyon \u0130pek Kirpik Yapan Yerler <\/li><li> A\u011fr\u0131 \u0130pek Kirpik Yapan Yerler <\/li><li> Aksaray \u0130pek Kirpik Yapan Yerler <\/li><li> Amasya \u0130pek Kirpik Yapan Yerler <\/li><li> Ankara \u0130pek Kirpik Yapan Yerler <\/li><li> <a rel=\"noreferrer noopener\" aria-label=\" (yeni sekmede a\u00e7\u0131l\u0131r)\" href=\"http:\/\/www.ipekkirpik.org\/antalya-ipek-kirpik-yapan-yerler\" target=\"_blank\">Antalya \u0130pek Kirpik Yapan Yerler<\/a> <\/li><li> Ardahan \u0130pek Kirpik Yapan Yerler <\/li><li> Artvin \u0130pek Kirpik Yapan Yerler <\/li><li> Ayd\u0131n \u0130pek Kirpik Yapan Yerler <\/li><li> Bal\u0131kesir \u0130pek Kirpik Yapan Yerler <\/li><li> Bart\u0131n \u0130pek Kirpik Yapan Yerler <\/li><li> Batman \u0130pek Kirpik Yapan Yerler <\/li><li> Bayburt \u0130pek Kirpik Yapan Yerler <\/li><li> Bilecik \u0130pek Kirpik Yapan Yerler <\/li><li> Bing\u00f6l \u0130pek Kirpik Yapan Yerler <\/li><li> Bitlis \u0130pek Kirpik Yapan Yerler <\/li><li> Bolu \u0130pek Kirpik Yapan Yerler <\/li><li> Burdur \u0130pek Kirpik Yapan Yerler <\/li><li> Bursa \u0130pek Kirpik Yapan Yerler <\/li><li> \u00c7anakkale \u0130pek Kirpik Yapan Yerler <\/li><li> \u00c7ank\u0131r\u0131 \u0130pek Kirpik Yapan Yerler <\/li><li> \u00c7orum \u0130pek Kirpik Yapan Yerler <\/li><li> Denizli \u0130pek Kirpik Yapan Yerler <\/li><li> Diyarbak\u0131r \u0130pek Kirpik Yapan Yerler <\/li><li> D\u00fczce \u0130pek Kirpik Yapan Yerler <\/li><li> Edirne \u0130pek Kirpik Yapan Yerler <\/li><li> Elaz\u0131\u011f \u0130pek Kirpik Yapan Yerler <\/li><li> Erzincan \u0130pek Kirpik Yapan Yerler <\/li><li> Erzurum \u0130pek Kirpik Yapan Yerler <\/li><li> Eski\u015fehir \u0130pek Kirpik Yapan Yerler <\/li><li> Gaziantep \u0130pek Kirpik Yapan Yerler <\/li><li> Giresun \u0130pek Kirpik Yapan Yerler <\/li><li> G\u00fcm\u00fc\u015fhane \u0130pek Kirpik Yapan Yerler <\/li><li> Hakkari \u0130pek Kirpik Yapan Yerler <\/li><li> Hatay \u0130pek Kirpik Yapan Yerler <\/li><li> I\u011fd\u0131r \u0130pek Kirpik Yapan Yerler <\/li><li> Isparta \u0130pek Kirpik Yapan Yerler <\/li><li> \u0130stanbul \u0130pek Kirpik Yapan Yerler <\/li><li> \u0130zmir \u0130pek Kirpik Yapan Yerler <\/li><li> K.Mara\u015f \u0130pek Kirpik Yapan Yerler <\/li><li> Karab\u00fck \u0130pek Kirpik Yapan Yerler <\/li><li> Karaman \u0130pek Kirpik Yapan Yerler <\/li><li> Kars \u0130pek Kirpik Yapan Yerler <\/li><li> Kastamonu \u0130pek Kirpik Yapan Yerler <\/li><li> Kayseri \u0130pek Kirpik Yapan Yerler <\/li><li> K\u0131r\u0131kkale \u0130pek Kirpik Yapan Yerler <\/li><li> K\u0131rklareli \u0130pek Kirpik Yapan Yerler <\/li><li> K\u0131r\u015fehir \u0130pek Kirpik Yapan Yerler <\/li><li> Kilis \u0130pek Kirpik Yapan Yerler <\/li><li> Kocaeli \u0130pek Kirpik Yapan Yerler <\/li><li> <a href=\"http:\/\/www.ipekkirpik.org\/konya-ipek-kirpik-yapan-yerler\" target=\"_blank\" rel=\"noreferrer noopener\" aria-label=\" (yeni sekmede a\u00e7\u0131l\u0131r)\">Konya \u0130pek Kirpik Yapan Yerler<\/a> <\/li><li> K\u00fctahya \u0130pek Kirpik Yapan Yerler <\/li><li> Malatya \u0130pek Kirpik Yapan Yerler <\/li><li> Manisa \u0130pek Kirpik Yapan Yerler <\/li><li> Mardin \u0130pek Kirpik Yapan Yerler <\/li><li> Mersin \u0130pek Kirpik Yapan Yerler <\/li><li> Mu\u011fla \u0130pek Kirpik Yapan Yerler <\/li><li> Mu\u015f \u0130pek Kirpik Yapan Yerler <\/li><li> Nev\u015fehir \u0130pek Kirpik Yapan Yerler <\/li><li> Ni\u011fde \u0130pek Kirpik Yapan Yerler <\/li><li> Ordu \u0130pek Kirpik Yapan Yerler <\/li><li> Osmaniye \u0130pek Kirpik Yapan Yerler <\/li><li> Rize \u0130pek Kirpik Yapan Yerler <\/li><li> Sakarya \u0130pek Kirpik Yapan Yerler <\/li><li> Samsun \u0130pek Kirpik Yapan Yerler <\/li><li> Siirt \u0130pek Kirpik Yapan Yerler <\/li><li> Sinop \u0130pek Kirpik Yapan Yerler <\/li><li> Sivas \u0130pek Kirpik Yapan Yerler <\/li><li> \u015eanl\u0131urfa \u0130pek Kirpik Yapan Yerler <\/li><li> Tekirda\u011f \u0130pek Kirpik Yapan Yerler <\/li><li> Tokat \u0130pek Kirpik Yapan Yerler <\/li><li> Trabzon \u0130pek Kirpik Yapan Yerler <\/li><li> Tunceli \u0130pek Kirpik Yapan Yerler <\/li><li> U\u015fak \u0130pek Kirpik Yapan Yerler <\/li><li> Van \u0130pek Kirpik Yapan Yerler <\/li><li> Yalova \u0130pek Kirpik Yapan Yerler <\/li><li> Yozgat \u0130pek Kirpik Yapan Yerler <\/li><li> Zonguldak \u0130pek Kirpik Yapan Yerler <\/li><\/ul>\n","protected":false},"excerpt":{"rendered":"<p>T\u00fcrkiye genelinde sertifikal\u0131 ipek kirpik merkezleri bu sayfada yer alacakt\u0131r. Bu Sayfada Yer Almak \u0130steyen Yerler \u0130leti\u015fim B\u00f6l\u00fcm\u00fcnden Mesaj Ats\u0131nlar. \u00d6ncelikle takma kirpik ile ipek kirpik birbirinden farkl\u0131 \u015feylerdir. Bunun haricinde ipek kirpik yan\u0131 s\u0131ra a\u015fa\u011f\u0131da s\u0131ralam\u0131\u015f oldu\u011fumuz ipek kirpik ile ayn\u0131 anlam\u0131 ta\u015f\u0131yan di\u011fer terimlerde ayn\u0131<\/p>\n","protected":false},"author":1,"featured_media":0,"parent":0,"menu_order":0,"comment_status":"closed","ping_status":"closed","template":"","meta":{"footnotes":""},"tags":[],"class_list":["post-76","page","type-page","status-publish","hentry"],"aioseo_notices":[],"_links":{"self":[{"href":"http:\/\/ipekkirpik.org\/index.php\/wp-json\/wp\/v2\/pages\/76","targetHints":{"allow":["GET"]}}],"collection":[{"href":"http:\/\/ipekkirpik.org\/index.php\/wp-json\/wp\/v2\/pages"}],"about":[{"href":"http:\/\/ipekkirpik.org\/index.php\/wp-json\/wp\/v2\/types\/page"}],"author":[{"embeddable":true,"href":"http:\/\/ipekkirpik.org\/index.php\/wp-json\/wp\/v2\/users\/1"}],"replies":[{"embeddable":true,"href":"http:\/\/ipekkirpik.org\/index.php\/wp-json\/wp\/v2\/comments?post=76"}],"version-history":[{"count":1,"href":"http:\/\/ipekkirpik.org\/index.php\/wp-json\/wp\/v2\/pages\/76\/revisions"}],"predecessor-version":[{"id":78,"href":"http:\/\/ipekkirpik.org\/index.php\/wp-json\/wp\/v2\/pages\/76\/revisions\/78"}],"wp:attachment":[{"href":"http:\/\/ipekkirpik.org\/index.php\/wp-json\/wp\/v2\/media?parent=76"}],"wp:term":[{"taxonomy":"post_tag","embeddable":true,"href":"http:\/\/ipekkirpik.org\/index.php\/wp-json\/wp\/v2\/tags?post=76"}],"curies":[{"name":"wp","href":"https:\/\/api.w.org\/{rel}","templated":true}]}}