{"id":73,"date":"2019-07-23T11:36:10","date_gmt":"2019-07-23T08:36:10","guid":{"rendered":"http:\/\/ipekkirpik.org\/?page_id=73"},"modified":"2019-07-23T11:36:10","modified_gmt":"2019-07-23T08:36:10","slug":"sorulariniz-ve-yanitlari","status":"publish","type":"page","link":"http:\/\/ipekkirpik.org\/index.php\/sorulariniz-ve-yanitlari\/","title":{"rendered":"Sorular\u0131n\u0131z ve Yan\u0131tlar\u0131"},"content":{"rendered":"\n<p>3D \u0130pek kirpik, protez kirpik uzatma takma kirpik ve kirpik \ng\u00fcrle\u015ftirme ile ilgili merak etti\u011finiz her \u015feyi bu sayfan\u0131n alt\u0131na yorum\n yaparak sorabilirsiniz.<\/p>\n\n\n\n<p>T\u00fcrkiye\u2019de ilk kez profesyonel maky\u00f6z Nurg\u00fcl Koluk\u0131r\u0131k taraf\u0131ndan \nyurtd\u0131\u015f\u0131 seyahatinde yeni trendler av\u0131nda ke\u015ffetti\u011fi ve bak\u0131ml\u0131 olmay\u0131 \nseven T\u00fcrk kad\u0131nlar\u0131 i\u00e7in getirmi\u015f oldu\u011fu 3D \u0130pek Kirpik \u00fc\u00e7 boyutlu ipek\n kirpik ile d\u00fcnyada sadece Hollywood y\u0131ld\u0131zlar\u0131 ve \u00fcnl\u00fc modellerin \nkullanm\u0131\u015f oldu\u011fu 3D \u0130pek Kirpik uygulamas\u0131 d\u00fcnya \u00fczerinde yakla\u015f\u0131k 3 \ny\u0131ld\u0131r uygulanmaktad\u0131r.<br>\nT\u00fcrkiye\u2019de \u00e7ok yeni olan bu sistemi hen\u00fcz bir\u00e7ok maky\u00f6z ve estetiysen \nbilmemektedir ve bu bilinmeyen en son teknoloji protez kirpik \nuygulamas\u0131n\u0131n ad\u0131 3D \u0130pek Kirpik dir.<\/p>\n\n\n\n<p>Bir\u00e7ok ki\u015fi 3D \u0130pek Kirpik uygulamas\u0131n\u0131n normal g\u00fcnl\u00fck takma \nkirpiklerin yap\u0131\u015ft\u0131r\u0131c\u0131 ile uygulanmad\u0131\u011f\u0131n\u0131 d\u00fc\u015f\u00fcnmektedir. G\u00fcnl\u00fck tek \npar\u00e7a takma kirpiklerin tak\u0131lmas\u0131 ile kesinlikle alakas\u0131 yoktur.<br>\n3D \u0130pek Kirpik \u00e7ok \u00f6zel bir uygulama ve e\u011fitim gerektiren \nkirpiklerinizin hi\u00e7 olmad\u0131\u011f\u0131 kadar g\u00fcr ve istedi\u011finiz kadar uzunlukta \nolmas\u0131n\u0131 sa\u011flayan bir \u0130PEK K\u0130RP\u0130K uygulamad\u0131r bu uygulaman\u0131n ad\u0131 3D \u0130pek\n Kirpik uygulamas\u0131d\u0131r. .<\/p>\n\n\n\n<p>Normal ipek kirpik uygulamas\u0131nda \u015fik\u00e2yet edilen konular\u0131n ba\u015f\u0131nda \u00e7ok\n fazla bir fark olmad\u0131\u011f\u0131 beklenilen gibi yeterince uzun ve g\u00fcr \nkirpiklere sahip olmad\u0131\u011f\u0131 ve yap\u0131l\u0131\u015f esnas\u0131nda yap\u0131\u015ft\u0131r\u0131c\u0131n\u0131n kokusunun \ng\u00f6zleri rahats\u0131z etti\u011fiydi.<\/p>\n\n\n\n<p>3D \u0130pek Kirpik uygulas\u0131n da istedi\u011fini dolgunluk ve uzunlukta 3 at \ns\u00fcre ile kal\u0131c\u0131 kirpiklere sahip olabiliyorsunuz. Ve uygulama esnas\u0131nda \ns\u0131radan ipek kirpik uygulamalar\u0131ndaki g\u00f6zleri rahats\u0131z eden koku 3D \u0130pek\n Kirpik yap\u0131\u015ft\u0131r\u0131c\u0131s\u0131 ve s\u00f6k\u00fcc\u00fcs\u00fcnde kesinlikle yok.<\/p>\n\n\n\n<h4 class=\"wp-block-heading\">&nbsp;3D \u0130pek Kirpik Hakk\u0131nda Merak Ettiklerinizi Bu Sayfada Yorum Yaparak Sorabilirsiniz.<\/h4>\n","protected":false},"excerpt":{"rendered":"<p>3D \u0130pek kirpik, protez kirpik uzatma takma kirpik ve kirpik g\u00fcrle\u015ftirme ile ilgili merak etti\u011finiz her \u015feyi bu sayfan\u0131n alt\u0131na yorum yaparak sorabilirsiniz. T\u00fcrkiye\u2019de ilk kez profesyonel maky\u00f6z Nurg\u00fcl Koluk\u0131r\u0131k taraf\u0131ndan yurtd\u0131\u015f\u0131 seyahatinde yeni trendler av\u0131nda ke\u015ffetti\u011fi ve bak\u0131ml\u0131 olmay\u0131 seven T\u00fcrk kad\u0131nlar\u0131 i\u00e7in getirmi\u015f oldu\u011fu 3D<\/p>\n","protected":false},"author":1,"featured_media":0,"parent":0,"menu_order":0,"comment_status":"closed","ping_status":"closed","template":"","meta":{"footnotes":""},"tags":[],"class_list":["post-73","page","type-page","status-publish","hentry"],"aioseo_notices":[],"_links":{"self":[{"href":"http:\/\/ipekkirpik.org\/index.php\/wp-json\/wp\/v2\/pages\/73","targetHints":{"allow":["GET"]}}],"collection":[{"href":"http:\/\/ipekkirpik.org\/index.php\/wp-json\/wp\/v2\/pages"}],"about":[{"href":"http:\/\/ipekkirpik.org\/index.php\/wp-json\/wp\/v2\/types\/page"}],"author":[{"embeddable":true,"href":"http:\/\/ipekkirpik.org\/index.php\/wp-json\/wp\/v2\/users\/1"}],"replies":[{"embeddable":true,"href":"http:\/\/ipekkirpik.org\/index.php\/wp-json\/wp\/v2\/comments?post=73"}],"version-history":[{"count":1,"href":"http:\/\/ipekkirpik.org\/index.php\/wp-json\/wp\/v2\/pages\/73\/revisions"}],"predecessor-version":[{"id":75,"href":"http:\/\/ipekkirpik.org\/index.php\/wp-json\/wp\/v2\/pages\/73\/revisions\/75"}],"wp:attachment":[{"href":"http:\/\/ipekkirpik.org\/index.php\/wp-json\/wp\/v2\/media?parent=73"}],"wp:term":[{"taxonomy":"post_tag","embeddable":true,"href":"http:\/\/ipekkirpik.org\/index.php\/wp-json\/wp\/v2\/tags?post=73"}],"curies":[{"name":"wp","href":"https:\/\/api.w.org\/{rel}","templated":true}]}}