{"id":70,"date":"2019-07-23T11:35:47","date_gmt":"2019-07-23T08:35:47","guid":{"rendered":"http:\/\/ipekkirpik.org\/?page_id=70"},"modified":"2019-07-23T11:35:47","modified_gmt":"2019-07-23T08:35:47","slug":"master-class-kirpik-egitimi","status":"publish","type":"page","link":"http:\/\/ipekkirpik.org\/index.php\/master-class-kirpik-egitimi\/","title":{"rendered":"Master Class Kirpik E\u011fitimi"},"content":{"rendered":"\n<h2 class=\"wp-block-heading\">Master Class Kirpik E\u011fitimi<\/h2>\n\n\n\n<p>Kariyer Plan\u0131n\u0131z i\u00e7in En iyi ve En Kolay Ba\u015flang\u0131\u00e7 Yapmak \u0130stiyorsan\u0131z Sizleri de \u0130pek Kirpik E\u011fitimi Bekliyoruz<\/p>\n\n\n\n<div class=\"wp-block-image\"><figure class=\"alignleft\"><a href=\"https:\/\/web.archive.org\/web\/20181111030612\/http:\/\/www.ipekkirpik.org\/wp-content\/uploads\/2017\/01\/Nurg\u00fcl-Koluk\u0131r\u0131k.jpg\"><img decoding=\"async\" src=\"https:\/\/web.archive.org\/web\/20181111030612im_\/http:\/\/www.ipekkirpik.org\/wp-content\/uploads\/2017\/01\/Nurg\u00fcl-Koluk\u0131r\u0131k-200x300.jpg\" alt=\"Nurg\u00fcl Koluk\u0131r\u0131k\" class=\"wp-image-1350\"\/><\/a><figcaption> Nurg\u00fcl Koluk\u0131r\u0131k <\/figcaption><\/figure><\/div>\n\n\n\n<h2 class=\"wp-block-heading\">MASTER CLASS \u0130PEK K\u0130RP\u0130K E\u011e\u0130T\u0130M\u0130 4 G\u00dcN<\/h2>\n\n\n\n<p>\u2022&nbsp;&nbsp; &nbsp;Ipek kirpik \u00fczerine bir merkez a\u00e7may\u0131 d\u00fc\u015f\u00fcn\u00fcn ki\u015filer i\u00e7in geni\u015f kapsaml\u0131 bir e\u011fitimdir.<br>\n\u2022&nbsp;&nbsp; &nbsp;2 g\u00fcn boyunca t\u00fcm kirpik \u00e7e\u015fitleri ve uygulamalar\u0131 hakk\u0131nda hem \nteknik bilgi hem de teorik bilgi alarak E\u011fitim vermeye yetkili bir uzman\n olabilirsiniz.<\/p>\n\n\n\n<p>1 . G\u00fcn<br>\n\u0130lk g\u00fcn Cans\u0131z Model Kafalar e\u015fli\u011finde Tekli \u0130pek Kirpik tak\u0131m\u0131 tekni\u011fini g\u00f6r\u00fcyorsunuz.<br>\nBa\u015flamadan \u00f6nce \u0130pek Kirpik Kitap\u00e7\u0131\u011f\u0131m\u0131z\u0131 inceliyoruz. \u0130pek kirpik \nnedir, \u00e7e\u015fitleri , k\u0131vr\u0131mlar\u0131 bunun \u00fczerine teknik bilgi al\u0131yorsunuz.<br>\nEl tutu\u015funuz, kirpikleri ekim tekni\u011finiz ve h\u0131z\u0131na g\u00f6re programa devam ediyorsunuz .<\/p>\n\n\n\n<p>2. G\u00fcn<br>\n\u0130kinci g\u00fcn ise oldu\u011funuz Canl\u0131 Model \u00fczerinde uygulamaya ba\u015fl\u0131yoruz.<br>\nSonunda ise iki g\u00f6z\u00fc birden e\u015fit \u00e7\u0131kartabilen ve uygulamay\u0131 \ntamamlayabilen ki\u015filerin E\u011fitimini sonland\u0131r\u0131yoruz. Ortalama bir saat \nyoktur. Tamimiyle el h\u0131z\u0131n\u0131zla alakal\u0131 s\u00fcre azalabilir , artabilir.<br>\n\u00d6nemli olan bir uygulamay\u0131 tamamlamak<\/p>\n\n\n\n<p>3.G\u00fcn<br>\n\u0130kinci g\u00fcn ile \u00dc\u00e7\u00fcnc\u00fc g\u00fcnki E\u011fitiminiz aras\u0131nda en az iki g\u00fcn olmas\u0131 \nlaz\u0131m. O esnada bol bol pratik yapmal\u0131 ve bizlere \u00e7al\u0131\u015fmalar\u0131n\u0131z\u0131 \ng\u00f6stermelisiniz.<br>\nSonras\u0131nda ise \u00fc\u00e7\u00fcnc\u00fc g\u00fcne ba\u015flayabilirsiniz , bu uygulamalar\u0131 g\u00f6stermeden bug\u00fcn ki E\u011fitim Mod\u00fcl\u00fcne ge\u00e7emezsiniz .<br>\n\u00dc\u00e7\u00fcnce g\u00fcn program\u0131n\u0131zda ise<br>\n3D ( W Lash )<br>\n6D ( Volumlash )<br>\nCanl\u0131 Model \u00fczerinde her iki sistemi birden denemeli ve ba\u015far\u0131l\u0131 olmal\u0131s\u0131n\u0131z .<\/p>\n\n\n\n<p>4. G\u00fcn<\/p>\n\n\n\n<p>Bu safhada iki uygulama daha g\u00f6rmek istiyorsunuz.<br> E\u011fitim mod\u00fcl\u00fcne ge\u00e7ti\u011finizde ise Fairlash \u0130pek Kirpik Uzman\u0131 yard\u0131m\u0131 olmadan uygulamay\u0131 bitirmenizi bekliyoruz.<br> Uygulama bittikten sonra ise bize Model inizin numaras\u0131n\u0131 b\u0131rak\u0131yorsunuz<br> 3 hafta sonra biz kendisini aray\u0131p<br> D\u00f6k\u00fclme var m\u0131\u00a0 yok mu ?<br> Batma hissettiiz mi ?<br> Kullan\u0131mda herhangi bir sorun ya\u015fand\u0131 m\u0131 ?<br> Tekrar yapt\u0131rmak ister misiniz ?<br> E\u011fer bu sorular\u0131n Cevaplar\u0131 olumlu olur ise<br> Uygulama yapmaya ve E\u011fitim Vermeye Yetkili Master Sertifikan\u0131z\u0131 almaya hak kazanm\u0131\u015f oluyorsunuz .<\/p>\n\n\n\n<figure class=\"wp-block-embed-youtube wp-block-embed is-type-video is-provider-youtube wp-embed-aspect-4-3 wp-has-aspect-ratio\"><div class=\"wp-block-embed__wrapper\">\n<iframe loading=\"lazy\" title=\"Gaziantep \u0130pek Kirpik Semineri\" width=\"600\" height=\"450\" src=\"https:\/\/www.youtube.com\/embed\/vKZJKSlHLHs?feature=oembed\" frameborder=\"0\" allow=\"accelerometer; autoplay; clipboard-write; encrypted-media; gyroscope; picture-in-picture; web-share\" referrerpolicy=\"strict-origin-when-cross-origin\" allowfullscreen><\/iframe>\n<\/div><\/figure>\n\n\n\n<figure class=\"wp-block-embed-youtube wp-block-embed is-type-video is-provider-youtube wp-embed-aspect-16-9 wp-has-aspect-ratio\"><div class=\"wp-block-embed__wrapper\">\n<iframe loading=\"lazy\" title=\"\u0130pek Kirpik Gaziantep\" width=\"600\" height=\"338\" src=\"https:\/\/www.youtube.com\/embed\/exGAE8k3Yts?feature=oembed\" frameborder=\"0\" allow=\"accelerometer; autoplay; clipboard-write; encrypted-media; gyroscope; picture-in-picture; web-share\" referrerpolicy=\"strict-origin-when-cross-origin\" allowfullscreen><\/iframe>\n<\/div><\/figure>\n\n\n\n<figure class=\"wp-block-embed-youtube wp-block-embed is-type-video is-provider-youtube wp-embed-aspect-4-3 wp-has-aspect-ratio\"><div class=\"wp-block-embed__wrapper\">\n<iframe loading=\"lazy\" title=\"\u0130pek Kirpik Semineri Ankara\" width=\"600\" height=\"450\" src=\"https:\/\/www.youtube.com\/embed\/2bTWW2oN4Zs?feature=oembed\" frameborder=\"0\" allow=\"accelerometer; autoplay; clipboard-write; encrypted-media; gyroscope; picture-in-picture; web-share\" referrerpolicy=\"strict-origin-when-cross-origin\" allowfullscreen><\/iframe>\n<\/div><\/figure>\n\n\n\n<p><\/p>\n","protected":false},"excerpt":{"rendered":"<p>Master Class Kirpik E\u011fitimi Kariyer Plan\u0131n\u0131z i\u00e7in En iyi ve En Kolay Ba\u015flang\u0131\u00e7 Yapmak \u0130stiyorsan\u0131z Sizleri de \u0130pek Kirpik E\u011fitimi Bekliyoruz MASTER CLASS \u0130PEK K\u0130RP\u0130K E\u011e\u0130T\u0130M\u0130 4 G\u00dcN \u2022&nbsp;&nbsp; &nbsp;Ipek kirpik \u00fczerine bir merkez a\u00e7may\u0131 d\u00fc\u015f\u00fcn\u00fcn ki\u015filer i\u00e7in geni\u015f kapsaml\u0131 bir e\u011fitimdir. \u2022&nbsp;&nbsp; &nbsp;2 g\u00fcn boyunca t\u00fcm<\/p>\n","protected":false},"author":1,"featured_media":0,"parent":0,"menu_order":0,"comment_status":"closed","ping_status":"closed","template":"","meta":{"footnotes":""},"tags":[],"class_list":["post-70","page","type-page","status-publish","hentry"],"aioseo_notices":[],"_links":{"self":[{"href":"http:\/\/ipekkirpik.org\/index.php\/wp-json\/wp\/v2\/pages\/70","targetHints":{"allow":["GET"]}}],"collection":[{"href":"http:\/\/ipekkirpik.org\/index.php\/wp-json\/wp\/v2\/pages"}],"about":[{"href":"http:\/\/ipekkirpik.org\/index.php\/wp-json\/wp\/v2\/types\/page"}],"author":[{"embeddable":true,"href":"http:\/\/ipekkirpik.org\/index.php\/wp-json\/wp\/v2\/users\/1"}],"replies":[{"embeddable":true,"href":"http:\/\/ipekkirpik.org\/index.php\/wp-json\/wp\/v2\/comments?post=70"}],"version-history":[{"count":1,"href":"http:\/\/ipekkirpik.org\/index.php\/wp-json\/wp\/v2\/pages\/70\/revisions"}],"predecessor-version":[{"id":72,"href":"http:\/\/ipekkirpik.org\/index.php\/wp-json\/wp\/v2\/pages\/70\/revisions\/72"}],"wp:attachment":[{"href":"http:\/\/ipekkirpik.org\/index.php\/wp-json\/wp\/v2\/media?parent=70"}],"wp:term":[{"taxonomy":"post_tag","embeddable":true,"href":"http:\/\/ipekkirpik.org\/index.php\/wp-json\/wp\/v2\/tags?post=70"}],"curies":[{"name":"wp","href":"https:\/\/api.w.org\/{rel}","templated":true}]}}