{"id":67,"date":"2019-07-23T11:33:33","date_gmt":"2019-07-23T08:33:33","guid":{"rendered":"http:\/\/ipekkirpik.org\/?page_id=67"},"modified":"2019-07-23T11:33:33","modified_gmt":"2019-07-23T08:33:33","slug":"volume-kirpik-egitimi","status":"publish","type":"page","link":"http:\/\/ipekkirpik.org\/index.php\/volume-kirpik-egitimi\/","title":{"rendered":"Volume Kirpik E\u011fitimi"},"content":{"rendered":"\n<h4 class=\"wp-block-heading\">Volume Kirpik E\u011fitimi<\/h4>\n\n\n\n<p>Kariyer Plan\u0131n\u0131z i\u00e7in En iyi ve En Kolay Ba\u015flang\u0131\u00e7 Yapmak \u0130stiyorsan\u0131z Sizleri de \u0130pek Kirpik E\u011fitimi Bekliyoruz .<\/p>\n\n\n\n<h4 class=\"wp-block-heading\"><a href=\"https:\/\/web.archive.org\/web\/20180906084430\/http:\/\/www.ipekkirpik.org\/wp-content\/uploads\/2017\/01\/\u0130pek-Kirpik-E\u011fitimi-5.jpg\"><\/a>VOLUME&nbsp; 2 G\u00dcNL\u00dcK&nbsp;&nbsp; E\u011e\u0130T\u0130M<\/h4>\n\n\n\n<p>\u2022&nbsp;&nbsp; &nbsp;Yeni teknik olan bu e\u011fitim Yo\u011funla\u015ft\u0131rma ama\u00e7l\u0131 \u00e7al\u0131\u015fan ipek kirpik uzmanlar\u0131 i\u00e7indir.<br>\n\u2022&nbsp;&nbsp; &nbsp;Zaten ipek kirpik uygulamas\u0131 yap\u0131yor olup 6d tekni\u011fini bilmeyenler i\u00e7in ge\u00e7erlidir.<br>\n\u2022&nbsp;&nbsp; &nbsp;Birebir E\u011fitimdir.<br>\n\u2022&nbsp;&nbsp; &nbsp;Canl\u0131 model \u00fczerinde uygulama E\u011fitmen ve ile birlikte ger\u00e7ekle\u015fir.<br>\n\u2022&nbsp;&nbsp; &nbsp;Sonras\u0131nda teknik olarak destek sa\u011flanmaktad\u0131r.<br>\n\u2022&nbsp;&nbsp; &nbsp;E\u011fitim sonras\u0131nda Sertifika verilir<br>\n\u2022&nbsp;&nbsp; &nbsp;Ba\u015flamadan \u00f6nce \u0130pek Kirpik Kitap\u00e7\u0131\u011f\u0131m\u0131z\u0131 inceliyoruz. \u0130pek kirpik \nnedir , \u00e7e\u015fitleri , k\u0131vr\u0131mlar\u0131 bunun \u00fczerine teknik bilgi al\u0131yorsunuz.<\/p>\n\n\n\n<div class=\"wp-block-image\"><figure class=\"alignright\"><a href=\"https:\/\/web.archive.org\/web\/20180906084430\/http:\/\/www.ipekkirpik.org\/wp-content\/uploads\/2017\/01\/Nurg\u00fcl-Koluk\u0131r\u0131k.jpg\"><img decoding=\"async\" src=\"https:\/\/web.archive.org\/web\/20180906084430im_\/http:\/\/www.ipekkirpik.org\/wp-content\/uploads\/2017\/01\/Nurg\u00fcl-Koluk\u0131r\u0131k-200x300.jpg\" alt=\"Nurg\u00fcl Koluk\u0131r\u0131k\" class=\"wp-image-1350\"\/><\/a><\/figure><\/div>\n\n\n\n<p>\u0130lk g\u00fcn Cans\u0131z Model Kafalar e\u015fli\u011finde Tekli \u0130pek Kirpik tak\u0131m\u0131 tekni\u011fini g\u00f6r\u00fcyorsunuz .<br>\nBa\u015flamadan \u00f6nce \u0130pek Kirpik Kitap\u00e7\u0131\u011f\u0131m\u0131z\u0131 inceliyoruz. \u0130pek kirpik nedir\n , \u00e7e\u015fitleri , k\u0131vr\u0131mlar\u0131 bunun \u00fczerine teknik bilgi al\u0131yorsunuz.<br>\nEl tutu\u015funuz , kirpikleri ekim tekni\u011finiz ve h\u0131z\u0131na g\u00f6re programa devam ediyorsunuz .<\/p>\n\n\n\n<p>\u0130kinci g\u00fcn ise oldu\u011funuz Canl\u0131 Model \u00fczerinde uygulamaya ba\u015fl\u0131yoruz.<br>\nSonunda ise iki g\u00f6z\u00fc birden e\u015fit \u00e7\u0131kartabilen ve uygulamay\u0131 \ntamamlayabilen ki\u015filerin E\u011fitimini sonland\u0131r\u0131yoruz. Ortalama bir saat \nyoktur. Tamimiyle el h\u0131z\u0131n\u0131zla alakal\u0131 s\u00fcre azalabilir , artabilir.<br>\n\u00d6nemli olan bir uygulamay\u0131 tamamlamak<br>\nSonras\u0131nda ise bolca pratik yapman\u0131z gerekli .<\/p>\n\n\n\n<p>Yapm\u0131\u015f oldu\u011funuz ilk 5 uygulamay\u0131 \u00d6ncesi ve Sonras\u0131 yaparak bize whatsapp \u00fczerinden yollarsan\u0131z , yorum yapabiliyoruz<\/p>\n\n\n\n<p>Sonras\u0131nda ise Web sitemizde \u0130pek Kirpik Noktas\u0131 olmaya hak kazan\u0131yorsunuz .<\/p>\n\n\n\n<figure class=\"wp-block-embed-youtube aligncenter wp-block-embed is-type-video is-provider-youtube wp-embed-aspect-16-9 wp-has-aspect-ratio\"><div class=\"wp-block-embed__wrapper\">\n<iframe loading=\"lazy\" title=\"\u0130pek Kirpik\" width=\"600\" height=\"338\" src=\"https:\/\/www.youtube.com\/embed\/Z0xVKx4QdDY?feature=oembed\" frameborder=\"0\" allow=\"accelerometer; autoplay; clipboard-write; encrypted-media; gyroscope; picture-in-picture; web-share\" referrerpolicy=\"strict-origin-when-cross-origin\" allowfullscreen><\/iframe>\n<\/div><\/figure>\n","protected":false},"excerpt":{"rendered":"<p>Volume Kirpik E\u011fitimi Kariyer Plan\u0131n\u0131z i\u00e7in En iyi ve En Kolay Ba\u015flang\u0131\u00e7 Yapmak \u0130stiyorsan\u0131z Sizleri de \u0130pek Kirpik E\u011fitimi Bekliyoruz . VOLUME&nbsp; 2 G\u00dcNL\u00dcK&nbsp;&nbsp; E\u011e\u0130T\u0130M \u2022&nbsp;&nbsp; &nbsp;Yeni teknik olan bu e\u011fitim Yo\u011funla\u015ft\u0131rma ama\u00e7l\u0131 \u00e7al\u0131\u015fan ipek kirpik uzmanlar\u0131 i\u00e7indir. \u2022&nbsp;&nbsp; &nbsp;Zaten ipek kirpik uygulamas\u0131 yap\u0131yor olup 6d tekni\u011fini<\/p>\n","protected":false},"author":1,"featured_media":0,"parent":0,"menu_order":0,"comment_status":"closed","ping_status":"closed","template":"","meta":{"footnotes":""},"tags":[],"class_list":["post-67","page","type-page","status-publish","hentry"],"aioseo_notices":[],"_links":{"self":[{"href":"http:\/\/ipekkirpik.org\/index.php\/wp-json\/wp\/v2\/pages\/67","targetHints":{"allow":["GET"]}}],"collection":[{"href":"http:\/\/ipekkirpik.org\/index.php\/wp-json\/wp\/v2\/pages"}],"about":[{"href":"http:\/\/ipekkirpik.org\/index.php\/wp-json\/wp\/v2\/types\/page"}],"author":[{"embeddable":true,"href":"http:\/\/ipekkirpik.org\/index.php\/wp-json\/wp\/v2\/users\/1"}],"replies":[{"embeddable":true,"href":"http:\/\/ipekkirpik.org\/index.php\/wp-json\/wp\/v2\/comments?post=67"}],"version-history":[{"count":1,"href":"http:\/\/ipekkirpik.org\/index.php\/wp-json\/wp\/v2\/pages\/67\/revisions"}],"predecessor-version":[{"id":69,"href":"http:\/\/ipekkirpik.org\/index.php\/wp-json\/wp\/v2\/pages\/67\/revisions\/69"}],"wp:attachment":[{"href":"http:\/\/ipekkirpik.org\/index.php\/wp-json\/wp\/v2\/media?parent=67"}],"wp:term":[{"taxonomy":"post_tag","embeddable":true,"href":"http:\/\/ipekkirpik.org\/index.php\/wp-json\/wp\/v2\/tags?post=67"}],"curies":[{"name":"wp","href":"https:\/\/api.w.org\/{rel}","templated":true}]}}