{"id":60,"date":"2019-07-23T11:30:00","date_gmt":"2019-07-23T08:30:00","guid":{"rendered":"http:\/\/ipekkirpik.org\/?page_id=60"},"modified":"2022-04-20T09:51:53","modified_gmt":"2022-04-20T06:51:53","slug":"ipek-kirpik-seti-mix-set","status":"publish","type":"page","link":"http:\/\/ipekkirpik.org\/index.php\/ipek-kirpik-seti-mix-set\/","title":{"rendered":"\u0130pek Kirpik Seti Mix Set"},"content":{"rendered":"\n<div class=\"wp-block-image\"><figure class=\"aligncenter size-full\"><img loading=\"lazy\" decoding=\"async\" width=\"1024\" height=\"768\" src=\"http:\/\/ipekkirpik.org\/wp-content\/uploads\/2022\/04\/Ipek-Kirpik-Seti-Mix-Set.jpg\" alt=\"\u0130pek Kirpik Seti Mix Set\" class=\"wp-image-253\" srcset=\"http:\/\/ipekkirpik.org\/wp-content\/uploads\/2022\/04\/Ipek-Kirpik-Seti-Mix-Set.jpg 1024w, http:\/\/ipekkirpik.org\/wp-content\/uploads\/2022\/04\/Ipek-Kirpik-Seti-Mix-Set-300x225.jpg 300w, http:\/\/ipekkirpik.org\/wp-content\/uploads\/2022\/04\/Ipek-Kirpik-Seti-Mix-Set-768x576.jpg 768w\" sizes=\"auto, (max-width: 1024px) 100vw, 1024px\" \/><figcaption>\u0130pek Kirpik Seti Mix Set<\/figcaption><\/figure><\/div>\n\n\n\n<h4 class=\"wp-block-heading\">\u0130pek Kirpik Seti Mix Set<\/h4>\n\n\n\n<p>3 farkl\u0131 \u0130pek Kirpik Seti \u00e7e\u015fitlili\u011fine yeni birini daha ekliyoruz. Normalde var olan Setlerimiz ;<\/p>\n\n\n\n<ul class=\"wp-block-list\"><li>D\u00f6kme \u0130pek Kirpik Ba\u015flang\u0131\u00e7<\/li><li>Profesyonel \u0130pek Kirpik Seti<\/li><li>Profesyonel \u0130pek Kirpik 3d Set<\/li><li>6D \u0130pek Kirpik Seti Profesyonel<\/li><li>Mix &nbsp; \u0130pek Kirpik Seti<\/li><li>Delux \u0130pek Kirpik Seti Profesyonel<\/li><\/ul>\n\n\n\n<p>\u00d6ncelikli olarak bunlar\u0131 a\u00e7\u0131klamak istiyoruz.<\/p>\n\n\n\n<p><strong><a href=\"http:\/\/ipekkirpik.mobi\/ipek-kirpik-seti-mix\">Delux \u0130pek Kirpik Seti Profesyonel <\/a>: <\/strong>Birden  fazla uzmanla birlikte \u00e7al\u0131\u015fmay\u0131 d\u00fc\u015f\u00fcnen \u0130pek kirpik Merkezleri  i\u00e7indir. \u0130pek kirpik in T\u00fcm \u00e7e\u015fitlerini ( ta\u015fl\u0131lar ve renkli ipek  kirpikler , 3D-6D \u0130pek Kirpikler, tekli ipek kirpikler ve di\u011fer t\u00fcm  malzemeler ) i\u00e7erisinde bar\u0131nd\u0131r\u0131r. <a href=\"http:\/\/ipekkirpik.mobi\/ipek-kirpik-seti-mix\">Delux \u0130pek kirpik seti <\/a>ni g\u00f6rmek i\u00e7in t\u0131klayabilirsiniz.<\/p>\n\n\n\n<p><strong><a href=\"http:\/\/www.ipekkirpik.org\/ipek-kirpik-seti-baslangic-set\">6D \u0130pek Kirpik Seti Profesyonel : <\/a><\/strong>Kapsaml\u0131  bir i\u00e7eri\u011fe sahip olan Profesyonel 6D \u0130pek Kirpik Setimiz sadece  kirpiklerinin \u00e7ok daha yo\u011fun olmas\u0131n\u0131 isteyen m\u00fc\u015fterilerimize tavsiye  etti\u011fimiz bir \u00fcr\u00fcn\u00fcm\u00fczd\u00fcr. \u0130leri d\u00fczey bir yo\u011funluk sa\u011flar. En kusursuz  bak\u0131\u015flar\u0131n\u0131za \u0131\u015f\u0131k tutar.<\/p>\n\n\n\n<p><strong><a href=\"http:\/\/www.ipekkirpik.org\/ipek-kirpik-seti-baslangic-set\">D\u00f6kme \u0130pek Kirpik Ba\u015flang\u0131\u00e7 <\/a>&nbsp;&nbsp;<\/strong>  : Bu i\u015fe yeni ba\u015flayan veya yap\u0131p yapmamak ile arada kalan ki\u015filer  i\u00e7indir. \u0130pek kirpik kalitesi vs ayn\u0131 fakat adet olarak daha azd\u0131r. Yar\u0131  profesyonel bir settir.<br> <strong>D\u00f6kme \u0130pek Kirpik Ba\u015flang\u0131\u00e7&nbsp;<\/strong> : 3 adet d\u00f6kme kirpik ve 1  adet s\u0131ral\u0131 tekli ipek kirpik farkl\u0131 boylarda. Daha \u00e7ok ba\u015flang\u0131\u00e7  d\u00fczeyindeki m\u00fc\u015fterilerimiz i\u00e7in tavsiye etti\u011fimiz bir \u00fcr\u00fcnd\u00fcr.<\/p>\n\n\n\n<p><strong><a href=\"http:\/\/www.ipekkirpik.org\/ipek-kirpik-seti-baslangic-set\" target=\"_blank\" rel=\"noreferrer noopener\" aria-label=\" (yeni sekmede a\u00e7\u0131l\u0131r)\">Ba\u015flang\u0131\u00e7 \u0130pek Kirpik Seti<\/a><\/strong><a href=\"http:\/\/www.ipekkirpik.org\/ipek-kirpik-seti-baslangic-set\" target=\"_blank\" rel=\"noreferrer noopener\" aria-label=\" (yeni sekmede a\u00e7\u0131l\u0131r)\"> <\/a>:  Bu i\u015fe yeni ba\u015flayan veya yap\u0131p yapmamak ile arada kalan ki\u015filer  i\u00e7indir. \u0130pek kirpik kalitesi vs ayn\u0131 fakat adet olarak daha azd\u0131r. Yar\u0131  profesyonel bir settir.<\/p>\n\n\n\n<p><strong><a href=\"http:\/\/www.ipekkirpik.org\/ipek-kirpik-seti-profesyonel-set\">Profesyonel \u0130pek kirpik Seti<\/a><\/strong><a href=\"http:\/\/www.ipekkirpik.org\/ipek-kirpik-seti-profesyonel-set\"> <\/a>:  Bu set ; ipek kirpik uzmanl\u0131\u011f\u0131n\u0131 ciddi anlamda d\u00fc\u015f\u00fcnen ki\u015filer,  kuaf\u00f6rler, g\u00fczellik salonlar\u0131 i\u00e7indir. 5 farkl\u0131 boy ve nitelikte kirpik  \u00e7e\u015fidi bar\u0131nd\u0131rd\u0131\u011f\u0131 i\u00e7in tam anlam\u0131yla profesyonel bir settir. En \u00e7ok  tavsiye etti\u011fimiz ve ipek kirpik uzmanlar\u0131 taraf\u0131ndan da en \u00e7ok tercih  edilen \u00fcr\u00fcn diyebiliriz.<\/p>\n\n\n\n<p><strong><a href=\"http:\/\/www.ipekkirpik.org\/ipek-kirpik-seti-delux-set\" target=\"_blank\" rel=\"noreferrer noopener\" aria-label=\" (yeni sekmede a\u00e7\u0131l\u0131r)\">Delux \u0130pek Kirpik Seti<\/a><\/strong><a href=\"http:\/\/www.ipekkirpik.org\/ipek-kirpik-seti-delux-set\" target=\"_blank\" rel=\"noreferrer noopener\" aria-label=\" (yeni sekmede a\u00e7\u0131l\u0131r)\"> <\/a>:  Birden fazla uzmanla birlikte \u00e7al\u0131\u015fmay\u0131 d\u00fc\u015f\u00fcnen \u0130pek kirpik Merkezleri  i\u00e7indir. \u0130pek kirpik in T\u00fcm \u00e7e\u015fitlerini ( ta\u015fl\u0131lar ve renkli ipek  kirpikler , mink kirpikler , t\u00fcm yap\u0131\u015ft\u0131r\u0131c\u0131 \u00e7e\u015fitleri ve di\u011fer t\u00fcm  malzemelerden iki\u015fer adet ) i\u00e7erisinde bar\u0131nd\u0131r\u0131r. Delux \u0130pek kirpik  seti ni g\u00f6rmek i\u00e7in t\u0131klayabilirsiniz.<\/p>\n\n\n\n<p><strong><a href=\"http:\/\/ipekkirpik.mobi\/ipek-kirpik-seti-mix\">\u0130pek Kirpik Seti Mix<\/a><\/strong><\/p>\n\n\n\n<p><em>En iyi \u0130pek Kirpik Seti<\/em> hangisi , hangisini almal\u0131y\u0131m , hangi \u00fcr\u00fcnleri tercih etmeliyim diye d\u00fc\u015f\u00fcnenler i\u00e7in haz\u0131rl\u0131k yapt\u0131k ve bu seti olu\u015fturduk.<br>\nBu seti hemen \u015f\u00f6yle a\u00e7\u0131klayal\u0131m. Profesyonel \u0130pek Kirpik Seti nin kar\u0131\u015f\u0131k hali.<br>\nYani normalde setin i\u00e7erisinde Kirpik olarak 5 Kutu \u0130pek Kirpik mevcut (\n di\u011fer t\u00fcm malzemelerde tabiki ) Yaln\u0131z bu kirpik \u00fczerinde 3D \u0130pek \nKirpik yada Y Lash ipek kirpiklerden de se\u00e7ebiliyorsunuz.<\/p>\n\n\n\n<p>\u00d6rnek veriyorum 3 Kutu Tekli ipek kirpik 2 Kutu 3D kirpik \u00e7e\u015fidinden \nalarak bir kar\u0131\u015f\u0131m yapm\u0131\u015f oluyorsunuz ve her t\u00fcrl\u00fc m\u00fc\u015fterinize hitap \nedebilir hale geliyorsunuz.<br>\nNormalde Tekli ipek kirpik sistemi sizin kendi kirpikleriniz tek tek k\u0131l halinde tak\u0131l\u0131r.<br>\n3d \u0130pek Kirpik ise bir tek k\u0131l fakat ortadan itibaren 3 ayr\u0131ld\u0131\u011f\u0131 i\u00e7in ekstra 3 kat yo\u011funluk veren bir sistemdir.<br>\nDolay\u0131s\u0131yla tekli ipek kirpi\u011fin yetmedi\u011fi yada az geldi\u011fi noktalarda 3d \n\u0130pek Kirpi\u011fi kullanarak daha g\u00f6steri\u015fli ve yo\u011fun kirpikler elde \nedebilirsiniz.<\/p>\n\n\n\n<p>Daha detayl\u0131 bilgi ve sipari\u015f i\u00e7in <em><strong>444 3 671<\/strong> <\/em>i arayarak ipek kirpik uzmanlar\u0131m\u0131zla g\u00f6r\u00fc\u015febilirsiniz.<\/p>\n\n\n\n<h4 class=\"wp-block-heading\"><em>Bu arada \u0130pek Kirpik Seti Alanlara \u0130pek Kirpik E\u011fitimi \u00fccretsizdir.<\/em><br>\n<em>\u015eehir d\u0131\u015f\u0131ndan arayanlar i\u00e7in ise E\u011fitim Cd si mevcuttur.<\/em><\/h4>\n","protected":false},"excerpt":{"rendered":"<p>\u0130pek Kirpik Seti Mix Set 3 farkl\u0131 \u0130pek Kirpik Seti \u00e7e\u015fitlili\u011fine yeni birini daha ekliyoruz. Normalde var olan Setlerimiz ; D\u00f6kme \u0130pek Kirpik Ba\u015flang\u0131\u00e7 Profesyonel \u0130pek Kirpik Seti Profesyonel \u0130pek Kirpik 3d Set 6D \u0130pek Kirpik Seti Profesyonel Mix &nbsp; \u0130pek Kirpik Seti Delux \u0130pek Kirpik Seti<\/p>\n","protected":false},"author":1,"featured_media":0,"parent":0,"menu_order":0,"comment_status":"closed","ping_status":"closed","template":"","meta":{"footnotes":""},"tags":[],"class_list":["post-60","page","type-page","status-publish","hentry"],"aioseo_notices":[],"_links":{"self":[{"href":"http:\/\/ipekkirpik.org\/index.php\/wp-json\/wp\/v2\/pages\/60","targetHints":{"allow":["GET"]}}],"collection":[{"href":"http:\/\/ipekkirpik.org\/index.php\/wp-json\/wp\/v2\/pages"}],"about":[{"href":"http:\/\/ipekkirpik.org\/index.php\/wp-json\/wp\/v2\/types\/page"}],"author":[{"embeddable":true,"href":"http:\/\/ipekkirpik.org\/index.php\/wp-json\/wp\/v2\/users\/1"}],"replies":[{"embeddable":true,"href":"http:\/\/ipekkirpik.org\/index.php\/wp-json\/wp\/v2\/comments?post=60"}],"version-history":[{"count":2,"href":"http:\/\/ipekkirpik.org\/index.php\/wp-json\/wp\/v2\/pages\/60\/revisions"}],"predecessor-version":[{"id":254,"href":"http:\/\/ipekkirpik.org\/index.php\/wp-json\/wp\/v2\/pages\/60\/revisions\/254"}],"wp:attachment":[{"href":"http:\/\/ipekkirpik.org\/index.php\/wp-json\/wp\/v2\/media?parent=60"}],"wp:term":[{"taxonomy":"post_tag","embeddable":true,"href":"http:\/\/ipekkirpik.org\/index.php\/wp-json\/wp\/v2\/tags?post=60"}],"curies":[{"name":"wp","href":"https:\/\/api.w.org\/{rel}","templated":true}]}}