{"id":54,"date":"2019-07-23T11:28:11","date_gmt":"2019-07-23T08:28:11","guid":{"rendered":"http:\/\/ipekkirpik.org\/?page_id=54"},"modified":"2022-04-20T09:52:12","modified_gmt":"2022-04-20T06:52:12","slug":"ipek-kirpik-seti-profesyonel-set","status":"publish","type":"page","link":"http:\/\/ipekkirpik.org\/index.php\/ipek-kirpik-seti-profesyonel-set\/","title":{"rendered":"\u0130pek Kirpik Seti Profesyonel Set"},"content":{"rendered":"\n<div class=\"wp-block-image\"><figure class=\"aligncenter size-full\"><img loading=\"lazy\" decoding=\"async\" width=\"1024\" height=\"768\" src=\"http:\/\/ipekkirpik.org\/wp-content\/uploads\/2022\/04\/Ipek-Kirpik-Seti-Profesyonel-Set.jpg\" alt=\"\u0130pek Kirpik Seti Profesyonel Set\" class=\"wp-image-255\" srcset=\"http:\/\/ipekkirpik.org\/wp-content\/uploads\/2022\/04\/Ipek-Kirpik-Seti-Profesyonel-Set.jpg 1024w, http:\/\/ipekkirpik.org\/wp-content\/uploads\/2022\/04\/Ipek-Kirpik-Seti-Profesyonel-Set-300x225.jpg 300w, http:\/\/ipekkirpik.org\/wp-content\/uploads\/2022\/04\/Ipek-Kirpik-Seti-Profesyonel-Set-768x576.jpg 768w\" sizes=\"auto, (max-width: 1024px) 100vw, 1024px\" \/><figcaption>\u0130pek Kirpik Seti Profesyonel Set<\/figcaption><\/figure><\/div>\n\n\n\n<p><em><strong>Tekli Profesyonel \u0130pek Kirpik Seti \u0130\u00e7erisindeki<\/strong><\/em><\/p>\n\n\n\n<h2 class=\"wp-block-heading\">\u0130pek Kirpik Malzemeleri<\/h2>\n\n\n\n<ul class=\"wp-block-list\"><li>&nbsp;&nbsp;&nbsp; 1 Kutu Fairlash\u00ae \u0130pek Kirpik 0.15x10mm<\/li><li>&nbsp;&nbsp;&nbsp; 1 Kutu Fairlash\u00ae \u0130pek Kirpik 0.15x12mm<\/li><li>&nbsp;&nbsp;&nbsp; 1 Kutu&nbsp;Fairlash\u00ae \u0130pek Kirpik 0.15x13mm<\/li><li>&nbsp;&nbsp;&nbsp; 1 Adet Fairlash\u00ae Ultra Plus \u0130pek Kirpik Yap\u0131\u015ft\u0131r\u0131c\u0131s\u0131<\/li><li>&nbsp;&nbsp;&nbsp; 1 Adet Fairlash\u00ae Ultra Plus \u00c7\u0131kar\u0131c\u0131<\/li><li>&nbsp;&nbsp;&nbsp; 1 Paslanmaz \u00c7elik Ekstra \u0130nce Nokta C\u0131mb\u0131z<\/li><li>&nbsp;&nbsp;&nbsp; 1 Paslanmaz \u00c7elik E\u011fimli C\u0131mb\u0131z<\/li><li>&nbsp;&nbsp;&nbsp; 1 Paket G\u00f6z Alt\u0131 Band\u0131<\/li><li>&nbsp;&nbsp;&nbsp; 1 Adet Kirpik Tarama Tara\u011f\u0131<\/li><li>&nbsp;&nbsp; Boyun Yast\u0131\u011f\u0131<\/li><li>&nbsp;&nbsp;&nbsp; 5 Adet Y\u00fcz\u00fck<\/li><li>&nbsp;&nbsp; \u00d6zel \u0130pek Kirpik \u00c7antas\u0131yla<\/li><\/ul>\n\n\n\n<p><em><strong>Fairlash\u00ae Profesyonel \u0130pek Kirpik Seti<\/strong><\/em><\/p>\n\n\n\n<figure class=\"wp-block-embed aligncenter is-type-video is-provider-youtube wp-block-embed-youtube wp-embed-aspect-16-9 wp-has-aspect-ratio\"><div class=\"wp-block-embed__wrapper\">\n<iframe loading=\"lazy\" title=\"\u0130pek Kirpik Nas\u0131l Tak\u0131l\u0131r \u0130zle\" width=\"600\" height=\"338\" src=\"https:\/\/www.youtube.com\/embed\/dwR9aZ-6wa0?feature=oembed\" frameborder=\"0\" allow=\"accelerometer; autoplay; clipboard-write; encrypted-media; gyroscope; picture-in-picture; web-share\" referrerpolicy=\"strict-origin-when-cross-origin\" allowfullscreen><\/iframe>\n<\/div><\/figure>\n","protected":false},"excerpt":{"rendered":"<p>Tekli Profesyonel \u0130pek Kirpik Seti \u0130\u00e7erisindeki \u0130pek Kirpik Malzemeleri &nbsp;&nbsp;&nbsp; 1 Kutu Fairlash\u00ae \u0130pek Kirpik 0.15x10mm &nbsp;&nbsp;&nbsp; 1 Kutu Fairlash\u00ae \u0130pek Kirpik 0.15x12mm &nbsp;&nbsp;&nbsp; 1 Kutu&nbsp;Fairlash\u00ae \u0130pek Kirpik 0.15x13mm &nbsp;&nbsp;&nbsp; 1 Adet Fairlash\u00ae Ultra Plus \u0130pek Kirpik Yap\u0131\u015ft\u0131r\u0131c\u0131s\u0131 &nbsp;&nbsp;&nbsp; 1 Adet Fairlash\u00ae Ultra Plus \u00c7\u0131kar\u0131c\u0131 &nbsp;&nbsp;&nbsp; 1<\/p>\n","protected":false},"author":1,"featured_media":0,"parent":0,"menu_order":0,"comment_status":"closed","ping_status":"closed","template":"","meta":{"footnotes":""},"tags":[],"class_list":["post-54","page","type-page","status-publish","hentry"],"aioseo_notices":[],"_links":{"self":[{"href":"http:\/\/ipekkirpik.org\/index.php\/wp-json\/wp\/v2\/pages\/54","targetHints":{"allow":["GET"]}}],"collection":[{"href":"http:\/\/ipekkirpik.org\/index.php\/wp-json\/wp\/v2\/pages"}],"about":[{"href":"http:\/\/ipekkirpik.org\/index.php\/wp-json\/wp\/v2\/types\/page"}],"author":[{"embeddable":true,"href":"http:\/\/ipekkirpik.org\/index.php\/wp-json\/wp\/v2\/users\/1"}],"replies":[{"embeddable":true,"href":"http:\/\/ipekkirpik.org\/index.php\/wp-json\/wp\/v2\/comments?post=54"}],"version-history":[{"count":2,"href":"http:\/\/ipekkirpik.org\/index.php\/wp-json\/wp\/v2\/pages\/54\/revisions"}],"predecessor-version":[{"id":256,"href":"http:\/\/ipekkirpik.org\/index.php\/wp-json\/wp\/v2\/pages\/54\/revisions\/256"}],"wp:attachment":[{"href":"http:\/\/ipekkirpik.org\/index.php\/wp-json\/wp\/v2\/media?parent=54"}],"wp:term":[{"taxonomy":"post_tag","embeddable":true,"href":"http:\/\/ipekkirpik.org\/index.php\/wp-json\/wp\/v2\/tags?post=54"}],"curies":[{"name":"wp","href":"https:\/\/api.w.org\/{rel}","templated":true}]}}