{"id":51,"date":"2019-07-23T11:27:34","date_gmt":"2019-07-23T08:27:34","guid":{"rendered":"http:\/\/ipekkirpik.org\/?page_id=51"},"modified":"2022-04-20T09:50:37","modified_gmt":"2022-04-20T06:50:37","slug":"ipek-kirpik-seti-baslangic-set","status":"publish","type":"page","link":"http:\/\/ipekkirpik.org\/index.php\/ipek-kirpik-seti-baslangic-set\/","title":{"rendered":"\u0130pek Kirpik Seti Ba\u015flang\u0131\u00e7 Set"},"content":{"rendered":"\n<div class=\"wp-block-image\"><figure class=\"aligncenter size-full\"><img loading=\"lazy\" decoding=\"async\" width=\"1024\" height=\"768\" src=\"http:\/\/ipekkirpik.org\/wp-content\/uploads\/2022\/04\/Ipek-Kirpik-Seti-Baslangic-Set.jpg\" alt=\"\u0130pek Kirpik Seti Ba\u015flang\u0131\u00e7 Set\" class=\"wp-image-249\" srcset=\"http:\/\/ipekkirpik.org\/wp-content\/uploads\/2022\/04\/Ipek-Kirpik-Seti-Baslangic-Set.jpg 1024w, http:\/\/ipekkirpik.org\/wp-content\/uploads\/2022\/04\/Ipek-Kirpik-Seti-Baslangic-Set-300x225.jpg 300w, http:\/\/ipekkirpik.org\/wp-content\/uploads\/2022\/04\/Ipek-Kirpik-Seti-Baslangic-Set-768x576.jpg 768w\" sizes=\"auto, (max-width: 1024px) 100vw, 1024px\" \/><figcaption>\u0130pek Kirpik Seti Ba\u015flang\u0131\u00e7 Set<\/figcaption><\/figure><\/div>\n\n\n\n<h4 class=\"wp-block-heading\">D\u00f6kme \u0130pek Kirpik \u2013 Ba\u015flang\u0131\u00e7<\/h4>\n\n\n\n<p>\u0130pek kirpik uygulamas\u0131na yeni ba\u015flayanlar i\u00e7in \u0130pek Kirpik :<\/p>\n\n\n\n<ul class=\"wp-block-list\"><li>&nbsp;&nbsp;&nbsp;&nbsp;&nbsp;&nbsp;&nbsp; 3 Kutu Fairlash\u00ae D\u00f6kme \u0130pek Kirpik<\/li><li>&nbsp;&nbsp;&nbsp;&nbsp;&nbsp;&nbsp;&nbsp; 1 Kutu Fairlash\u00ae Tekli \u0130pek Kirpik<\/li><li>&nbsp;&nbsp;&nbsp;&nbsp;&nbsp;&nbsp;&nbsp; 1 adet Fairlash\u00ae Ultra Plus Yap\u0131\u015ft\u0131r\u0131c\u0131<\/li><li>&nbsp;&nbsp;&nbsp;&nbsp;&nbsp;&nbsp;&nbsp; 1 adet Fairlash\u00ae Ultra Plus \u00c7\u0131kar\u0131c\u0131<\/li><li>&nbsp;&nbsp;&nbsp;&nbsp;&nbsp;&nbsp;&nbsp; 1 paslanmaz \u00c7elik ekstra ince Nokta C\u0131mb\u0131z<\/li><li>&nbsp;&nbsp;&nbsp;&nbsp;&nbsp;&nbsp;&nbsp; 1 paslanmaz \u00c7elik E\u011fimli C\u0131mb\u0131z<\/li><li>&nbsp;&nbsp;&nbsp;&nbsp;&nbsp; &nbsp; 1 paket G\u00f6z alt\u0131 Band\u0131<\/li><li>&nbsp;&nbsp;&nbsp;&nbsp;&nbsp;&nbsp;&nbsp; 5 adet y\u00fcz\u00fck<\/li><\/ul>\n\n\n\n<p><em><strong>Fairlash\u00ae \u0130pek Kirpik Seti Ba\u015flang\u0131\u00e7<\/strong><\/em><\/p>\n\n\n\n<figure class=\"wp-block-embed aligncenter is-type-video is-provider-youtube wp-block-embed-youtube wp-embed-aspect-16-9 wp-has-aspect-ratio\"><div class=\"wp-block-embed__wrapper\">\n<iframe loading=\"lazy\" title=\"\u0130pek Kirpik Nas\u0131l Tak\u0131l\u0131r \u0130zle\" width=\"600\" height=\"338\" src=\"https:\/\/www.youtube.com\/embed\/dwR9aZ-6wa0?feature=oembed\" frameborder=\"0\" allow=\"accelerometer; autoplay; clipboard-write; encrypted-media; gyroscope; picture-in-picture; web-share\" referrerpolicy=\"strict-origin-when-cross-origin\" allowfullscreen><\/iframe>\n<\/div><\/figure>\n","protected":false},"excerpt":{"rendered":"<p>D\u00f6kme \u0130pek Kirpik \u2013 Ba\u015flang\u0131\u00e7 \u0130pek kirpik uygulamas\u0131na yeni ba\u015flayanlar i\u00e7in \u0130pek Kirpik : &nbsp;&nbsp;&nbsp;&nbsp;&nbsp;&nbsp;&nbsp; 3 Kutu Fairlash\u00ae D\u00f6kme \u0130pek Kirpik &nbsp;&nbsp;&nbsp;&nbsp;&nbsp;&nbsp;&nbsp; 1 Kutu Fairlash\u00ae Tekli \u0130pek Kirpik &nbsp;&nbsp;&nbsp;&nbsp;&nbsp;&nbsp;&nbsp; 1 adet Fairlash\u00ae Ultra Plus Yap\u0131\u015ft\u0131r\u0131c\u0131 &nbsp;&nbsp;&nbsp;&nbsp;&nbsp;&nbsp;&nbsp; 1 adet Fairlash\u00ae Ultra Plus \u00c7\u0131kar\u0131c\u0131 &nbsp;&nbsp;&nbsp;&nbsp;&nbsp;&nbsp;&nbsp; 1 paslanmaz \u00c7elik ekstra<\/p>\n","protected":false},"author":1,"featured_media":0,"parent":0,"menu_order":0,"comment_status":"closed","ping_status":"closed","template":"","meta":{"footnotes":""},"tags":[],"class_list":["post-51","page","type-page","status-publish","hentry"],"aioseo_notices":[],"_links":{"self":[{"href":"http:\/\/ipekkirpik.org\/index.php\/wp-json\/wp\/v2\/pages\/51","targetHints":{"allow":["GET"]}}],"collection":[{"href":"http:\/\/ipekkirpik.org\/index.php\/wp-json\/wp\/v2\/pages"}],"about":[{"href":"http:\/\/ipekkirpik.org\/index.php\/wp-json\/wp\/v2\/types\/page"}],"author":[{"embeddable":true,"href":"http:\/\/ipekkirpik.org\/index.php\/wp-json\/wp\/v2\/users\/1"}],"replies":[{"embeddable":true,"href":"http:\/\/ipekkirpik.org\/index.php\/wp-json\/wp\/v2\/comments?post=51"}],"version-history":[{"count":2,"href":"http:\/\/ipekkirpik.org\/index.php\/wp-json\/wp\/v2\/pages\/51\/revisions"}],"predecessor-version":[{"id":250,"href":"http:\/\/ipekkirpik.org\/index.php\/wp-json\/wp\/v2\/pages\/51\/revisions\/250"}],"wp:attachment":[{"href":"http:\/\/ipekkirpik.org\/index.php\/wp-json\/wp\/v2\/media?parent=51"}],"wp:term":[{"taxonomy":"post_tag","embeddable":true,"href":"http:\/\/ipekkirpik.org\/index.php\/wp-json\/wp\/v2\/tags?post=51"}],"curies":[{"name":"wp","href":"https:\/\/api.w.org\/{rel}","templated":true}]}}