{"id":39,"date":"2019-07-23T11:13:16","date_gmt":"2019-07-23T08:13:16","guid":{"rendered":"http:\/\/ipekkirpik.org\/?page_id=39"},"modified":"2024-11-14T19:28:15","modified_gmt":"2024-11-14T16:28:15","slug":"ipek-kirpik-fiyatlari","status":"publish","type":"page","link":"http:\/\/ipekkirpik.org\/index.php\/ipek-kirpik-fiyatlari\/","title":{"rendered":"\u0130pek Kirpik Fiyatlar\u0131"},"content":{"rendered":"\n<div class=\"wp-block-image\"><figure class=\"aligncenter\"><a href=\"https:\/\/web.archive.org\/web\/20181222131424\/http:\/\/www.ipekkirpik.org\/wp-content\/uploads\/2011\/09\/kal%C4%B1c%C4%B1-ipek-kirpik.jpg\"><img decoding=\"async\" src=\"https:\/\/web.archive.org\/web\/20181222131424im_\/http:\/\/www.ipekkirpik.org\/wp-content\/uploads\/2011\/09\/kal%C4%B1c%C4%B1-ipek-kirpik.jpg\" alt=\"Kal\u0131c\u0131 \u0130pek Kirpik\" class=\"wp-image-116\"\/><\/a><\/figure><\/div>\n\n\n\n<h4 class=\"wp-block-heading\">\u0130pek Kirpik Fiyatlar\u0131<\/h4>\n\n\n\n<ul class=\"wp-block-list\"><li><strong>Kirpik Uygulamas\u0131 \u00a0 \u00a0 : 300 TL<\/strong><\/li><\/ul>\n\n\n\n<p><strong>\u2013 Nakit fiyatlar\u0131 \u2013<\/strong><\/p>\n\n\n\n<p><em><strong>Nurg\u00fcl Koluk\u0131r\u0131k \u0130leti\u015fim&nbsp; 0532 301 8690&nbsp; \u2013 444 3 671<br>\n<\/strong><\/em><\/p>\n\n\n\n<div class=\"wp-block-image\"><figure class=\"aligncenter\"><a href=\"https:\/\/web.archive.org\/web\/20181222131424\/http:\/\/www.ipekkirpik.org\/wp-content\/uploads\/2011\/09\/\u0130pek-Kirpik44.jpg\"><img decoding=\"async\" src=\"https:\/\/web.archive.org\/web\/20181222131424im_\/http:\/\/www.ipekkirpik.org\/wp-content\/uploads\/2011\/09\/\u0130pek-Kirpik44-300x160.jpg\" alt=\"Tekli \u0130pek Kirpik\" class=\"wp-image-688\"\/><\/a><figcaption> Tekli \u0130pek Kirpik <\/figcaption><\/figure><\/div>\n\n\n\n<div class=\"wp-block-image\"><figure class=\"aligncenter\"><a href=\"https:\/\/web.archive.org\/web\/20181222131424\/http:\/\/www.ipekkirpik.org\/wp-content\/uploads\/2011\/09\/\u0130pek-Kirpik.jpg\"><img decoding=\"async\" src=\"https:\/\/web.archive.org\/web\/20181222131424im_\/http:\/\/www.ipekkirpik.org\/wp-content\/uploads\/2011\/09\/\u0130pek-Kirpik-300x225.jpg\" alt=\"3D \u0130pek Kirpik\" class=\"wp-image-689\"\/><\/a><figcaption> 3D \u0130pek Kirpik <\/figcaption><\/figure><\/div>\n\n\n\n<div class=\"wp-block-image\"><figure class=\"aligncenter\"><a href=\"https:\/\/web.archive.org\/web\/20181222131424\/http:\/\/www.ipekkirpik.org\/wp-content\/uploads\/2011\/09\/Mink-\u0130pek-Kirpik.jpg\"><img decoding=\"async\" src=\"https:\/\/web.archive.org\/web\/20181222131424im_\/http:\/\/www.ipekkirpik.org\/wp-content\/uploads\/2011\/09\/Mink-\u0130pek-Kirpik-300x182.jpg\" alt=\"Mink \u0130pek Kirpik\" class=\"wp-image-690\"\/><\/a><figcaption> Mink \u0130pek Kirpik <\/figcaption><\/figure><\/div>\n\n\n\n<p>Nurg\u00fcl Koluk\u0131r\u0131k <a rel=\"noreferrer noopener\" aria-label=\" (yeni sekmede a\u00e7\u0131l\u0131r)\" href=\"http:\/\/www.ipekkirpik.org\/ipek-kirpik-egitimi-resim-ve-video\" target=\"_blank\">\u0130pek Kirpik E\u011fitimi <\/a>ve <a href=\"http:\/\/www.ipekkirpik.org\/ipek-kirpik\/ipek-kirpik-oncesi-ve-sonrasi\" target=\"_blank\" rel=\"noreferrer noopener\" aria-label=\" (yeni sekmede a\u00e7\u0131l\u0131r)\">\u0130pek Kirpik \u00d6ncesi ve Sonras\u0131<\/a>\u00a0 g\u00f6rmek i\u00e7in t\u0131klay\u0131n\u0131z.<\/p>\n\n\n\n<p>Fiyat\u0131 d\u00fc\u015f\u00fck olan yerlerdeki \u00e7al\u0131\u015fmalar\u0131n sonu olan <a href=\"http:\/\/www.ipekkirpik.org\/ipek-kirpik-zararlari\" target=\"_blank\" rel=\"noreferrer noopener\" aria-label=\" (yeni sekmede a\u00e7\u0131l\u0131r)\">ipek kirpik zararlar\u0131 <\/a>n\u0131 g\u00f6rmek i\u00e7in t\u0131klay\u0131n\u0131z.<\/p>\n\n\n\n<p>E\u011fer kirpiklerinizin bu hale gelmesini istemiyorsan\u0131z fiyat\u0131 ucuz kalitesi d\u00fc\u015f\u00fck yerlerde i\u015flem yapt\u0131rmay\u0131n.<\/p>\n\n\n\n<p style=\"text-align:right\">Profesyonel E\u011fitmenden \u0130pek Kirpik i\u00e7in 0212 542 4585<\/p>\n","protected":false},"excerpt":{"rendered":"<p>\u0130pek Kirpik Fiyatlar\u0131 Kirpik Uygulamas\u0131 \u00a0 \u00a0 : 300 TL \u2013 Nakit fiyatlar\u0131 \u2013 Nurg\u00fcl Koluk\u0131r\u0131k \u0130leti\u015fim&nbsp; 0532 301 8690&nbsp; \u2013 444 3 671 Nurg\u00fcl Koluk\u0131r\u0131k \u0130pek Kirpik E\u011fitimi ve \u0130pek Kirpik \u00d6ncesi ve Sonras\u0131\u00a0 g\u00f6rmek i\u00e7in t\u0131klay\u0131n\u0131z. Fiyat\u0131 d\u00fc\u015f\u00fck olan yerlerdeki \u00e7al\u0131\u015fmalar\u0131n sonu olan ipek kirpik<\/p>\n","protected":false},"author":1,"featured_media":0,"parent":0,"menu_order":0,"comment_status":"closed","ping_status":"closed","template":"","meta":{"footnotes":""},"tags":[],"class_list":["post-39","page","type-page","status-publish","hentry"],"aioseo_notices":[],"_links":{"self":[{"href":"http:\/\/ipekkirpik.org\/index.php\/wp-json\/wp\/v2\/pages\/39","targetHints":{"allow":["GET"]}}],"collection":[{"href":"http:\/\/ipekkirpik.org\/index.php\/wp-json\/wp\/v2\/pages"}],"about":[{"href":"http:\/\/ipekkirpik.org\/index.php\/wp-json\/wp\/v2\/types\/page"}],"author":[{"embeddable":true,"href":"http:\/\/ipekkirpik.org\/index.php\/wp-json\/wp\/v2\/users\/1"}],"replies":[{"embeddable":true,"href":"http:\/\/ipekkirpik.org\/index.php\/wp-json\/wp\/v2\/comments?post=39"}],"version-history":[{"count":1,"href":"http:\/\/ipekkirpik.org\/index.php\/wp-json\/wp\/v2\/pages\/39\/revisions"}],"predecessor-version":[{"id":41,"href":"http:\/\/ipekkirpik.org\/index.php\/wp-json\/wp\/v2\/pages\/39\/revisions\/41"}],"wp:attachment":[{"href":"http:\/\/ipekkirpik.org\/index.php\/wp-json\/wp\/v2\/media?parent=39"}],"wp:term":[{"taxonomy":"post_tag","embeddable":true,"href":"http:\/\/ipekkirpik.org\/index.php\/wp-json\/wp\/v2\/tags?post=39"}],"curies":[{"name":"wp","href":"https:\/\/api.w.org\/{rel}","templated":true}]}}