{"id":27,"date":"2019-07-23T11:09:46","date_gmt":"2019-07-23T08:09:46","guid":{"rendered":"http:\/\/ipekkirpik.org\/?page_id=27"},"modified":"2024-11-14T19:28:15","modified_gmt":"2024-11-14T16:28:15","slug":"ipek-kirpik-egitimi","status":"publish","type":"page","link":"http:\/\/ipekkirpik.org\/index.php\/ipek-kirpik-egitimi\/","title":{"rendered":"\u0130pek Kirpik E\u011fitimi"},"content":{"rendered":"\n<h1 class=\"wp-block-heading\">Protez \u0130pek Kirpik E\u011fitimi&nbsp; ve Sertifikas\u0131 Verilir<\/h1>\n\n\n\n<p>Protez Kirpik, \u0130pek Kirpik ve 3D-6D \u0130pek kirpik E\u011fitimi<\/p>\n\n\n\n<p>T\u00fcrkiye de olan Normal kirpik ekleme \u015fekli olan Protez Kirpik&nbsp; ve \nAvrupa\u2019da \u00f6\u011frenmi\u015f oldu\u011fumuz 3D-6D Sistem Protez Kirpik E\u011fitimi \u2018ni \nkursumuzdan alabilirsiniz. Bu sayede kirpik s\u0131k\u0131nt\u0131s\u0131 olan bir \u00e7ok \nm\u00fc\u015fterinize cevap vermi\u015f olacaks\u0131n\u0131z.<br>\n\u00c7e\u015fitli olarak setlerimiz mevcuttur, kendi setinizin se\u00e7imini yap\u0131p \nsetinizin ilk yar\u0131m saat setlerimizin anlat\u0131m\u0131n\u0131n yap\u0131ld\u0131\u011f\u0131, boylar\u0131, \nkal\u0131nl\u0131klar\u0131 m\u00fc\u015fteri ili\u015fkileri, hangi g\u00f6ze hangi kirpik uygulanmas\u0131 \ngerekti\u011fi tam kapsaml\u0131 bir workshop \u015feklinde anlat\u0131m\u0131m\u0131z olacakt\u0131r. \nE\u011fitimimiz birebir olan bir e\u011fitimdir, daha sonras\u0131nda full uygulamal\u0131 \nolarak anlatarak ilerlerdi\u011fimiz&nbsp; tam kapsaml\u0131 bir kurstur.<br>\n\u0130pek Kirpik E\u011fitimi sonras\u0131 kurs ald\u0131\u011f\u0131n\u0131za dair \u00f6zel bir sertifikan\u0131z \nolacak. Daha sonras\u0131nda eksilen malzemelerinizi de temin \nedebileceksiniz.<\/p>\n\n\n\n<p><em><strong>\u0130pek Kirpik Kursu Fiyatlar\u0131<\/strong><\/em><\/p>\n\n\n\n<p>\u0130pek kursu E\u011fitimi\u00a0\u00a0 \u00a0 \u00a0 \u00a0 \u00a0 \u00a0 \u00a0 \u00a0 \u00a0 \u00a0 \u00a0 \u00a0 \u00a0 \u00a0 \u00a0 \u00a0 \u00a0 \u00a0 \u00a0 \u00a0 \u00a0 \u00a0 \u00a0 1000 Tl<\/p>\n\n\n\n<h3 class=\"wp-block-heading\">\u0130pek Kirpik Kurs E\u011fitim Yeri<\/h3>\n\n\n\n<p><em><strong>Nurg\u00fcl Koluk\u0131r\u0131k \u0130leti\u015fim&nbsp; 0532 301 8690<\/strong><\/em><\/p>\n\n\n\n<p>Birebir ileti\u015fim i\u00e7in sadece bu numaradan araman\u0131z gerekir.<\/p>\n\n\n\n<figure class=\"wp-block-image\"><a href=\"https:\/\/web.archive.org\/web\/20181203223357\/http:\/\/www.ipekkirpik.org\/wp-content\/uploads\/2011\/09\/%C4%B0pek-Kirpik-Sertifikas%C4%B1-Kucuk.jpg\"><img decoding=\"async\" src=\"https:\/\/web.archive.org\/web\/20181203223357im_\/http:\/\/www.ipekkirpik.org\/wp-content\/uploads\/2011\/09\/%C4%B0pek-Kirpik-Sertifikas%C4%B1-Kucuk.jpg\" alt=\"\u0130pel Kirpik E\u011fitim Sertifikas\u0131\" class=\"wp-image-132\"\/><\/a><figcaption> \u0130pel Kirpik E\u011fitim Sertifikas\u0131 <\/figcaption><\/figure>\n","protected":false},"excerpt":{"rendered":"<p>Protez \u0130pek Kirpik E\u011fitimi&nbsp; ve Sertifikas\u0131 Verilir Protez Kirpik, \u0130pek Kirpik ve 3D-6D \u0130pek kirpik E\u011fitimi T\u00fcrkiye de olan Normal kirpik ekleme \u015fekli olan Protez Kirpik&nbsp; ve Avrupa\u2019da \u00f6\u011frenmi\u015f oldu\u011fumuz 3D-6D Sistem Protez Kirpik E\u011fitimi \u2018ni kursumuzdan alabilirsiniz. Bu sayede kirpik s\u0131k\u0131nt\u0131s\u0131 olan bir \u00e7ok m\u00fc\u015fterinize cevap<\/p>\n","protected":false},"author":1,"featured_media":0,"parent":0,"menu_order":0,"comment_status":"closed","ping_status":"closed","template":"","meta":{"footnotes":""},"tags":[],"class_list":["post-27","page","type-page","status-publish","hentry"],"aioseo_notices":[],"_links":{"self":[{"href":"http:\/\/ipekkirpik.org\/index.php\/wp-json\/wp\/v2\/pages\/27","targetHints":{"allow":["GET"]}}],"collection":[{"href":"http:\/\/ipekkirpik.org\/index.php\/wp-json\/wp\/v2\/pages"}],"about":[{"href":"http:\/\/ipekkirpik.org\/index.php\/wp-json\/wp\/v2\/types\/page"}],"author":[{"embeddable":true,"href":"http:\/\/ipekkirpik.org\/index.php\/wp-json\/wp\/v2\/users\/1"}],"replies":[{"embeddable":true,"href":"http:\/\/ipekkirpik.org\/index.php\/wp-json\/wp\/v2\/comments?post=27"}],"version-history":[{"count":1,"href":"http:\/\/ipekkirpik.org\/index.php\/wp-json\/wp\/v2\/pages\/27\/revisions"}],"predecessor-version":[{"id":29,"href":"http:\/\/ipekkirpik.org\/index.php\/wp-json\/wp\/v2\/pages\/27\/revisions\/29"}],"wp:attachment":[{"href":"http:\/\/ipekkirpik.org\/index.php\/wp-json\/wp\/v2\/media?parent=27"}],"wp:term":[{"taxonomy":"post_tag","embeddable":true,"href":"http:\/\/ipekkirpik.org\/index.php\/wp-json\/wp\/v2\/tags?post=27"}],"curies":[{"name":"wp","href":"https:\/\/api.w.org\/{rel}","templated":true}]}}