{"id":257,"date":"2022-04-23T11:19:13","date_gmt":"2022-04-23T08:19:13","guid":{"rendered":"http:\/\/ipekkirpik.org\/?page_id=257"},"modified":"2022-04-23T11:26:21","modified_gmt":"2022-04-23T08:26:21","slug":"ipek-kirpik-volume-cimbizi","status":"publish","type":"page","link":"http:\/\/ipekkirpik.org\/index.php\/ipek-kirpik-volume-cimbizi\/","title":{"rendered":"\u0130pek Kirpik Volum C\u0131mb\u0131z\u0131"},"content":{"rendered":"\n<h2 class=\"wp-block-heading\"><strong>\u0130pek Kirpik Volum C\u0131mb\u0131z\u0131<\/strong><\/h2>\n\n\n\n<p>\u015eimdi size <a href=\"http:\/\/ipekkirpik.org\/index.php\/ipek-kirpik\/\">\u0130pek kirpik<\/a> c\u0131mb\u0131zlar\u0131n\u0131n \u00f6neminden bahsedece\u011fiz. Bunlardan ilki ve en \u00f6nemlisi olan <strong>\u0130pek Kirpik Volum C\u0131mb\u0131z\u0131<\/strong> ile ba\u015flayal\u0131m.<br>Son zamanlarda pop\u00fcler olan yo\u011funluk vermek amac\u0131yla yap\u0131lan Volume Lash uygulamalar\u0131 trend. Ve burda kirpikler demet halinde yap\u0131ld\u0131\u011f\u0131 i\u00e7in ve haz\u0131rlanmas\u0131 gereken kirpikler oldu\u011fu i\u00e7in buna uygun a\u011f\u0131z yap\u0131s\u0131na sahip bir c\u0131mb\u0131za ihtiyac\u0131n\u0131z olacakt\u0131r .<\/p>\n\n\n\n<h3 class=\"wp-block-heading\">Peki Volume C\u0131mb\u0131z\u0131 nas\u0131l olmal\u0131 ? Nas\u0131l bir c\u0131mb\u0131z sat\u0131n almal\u0131s\u0131n\u0131z ?<\/h3>\n\n\n\n<p>Bir \u00e7ok markan\u0131n farkl\u0131 c\u0131mb\u0131zlar\u0131 vard\u0131r , internetten ara\u015ft\u0131rma yapt\u0131\u011f\u0131n\u0131z zaman g\u00f6rebilirsiniz .<br>Bizim markam\u0131za ait olan c\u0131mb\u0131z da fingers teknik ile \u00e7al\u0131\u015ft\u0131\u011f\u0131n\u0131z zaman kullanabilece\u011finiz bir c\u0131mb\u0131zd\u0131r . A\u011f\u0131z yap\u0131s\u0131 yayvan , en ucu ince ve tam kapanmaya m\u00fcsait . E\u011fer c\u0131mb\u0131z\u0131n\u0131z\u0131n a\u011fz\u0131 tam kapanm\u0131yorsa haz\u0131rlamaya \u00e7al\u0131\u015ft\u0131\u011f\u0131n\u0131z kirpikler aradan kayacak ve d\u00fc\u015fecektir. \u015eerit \u00fczerinde haz\u0131rl\u0131yorsan\u0131z da a\u011f\u0131z yap\u0131s\u0131 \u00e7ok \u00e7ok ince ve yine tam kapanan bir c\u0131mb\u0131z olmal\u0131d\u0131r .<\/p>\n\n\n\n<p>Eski c\u0131mb\u0131zlarda g\u00f6rd\u00fc\u011f\u00fcm ba\u015fka bir problem de \u015fu ; elinizde kapatmaya \u00e7al\u0131\u015ft\u0131\u011f\u0131n\u0131z zaman hantal ve a\u011f\u0131r c\u0131mb\u0131zlar . Bunlarda bir kirpik uygulama sonras\u0131 elinizin kas\u0131ld\u0131\u011f\u0131n\u0131z\u0131 hissedersiniz , sizi yorar. \u00d6zellikle yo\u011fun \u00e7al\u0131\u015fan g\u00fczellikle merkezlerinde ve Makeup st\u00fcdyolarda g\u00fcnde 3 \/4 veya 5 m\u00fc\u015fteriye randevu olu\u015fturuldu\u011funda ellerinizin \u00e7ok kas\u0131ld\u0131\u011f\u0131n\u0131 hatta \u00f6yle ki parmaklar\u0131n\u0131z\u0131n a\u015f\u0131r\u0131 kas\u0131lmadan kapatamayaca\u011f\u0131n\u0131z\u0131 g\u00f6receksiniz.<br>Malzeme almaya gelen kirpi\u011fe ve yap\u0131\u015ft\u0131r\u0131c\u0131ya daha \u00e7ok \u00f6nem verip c\u0131mb\u0131zlar\u0131 geri planda b\u0131rakan ki\u015filere biz hep belirtiyoruz. Daha h\u0131zl\u0131 ve konforlu \u00e7al\u0131\u015fmak i\u00e7in c\u0131mb\u0131zlar\u0131n\u0131z da \u00e7ok \u00f6nemli. Bir \u00e7ok ipek kirpik uzman\u0131n birka\u00e7 tane yedek stoklad\u0131\u011f\u0131n\u0131 da belirtmemiz gerekir . D\u00fc\u015f\u00fcr\u00fcrsem yada bozulursa diye hep yedek t\u00fcm \u00fcr\u00fcnlerinden stok bulundururlar.<\/p>\n\n\n\n<p>Bu arada \u00f6zellikle \u015funu belirtmek gerekir ki c\u0131mb\u0131zlar\u0131n ucu \u00e7ok hassast\u0131r ayn\u0131 manik\u00fcr pensleri gibi. D\u00fc\u015ft\u00fc\u011f\u00fc anda ucu bozulur eski formunda olmaz.<\/p>\n\n\n\n<p>Ayr\u0131ca c\u0131mb\u0131zlar\u0131 her m\u00fc\u015fteri ve uygulamadan sonra \u00e7ok iyi bir \u015fekilde dezenfekte etmeniz gerekir.<\/p>\n\n\n\n<figure class=\"wp-block-gallery aligncenter has-nested-images columns-4 is-cropped wp-block-gallery-1 is-layout-flex wp-block-gallery-is-layout-flex\">\n<figure class=\"wp-block-image size-large\"><img loading=\"lazy\" decoding=\"async\" width=\"768\" height=\"1024\" data-id=\"258\" src=\"http:\/\/ipekkirpik.org\/wp-content\/uploads\/2022\/04\/volum-ipek-kirpik-cimbizi.jpg\" alt=\"\u0130pek Kirpik Volum C\u0131mb\u0131z\u0131\" class=\"wp-image-258\" srcset=\"http:\/\/ipekkirpik.org\/wp-content\/uploads\/2022\/04\/volum-ipek-kirpik-cimbizi.jpg 768w, http:\/\/ipekkirpik.org\/wp-content\/uploads\/2022\/04\/volum-ipek-kirpik-cimbizi-225x300.jpg 225w\" sizes=\"auto, (max-width: 768px) 100vw, 768px\" \/><figcaption>\u0130pek Kirpik Volum C\u0131mb\u0131z\u0131<\/figcaption><\/figure>\n\n\n\n<figure class=\"wp-block-image size-large\"><img loading=\"lazy\" decoding=\"async\" width=\"768\" height=\"1024\" data-id=\"260\" src=\"http:\/\/ipekkirpik.org\/wp-content\/uploads\/2022\/04\/volume-lash-tweezers.jpg\" alt=\"volume lash tweezers\" class=\"wp-image-260\" srcset=\"http:\/\/ipekkirpik.org\/wp-content\/uploads\/2022\/04\/volume-lash-tweezers.jpg 768w, http:\/\/ipekkirpik.org\/wp-content\/uploads\/2022\/04\/volume-lash-tweezers-225x300.jpg 225w\" sizes=\"auto, (max-width: 768px) 100vw, 768px\" \/><figcaption>volume lash tweezers<\/figcaption><\/figure>\n<figcaption class=\"blocks-gallery-caption\"><strong>\u0130pek Kirpik Volum C\u0131mb\u0131z\u0131<\/strong><\/figcaption><\/figure>\n\n\n\n<p>Daha detayl\u0131 bilgi ve Sipari\u015f i\u00e7in whatsapp Dan\u0131\u015fma Hatt\u0131m\u0131z 0532 3018690 dan bizlere ula\u015fabilirsiniz.<\/p>\n\n\n\n<p>Nurg\u00fcl Koluk\u0131r\u0131k<br>Bizleri sosyal medyadan takip etmeyi unutmay\u0131n<br>Ki\u015fisel Sayfa : <a href=\"https:\/\/www.instagram.com\/nurgulkolukirik\/\" target=\"_blank\" rel=\"noreferrer noopener\" title=\"NURG\u00dcL KOLUKIRIK\">@nurgulkolukirik<\/a><br>Kirpik Sayfa : <a href=\"https:\/\/www.instagram.com\/fairlashes\/\" target=\"_blank\" rel=\"noreferrer noopener\">@fairlashes<\/a><br>Youtube : <a href=\"https:\/\/www.youtube.com\/c\/NURG%C3%9CLKOLUKIRIKPROFESYONELMAKY%C3%96Z\/videos\" target=\"_blank\" rel=\"noreferrer noopener\">Nurg\u00fcl Koluk\u0131r\u0131k<\/a><\/p>\n","protected":false},"excerpt":{"rendered":"<p>\u0130pek Kirpik Volum C\u0131mb\u0131z\u0131 \u015eimdi size \u0130pek kirpik c\u0131mb\u0131zlar\u0131n\u0131n \u00f6neminden bahsedece\u011fiz. Bunlardan ilki ve en \u00f6nemlisi olan \u0130pek Kirpik Volum C\u0131mb\u0131z\u0131 ile ba\u015flayal\u0131m.Son zamanlarda pop\u00fcler olan yo\u011funluk vermek amac\u0131yla yap\u0131lan Volume Lash uygulamalar\u0131 trend. Ve burda kirpikler demet halinde yap\u0131ld\u0131\u011f\u0131 i\u00e7in ve haz\u0131rlanmas\u0131 gereken kirpikler oldu\u011fu i\u00e7in<\/p>\n","protected":false},"author":1,"featured_media":0,"parent":0,"menu_order":0,"comment_status":"closed","ping_status":"closed","template":"","meta":{"footnotes":""},"tags":[83,77,81,76,79,36,46,85,78,82,84,75,80],"class_list":["post-257","page","type-page","status-publish","hentry","tag-6d-ipek-kirpik","tag-eyelashes-istanbul","tag-hollowwed-lashes","tag-ipek-kirpik-cimbizi","tag-ipek-kirpik-malzemeleri-istanbul-2","tag-ipek-kirpik-seti","tag-ipek-kirpik-uzmani-2","tag-ipek-kirpik-volum-cimbiz","tag-kasmis-kirpik","tag-tek-tek-takilan-ipek-kirpik","tag-volum-cimbiz","tag-volumen-kirpik","tag-wimpern-studio-istanbul"],"aioseo_notices":[],"_links":{"self":[{"href":"http:\/\/ipekkirpik.org\/index.php\/wp-json\/wp\/v2\/pages\/257","targetHints":{"allow":["GET"]}}],"collection":[{"href":"http:\/\/ipekkirpik.org\/index.php\/wp-json\/wp\/v2\/pages"}],"about":[{"href":"http:\/\/ipekkirpik.org\/index.php\/wp-json\/wp\/v2\/types\/page"}],"author":[{"embeddable":true,"href":"http:\/\/ipekkirpik.org\/index.php\/wp-json\/wp\/v2\/users\/1"}],"replies":[{"embeddable":true,"href":"http:\/\/ipekkirpik.org\/index.php\/wp-json\/wp\/v2\/comments?post=257"}],"version-history":[{"count":5,"href":"http:\/\/ipekkirpik.org\/index.php\/wp-json\/wp\/v2\/pages\/257\/revisions"}],"predecessor-version":[{"id":269,"href":"http:\/\/ipekkirpik.org\/index.php\/wp-json\/wp\/v2\/pages\/257\/revisions\/269"}],"wp:attachment":[{"href":"http:\/\/ipekkirpik.org\/index.php\/wp-json\/wp\/v2\/media?parent=257"}],"wp:term":[{"taxonomy":"post_tag","embeddable":true,"href":"http:\/\/ipekkirpik.org\/index.php\/wp-json\/wp\/v2\/tags?post=257"}],"curies":[{"name":"wp","href":"https:\/\/api.w.org\/{rel}","templated":true}]}}