{"id":24,"date":"2019-07-23T11:08:58","date_gmt":"2019-07-23T08:08:58","guid":{"rendered":"http:\/\/ipekkirpik.org\/?page_id=24"},"modified":"2024-11-14T19:28:15","modified_gmt":"2024-11-14T16:28:15","slug":"ipek-kirpik-bayilik","status":"publish","type":"page","link":"http:\/\/ipekkirpik.org\/index.php\/ipek-kirpik-bayilik\/","title":{"rendered":"\u0130pek Kirpik Bayilik"},"content":{"rendered":"\n<p>\u0130pek Kirpik Bayilik F\u0131rsatlar\u0131 . G\u00fczelik Sekt\u00f6r\u00fcnde trendi olan \u0130pek \nKirpik Uzatma Uygulamalar\u0131na artan ilgi \u0130pek Kirpik sat\u0131\u015flar\u0131na Cazip \nK\u0131lmaktad\u0131r. E\u011fer bulundu\u011funuz \u015fehirde G\u00fczellik salonu ve Kozmetik \nmalzeme sat\u0131\u015f\u0131 yapmaktasan\u0131z \u0130pek Kirpik Bayiili\u011fi ile i\u015f orta\u011f\u0131m\u0131z \nolabilirsiniz.<\/p>\n\n\n\n<p>\u0130pek Kirpik Bayilik \u015fartlar\u0131 i\u00e7in l\u00fctfen <a href=\"http:\/\/www.ipekkirpik.org\/iletisim\">\u0130leti\u015fim<\/a>e ge\u00e7iniz.<\/p>\n\n\n\n<p>Bayilik i\u00e7erisinde ;<\/p>\n\n\n\n<p>\u0130pek Kirpik T\u00fcm Malzeme ve Stoklar<\/p>\n\n\n\n<p>\u0130pek Kirpik Stand\u0131<\/p>\n\n\n\n<p>\u0130pek Kirpik E\u011fitimi<\/p>\n\n\n\n<p>\u0130pek Kirpik Afi\u015f ve G\u00f6rselleri<\/p>\n\n\n\n<p>\u0130pek Kirpik Web Destek<\/p>\n\n\n\n<p>\u0130pek Kirpik Bayiilik \u0130\u00e7in Aray\u0131.<\/p>\n","protected":false},"excerpt":{"rendered":"<p>\u0130pek Kirpik Bayilik F\u0131rsatlar\u0131 . G\u00fczelik Sekt\u00f6r\u00fcnde trendi olan \u0130pek Kirpik Uzatma Uygulamalar\u0131na artan ilgi \u0130pek Kirpik sat\u0131\u015flar\u0131na Cazip K\u0131lmaktad\u0131r. E\u011fer bulundu\u011funuz \u015fehirde G\u00fczellik salonu ve Kozmetik malzeme sat\u0131\u015f\u0131 yapmaktasan\u0131z \u0130pek Kirpik Bayiili\u011fi ile i\u015f orta\u011f\u0131m\u0131z olabilirsiniz. \u0130pek Kirpik Bayilik \u015fartlar\u0131 i\u00e7in l\u00fctfen \u0130leti\u015fime ge\u00e7iniz. Bayilik i\u00e7erisinde<\/p>\n","protected":false},"author":1,"featured_media":0,"parent":0,"menu_order":0,"comment_status":"closed","ping_status":"closed","template":"","meta":{"footnotes":""},"tags":[],"class_list":["post-24","page","type-page","status-publish","hentry"],"aioseo_notices":[],"_links":{"self":[{"href":"http:\/\/ipekkirpik.org\/index.php\/wp-json\/wp\/v2\/pages\/24","targetHints":{"allow":["GET"]}}],"collection":[{"href":"http:\/\/ipekkirpik.org\/index.php\/wp-json\/wp\/v2\/pages"}],"about":[{"href":"http:\/\/ipekkirpik.org\/index.php\/wp-json\/wp\/v2\/types\/page"}],"author":[{"embeddable":true,"href":"http:\/\/ipekkirpik.org\/index.php\/wp-json\/wp\/v2\/users\/1"}],"replies":[{"embeddable":true,"href":"http:\/\/ipekkirpik.org\/index.php\/wp-json\/wp\/v2\/comments?post=24"}],"version-history":[{"count":1,"href":"http:\/\/ipekkirpik.org\/index.php\/wp-json\/wp\/v2\/pages\/24\/revisions"}],"predecessor-version":[{"id":26,"href":"http:\/\/ipekkirpik.org\/index.php\/wp-json\/wp\/v2\/pages\/24\/revisions\/26"}],"wp:attachment":[{"href":"http:\/\/ipekkirpik.org\/index.php\/wp-json\/wp\/v2\/media?parent=24"}],"wp:term":[{"taxonomy":"post_tag","embeddable":true,"href":"http:\/\/ipekkirpik.org\/index.php\/wp-json\/wp\/v2\/tags?post=24"}],"curies":[{"name":"wp","href":"https:\/\/api.w.org\/{rel}","templated":true}]}}