{"id":221,"date":"2022-04-18T17:49:04","date_gmt":"2022-04-18T14:49:04","guid":{"rendered":"http:\/\/ipekkirpik.org\/?page_id=221"},"modified":"2022-04-20T09:46:46","modified_gmt":"2022-04-20T06:46:46","slug":"ipek-kirpik-primer-nedir","status":"publish","type":"page","link":"http:\/\/ipekkirpik.org\/index.php\/ipek-kirpik-primer-nedir\/","title":{"rendered":"\u0130pek Kirpik Primer Nedir ?"},"content":{"rendered":"\n<div class=\"wp-block-image is-style-rounded\"><figure class=\"alignright size-medium is-resized\"><img loading=\"lazy\" decoding=\"async\" src=\"http:\/\/ipekkirpik.org\/wp-content\/uploads\/2022\/04\/Ipek-Kirpik-Primer-Nedir-225x300.jpeg\" alt=\"\u0130pek Kirpik Primer Nedir\" class=\"wp-image-222\" width=\"225\" height=\"300\" srcset=\"http:\/\/ipekkirpik.org\/wp-content\/uploads\/2022\/04\/Ipek-Kirpik-Primer-Nedir-225x300.jpeg 225w, http:\/\/ipekkirpik.org\/wp-content\/uploads\/2022\/04\/Ipek-Kirpik-Primer-Nedir-768x1024.jpeg 768w, http:\/\/ipekkirpik.org\/wp-content\/uploads\/2022\/04\/Ipek-Kirpik-Primer-Nedir-1152x1536.jpeg 1152w, http:\/\/ipekkirpik.org\/wp-content\/uploads\/2022\/04\/Ipek-Kirpik-Primer-Nedir.jpeg 1536w\" sizes=\"auto, (max-width: 225px) 100vw, 225px\" \/><figcaption>\u0130pek Kirpik Primer Nedir<\/figcaption><\/figure><\/div>\n\n\n\n<h2 class=\"wp-block-heading\">\u0130pek Kirpik Primer Nedir ?<\/h2>\n\n\n\n<p><strong>\u0130pek Kirpik Primer Nedir<\/strong> ? ba\u015fl\u0131\u011f\u0131na de\u011finmeden s\u00f6ylememiz gerekir ki ; <strong>\u0130pek Kirpik<\/strong> uygulamas\u0131 ya\u011f sevmez. S\u00f6ze direk b\u00f6yle ba\u015flamak daha do\u011fru olur. M\u00fc\u015fterinizin kirpi\u011finde veya takt\u0131\u011f\u0131n\u0131z kirpikte ya\u011f olmamas\u0131 gerekir. \u00d6ncesinde m\u00fc\u015fterinizin sizi ziyarete gelemden g\u00f6z\u00fcnde makyaj, rimel olmamas\u0131 konusunda uyar\u0131yorsunuz. Ama bazen bu kurala uyulmuyor ve m\u00fc\u015fteriniz makyajla veya kirpik bak\u0131m ya\u011f\u0131 s\u00fcrm\u00fc\u015f halde gelebiliyor. B\u00f6yle olmasa bile yaz ay\u0131nda ki\u015finin terlemesi sonucu terlemi\u015f olabilece\u011fi i\u00e7in kirpiklerde ya\u011fl\u0131 olabiliyor. Bunun i\u00e7in uygulamaya ba\u015flamadan en \u00f6nce Primer ile g\u00f6z\u00fc temizlemeniz \u015fartt\u0131r. Ayn\u0131 \u015fekilde kirpik elleriniz de terliyorsan\u0131z ellerinizi s\u00fcrekli temizlemeniz \u015fart. \u00c7\u00fcnk\u00fc <a href=\"http:\/\/ipekkirpik.org\/index.php\/ipek-kirpik\/\">ipek kirpik<\/a> uygulamas\u0131nda \u00f6zellikle Volum kirpik haz\u0131rlarken eldiven takam\u0131yoruz. Bu y\u00fczden de ellerimizde ya\u011f haz\u0131rlad\u0131\u011f\u0131m\u0131z kirpiklere bula\u015fabilir. Bu haz\u0131rlad\u0131\u011f\u0131m\u0131z kirpiklerin yap\u0131\u015fmas\u0131n\u0131 bile engelleyebilir. Dikkat etmeniz gerekir.<\/p>\n\n\n\n<div class=\"wp-block-image is-style-rounded\"><figure class=\"alignleft size-medium\"><img loading=\"lazy\" decoding=\"async\" width=\"225\" height=\"300\" src=\"http:\/\/ipekkirpik.org\/wp-content\/uploads\/2022\/04\/ipek-kirpik-primer-225x300.jpg\" alt=\"\" class=\"wp-image-242\" srcset=\"http:\/\/ipekkirpik.org\/wp-content\/uploads\/2022\/04\/ipek-kirpik-primer-225x300.jpg 225w, http:\/\/ipekkirpik.org\/wp-content\/uploads\/2022\/04\/ipek-kirpik-primer.jpg 768w\" sizes=\"auto, (max-width: 225px) 100vw, 225px\" \/><\/figure><\/div>\n\n\n\n<h3 class=\"wp-block-heading\"><strong>\u0130pek Kirpik Bak\u0131mlar\u0131<\/strong><\/h3>\n\n\n\n<p>\u0130lk uygulama sonras\u0131nda Dan\u0131\u015fan\u0131n\u0131z\u0131 3 hafta veya 4 hafta 1 Bak\u0131ma davet ediyorsunuz. Aralarda d\u00f6k\u00fclen kirpikleri tekrar yerine tak\u0131yorsunuz ve \u00f6ne gelen veya d\u00fc\u015fmek \u00fczere olan kirpikleri temizliyorsunuz. Marka olarak tavsiye etti\u011fimiz Toplam kullan\u0131m s\u00fcresi 3 Ay \/4 Ay \u015feklinde oluyor. Sonras\u0131nda ise \u00e7\u0131kart\u0131l\u0131p 1 hafta ara verildikten sonra yeniden uygulamaya devam edebilirsiniz. Yani dan\u0131\u015fan\u0131n\u0131z\u0131 en fazla 3 kere bak\u0131ma davet edebilirsiniz. Sonras\u0131nda yeni bir uygulama gerektirir, Bak\u0131m\u0131 kald\u0131rmaz Kirpikler art\u0131k.<\/p>\n\n\n\n<h3 class=\"wp-block-heading\"><strong>\u0130pek Kirpik S\u00f6kme<\/strong><\/h3>\n\n\n\n<p>Takt\u0131\u011f\u0131n\u0131z kirpikleri m\u00fc\u015fteriniz bak\u0131mlara geldik\u00e7e uzun s\u00fcre kullan\u0131r. Sonras\u0131nda ise temizlenip en az birka\u00e7 g\u00fcn olsa da ara verilmesini tavsiye ediyoruz.<\/p>\n\n\n\n<figure class=\"wp-block-gallery has-nested-images columns-5 is-cropped wp-block-gallery-1 is-layout-flex wp-block-gallery-is-layout-flex\">\n<figure class=\"wp-block-image size-large\"><img loading=\"lazy\" decoding=\"async\" width=\"1024\" height=\"768\" data-id=\"223\" src=\"http:\/\/ipekkirpik.org\/wp-content\/uploads\/2022\/04\/ipek-kirpikler-1-1024x768.jpeg\" alt=\"ipek kirpikler (1)\" class=\"wp-image-223\" srcset=\"http:\/\/ipekkirpik.org\/wp-content\/uploads\/2022\/04\/ipek-kirpikler-1-1024x768.jpeg 1024w, http:\/\/ipekkirpik.org\/wp-content\/uploads\/2022\/04\/ipek-kirpikler-1-300x225.jpeg 300w, http:\/\/ipekkirpik.org\/wp-content\/uploads\/2022\/04\/ipek-kirpikler-1-768x576.jpeg 768w, http:\/\/ipekkirpik.org\/wp-content\/uploads\/2022\/04\/ipek-kirpikler-1-1536x1152.jpeg 1536w, http:\/\/ipekkirpik.org\/wp-content\/uploads\/2022\/04\/ipek-kirpikler-1.jpeg 2048w\" sizes=\"auto, (max-width: 1024px) 100vw, 1024px\" \/><figcaption>ipek kirpikler (1)<\/figcaption><\/figure>\n\n\n\n<figure class=\"wp-block-image size-large\"><img loading=\"lazy\" decoding=\"async\" width=\"768\" height=\"1024\" data-id=\"225\" src=\"http:\/\/ipekkirpik.org\/wp-content\/uploads\/2022\/04\/ipek-kirpikler-2-768x1024.jpeg\" alt=\"ipek kirpikler (1)\" class=\"wp-image-225\" srcset=\"http:\/\/ipekkirpik.org\/wp-content\/uploads\/2022\/04\/ipek-kirpikler-2-768x1024.jpeg 768w, http:\/\/ipekkirpik.org\/wp-content\/uploads\/2022\/04\/ipek-kirpikler-2-225x300.jpeg 225w, http:\/\/ipekkirpik.org\/wp-content\/uploads\/2022\/04\/ipek-kirpikler-2-1152x1536.jpeg 1152w, http:\/\/ipekkirpik.org\/wp-content\/uploads\/2022\/04\/ipek-kirpikler-2.jpeg 1536w\" sizes=\"auto, (max-width: 768px) 100vw, 768px\" \/><figcaption>ipek kirpikler (1)<\/figcaption><\/figure>\n\n\n\n<figure class=\"wp-block-image size-large\"><img loading=\"lazy\" decoding=\"async\" width=\"576\" height=\"1024\" data-id=\"224\" src=\"http:\/\/ipekkirpik.org\/wp-content\/uploads\/2022\/04\/ipek-kirpikler-3-576x1024.jpeg\" alt=\"ipek kirpikler (1)\" class=\"wp-image-224\" srcset=\"http:\/\/ipekkirpik.org\/wp-content\/uploads\/2022\/04\/ipek-kirpikler-3-576x1024.jpeg 576w, http:\/\/ipekkirpik.org\/wp-content\/uploads\/2022\/04\/ipek-kirpikler-3-169x300.jpeg 169w, http:\/\/ipekkirpik.org\/wp-content\/uploads\/2022\/04\/ipek-kirpikler-3-768x1365.jpeg 768w, http:\/\/ipekkirpik.org\/wp-content\/uploads\/2022\/04\/ipek-kirpikler-3-864x1536.jpeg 864w, http:\/\/ipekkirpik.org\/wp-content\/uploads\/2022\/04\/ipek-kirpikler-3.jpeg 960w\" sizes=\"auto, (max-width: 576px) 100vw, 576px\" \/><figcaption>ipek kirpikler (1)<\/figcaption><\/figure>\n\n\n\n<figure class=\"wp-block-image size-large\"><img loading=\"lazy\" decoding=\"async\" width=\"768\" height=\"1024\" data-id=\"228\" src=\"http:\/\/ipekkirpik.org\/wp-content\/uploads\/2022\/04\/ipek-kirpikler-4-768x1024.jpeg\" alt=\"ipek kirpikler (1)\" class=\"wp-image-228\" srcset=\"http:\/\/ipekkirpik.org\/wp-content\/uploads\/2022\/04\/ipek-kirpikler-4-768x1024.jpeg 768w, http:\/\/ipekkirpik.org\/wp-content\/uploads\/2022\/04\/ipek-kirpikler-4-225x300.jpeg 225w, http:\/\/ipekkirpik.org\/wp-content\/uploads\/2022\/04\/ipek-kirpikler-4-1152x1536.jpeg 1152w, http:\/\/ipekkirpik.org\/wp-content\/uploads\/2022\/04\/ipek-kirpikler-4.jpeg 1536w\" sizes=\"auto, (max-width: 768px) 100vw, 768px\" \/><figcaption>ipek kirpikler (1)<\/figcaption><\/figure>\n\n\n\n<figure class=\"wp-block-image size-large\"><img loading=\"lazy\" decoding=\"async\" width=\"768\" height=\"1024\" data-id=\"227\" src=\"http:\/\/ipekkirpik.org\/wp-content\/uploads\/2022\/04\/ipek-kirpikler-6-768x1024.jpeg\" alt=\"ipek kirpikler (1)\" class=\"wp-image-227\" srcset=\"http:\/\/ipekkirpik.org\/wp-content\/uploads\/2022\/04\/ipek-kirpikler-6-768x1024.jpeg 768w, http:\/\/ipekkirpik.org\/wp-content\/uploads\/2022\/04\/ipek-kirpikler-6-225x300.jpeg 225w, http:\/\/ipekkirpik.org\/wp-content\/uploads\/2022\/04\/ipek-kirpikler-6-1152x1536.jpeg 1152w, http:\/\/ipekkirpik.org\/wp-content\/uploads\/2022\/04\/ipek-kirpikler-6.jpeg 1536w\" sizes=\"auto, (max-width: 768px) 100vw, 768px\" \/><figcaption>ipek kirpikler (1)<\/figcaption><\/figure>\n\n\n\n<figure class=\"wp-block-image size-large\"><img loading=\"lazy\" decoding=\"async\" width=\"768\" height=\"1024\" data-id=\"226\" src=\"http:\/\/ipekkirpik.org\/wp-content\/uploads\/2022\/04\/ipek-kirpikler-7-768x1024.jpeg\" alt=\"ipek kirpikler (1)\" class=\"wp-image-226\" srcset=\"http:\/\/ipekkirpik.org\/wp-content\/uploads\/2022\/04\/ipek-kirpikler-7-768x1024.jpeg 768w, http:\/\/ipekkirpik.org\/wp-content\/uploads\/2022\/04\/ipek-kirpikler-7-225x300.jpeg 225w, http:\/\/ipekkirpik.org\/wp-content\/uploads\/2022\/04\/ipek-kirpikler-7-1152x1536.jpeg 1152w, http:\/\/ipekkirpik.org\/wp-content\/uploads\/2022\/04\/ipek-kirpikler-7.jpeg 1536w\" sizes=\"auto, (max-width: 768px) 100vw, 768px\" \/><figcaption>ipek kirpikler (1)<\/figcaption><\/figure>\n\n\n\n<figure class=\"wp-block-image size-large\"><img loading=\"lazy\" decoding=\"async\" width=\"768\" height=\"1024\" data-id=\"229\" src=\"http:\/\/ipekkirpik.org\/wp-content\/uploads\/2022\/04\/ipek-kirpikler-8-768x1024.jpeg\" alt=\"ipek kirpikler (1)\" class=\"wp-image-229\" srcset=\"http:\/\/ipekkirpik.org\/wp-content\/uploads\/2022\/04\/ipek-kirpikler-8-768x1024.jpeg 768w, http:\/\/ipekkirpik.org\/wp-content\/uploads\/2022\/04\/ipek-kirpikler-8-225x300.jpeg 225w, http:\/\/ipekkirpik.org\/wp-content\/uploads\/2022\/04\/ipek-kirpikler-8-1152x1536.jpeg 1152w, http:\/\/ipekkirpik.org\/wp-content\/uploads\/2022\/04\/ipek-kirpikler-8.jpeg 1536w\" sizes=\"auto, (max-width: 768px) 100vw, 768px\" \/><figcaption>ipek kirpikler (1)<\/figcaption><\/figure>\n\n\n\n<figure class=\"wp-block-image size-large\"><img loading=\"lazy\" decoding=\"async\" width=\"576\" height=\"1024\" data-id=\"231\" src=\"http:\/\/ipekkirpik.org\/wp-content\/uploads\/2022\/04\/kirpik-egitimi-1-576x1024.jpeg\" alt=\"kirpik e\u011fitimi (1)\" class=\"wp-image-231\" srcset=\"http:\/\/ipekkirpik.org\/wp-content\/uploads\/2022\/04\/kirpik-egitimi-1-576x1024.jpeg 576w, http:\/\/ipekkirpik.org\/wp-content\/uploads\/2022\/04\/kirpik-egitimi-1-169x300.jpeg 169w, http:\/\/ipekkirpik.org\/wp-content\/uploads\/2022\/04\/kirpik-egitimi-1-768x1365.jpeg 768w, http:\/\/ipekkirpik.org\/wp-content\/uploads\/2022\/04\/kirpik-egitimi-1-864x1536.jpeg 864w, http:\/\/ipekkirpik.org\/wp-content\/uploads\/2022\/04\/kirpik-egitimi-1.jpeg 1152w\" sizes=\"auto, (max-width: 576px) 100vw, 576px\" \/><figcaption>kirpik e\u011fitimi (1)<\/figcaption><\/figure>\n\n\n\n<figure class=\"wp-block-image size-large\"><img loading=\"lazy\" decoding=\"async\" width=\"768\" height=\"1024\" data-id=\"230\" src=\"http:\/\/ipekkirpik.org\/wp-content\/uploads\/2022\/04\/kirpik-egitimi-2-768x1024.jpeg\" alt=\"kirpik e\u011fitimi (1)\" class=\"wp-image-230\" srcset=\"http:\/\/ipekkirpik.org\/wp-content\/uploads\/2022\/04\/kirpik-egitimi-2-768x1024.jpeg 768w, http:\/\/ipekkirpik.org\/wp-content\/uploads\/2022\/04\/kirpik-egitimi-2-225x300.jpeg 225w, http:\/\/ipekkirpik.org\/wp-content\/uploads\/2022\/04\/kirpik-egitimi-2-1152x1536.jpeg 1152w, http:\/\/ipekkirpik.org\/wp-content\/uploads\/2022\/04\/kirpik-egitimi-2.jpeg 1536w\" sizes=\"auto, (max-width: 768px) 100vw, 768px\" \/><figcaption>kirpik e\u011fitimi (1)<\/figcaption><\/figure>\n\n\n\n<figure class=\"wp-block-image size-large\"><img loading=\"lazy\" decoding=\"async\" width=\"576\" height=\"1024\" data-id=\"235\" src=\"http:\/\/ipekkirpik.org\/wp-content\/uploads\/2022\/04\/kirpik-egitimi-6-576x1024.jpeg\" alt=\"kirpik e\u011fitimi (1)\" class=\"wp-image-235\" srcset=\"http:\/\/ipekkirpik.org\/wp-content\/uploads\/2022\/04\/kirpik-egitimi-6-576x1024.jpeg 576w, http:\/\/ipekkirpik.org\/wp-content\/uploads\/2022\/04\/kirpik-egitimi-6-169x300.jpeg 169w, http:\/\/ipekkirpik.org\/wp-content\/uploads\/2022\/04\/kirpik-egitimi-6-768x1365.jpeg 768w, http:\/\/ipekkirpik.org\/wp-content\/uploads\/2022\/04\/kirpik-egitimi-6-864x1536.jpeg 864w, http:\/\/ipekkirpik.org\/wp-content\/uploads\/2022\/04\/kirpik-egitimi-6.jpeg 960w\" sizes=\"auto, (max-width: 576px) 100vw, 576px\" \/><figcaption>kirpik e\u011fitimi (1)<\/figcaption><\/figure>\n<figcaption class=\"blocks-gallery-caption\">Primer Nedir<\/figcaption><\/figure>\n\n\n\n<figure class=\"wp-block-embed aligncenter is-type-video is-provider-youtube wp-block-embed-youtube wp-embed-aspect-16-9 wp-has-aspect-ratio\"><div class=\"wp-block-embed__wrapper\">\n<iframe loading=\"lazy\" title=\"Russian Volume \u0130pek Kirpik E\u011fitimi\" width=\"600\" height=\"338\" src=\"https:\/\/www.youtube.com\/embed\/_Np4EmpFl-g?start=1&#038;feature=oembed\" frameborder=\"0\" allow=\"accelerometer; autoplay; clipboard-write; encrypted-media; gyroscope; picture-in-picture; web-share\" referrerpolicy=\"strict-origin-when-cross-origin\" allowfullscreen><\/iframe>\n<\/div><figcaption>Russian Volume \u0130pek Kirpik E\u011fitimi<\/figcaption><\/figure>\n\n\n\n<blockquote class=\"wp-block-quote is-layout-flow wp-block-quote-is-layout-flow\"><p>\u0130pek kirpik merkezimizi bilgi ve e\u011fitim almak i\u00e7in ziyaret etmeyi yada ileti\u015fime ge\u00e7meyi unutmay\u0131n.<\/p><cite><a href=\"https:\/\/fairlash.com\/\" target=\"_blank\" rel=\"noreferrer noopener\">FAIRLASH<\/a><\/cite><\/blockquote>\n","protected":false},"excerpt":{"rendered":"<p>\u0130pek Kirpik Primer Nedir ? \u0130pek Kirpik Primer Nedir ? ba\u015fl\u0131\u011f\u0131na de\u011finmeden s\u00f6ylememiz gerekir ki ; \u0130pek Kirpik uygulamas\u0131 ya\u011f sevmez. S\u00f6ze direk b\u00f6yle ba\u015flamak daha do\u011fru olur. M\u00fc\u015fterinizin kirpi\u011finde veya takt\u0131\u011f\u0131n\u0131z kirpikte ya\u011f olmamas\u0131 gerekir. \u00d6ncesinde m\u00fc\u015fterinizin sizi ziyarete gelemden g\u00f6z\u00fcnde makyaj, rimel olmamas\u0131 konusunda uyar\u0131yorsunuz.<\/p>\n","protected":false},"author":1,"featured_media":0,"parent":0,"menu_order":0,"comment_status":"closed","ping_status":"closed","template":"","meta":{"footnotes":""},"tags":[69,3,70,65,44,73,68,67,71,74,62,72,66],"class_list":["post-221","page","type-page","status-publish","hentry","tag-florya-ipek-kirpik","tag-ipek-kirpik","tag-ipek-kirpik-bakimi","tag-ipek-kirpik-etiler","tag-ipek-kirpik-florya","tag-ipek-kirpik-kadikoy","tag-ipek-kirpik-malzemeleri-istanbul","tag-ipek-kirpik-nisantasi","tag-ipek-kirpik-primer-nasil-kullanilir","tag-ipek-kirpik-primer-nedir","tag-ipek-kirpik-seti-en-iyi-marka","tag-ipek-kirpik-temizligi","tag-wimpern-extension"],"aioseo_notices":[],"_links":{"self":[{"href":"http:\/\/ipekkirpik.org\/index.php\/wp-json\/wp\/v2\/pages\/221","targetHints":{"allow":["GET"]}}],"collection":[{"href":"http:\/\/ipekkirpik.org\/index.php\/wp-json\/wp\/v2\/pages"}],"about":[{"href":"http:\/\/ipekkirpik.org\/index.php\/wp-json\/wp\/v2\/types\/page"}],"author":[{"embeddable":true,"href":"http:\/\/ipekkirpik.org\/index.php\/wp-json\/wp\/v2\/users\/1"}],"replies":[{"embeddable":true,"href":"http:\/\/ipekkirpik.org\/index.php\/wp-json\/wp\/v2\/comments?post=221"}],"version-history":[{"count":6,"href":"http:\/\/ipekkirpik.org\/index.php\/wp-json\/wp\/v2\/pages\/221\/revisions"}],"predecessor-version":[{"id":245,"href":"http:\/\/ipekkirpik.org\/index.php\/wp-json\/wp\/v2\/pages\/221\/revisions\/245"}],"wp:attachment":[{"href":"http:\/\/ipekkirpik.org\/index.php\/wp-json\/wp\/v2\/media?parent=221"}],"wp:term":[{"taxonomy":"post_tag","embeddable":true,"href":"http:\/\/ipekkirpik.org\/index.php\/wp-json\/wp\/v2\/tags?post=221"}],"curies":[{"name":"wp","href":"https:\/\/api.w.org\/{rel}","templated":true}]}}