{"id":212,"date":"2022-04-16T17:24:22","date_gmt":"2022-04-16T14:24:22","guid":{"rendered":"http:\/\/ipekkirpik.org\/?page_id=212"},"modified":"2022-04-18T12:54:19","modified_gmt":"2022-04-18T09:54:19","slug":"ipek-kirpik-yapistiricilari-ve-ozellikleri","status":"publish","type":"page","link":"http:\/\/ipekkirpik.org\/index.php\/ipek-kirpik-yapistiricilari-ve-ozellikleri\/","title":{"rendered":"\u0130pek Kirpik Yap\u0131\u015ft\u0131r\u0131c\u0131lar\u0131 ve \u00d6zellikleri"},"content":{"rendered":"\n<div class=\"wp-block-image is-style-rounded\"><figure class=\"alignright size-medium\"><img loading=\"lazy\" decoding=\"async\" width=\"225\" height=\"300\" src=\"http:\/\/ipekkirpik.org\/wp-content\/uploads\/2022\/04\/Ipek-Kirpik-Yapistiricilari-225x300.jpeg\" alt=\"\u0130pek Kirpik Yap\u0131\u015ft\u0131r\u0131c\u0131lar\u0131\" class=\"wp-image-214\" srcset=\"http:\/\/ipekkirpik.org\/wp-content\/uploads\/2022\/04\/Ipek-Kirpik-Yapistiricilari-225x300.jpeg 225w, http:\/\/ipekkirpik.org\/wp-content\/uploads\/2022\/04\/Ipek-Kirpik-Yapistiricilari.jpeg 768w\" sizes=\"auto, (max-width: 225px) 100vw, 225px\" \/><figcaption>\u0130pek Kirpik Yap\u0131\u015ft\u0131r\u0131c\u0131lar\u0131<\/figcaption><\/figure><\/div>\n\n\n\n<p>Her markan\u0131n <strong>\u0130pek Kirpik Yap\u0131\u015ft\u0131r\u0131c\u0131lar\u0131 ve \u00d6zellikleri<\/strong> farkl\u0131 olabilir. Buna g\u00f6re kal\u0131c\u0131l\u0131k s\u00fcreleri ve uygulama esnas\u0131nda kuruma h\u0131zlar\u0131 de\u011fi\u015fkendir . Fairlash markas\u0131 haricinde bir \u00fcr\u00fcn alaca\u011f\u0131n\u0131z zaman da nelere dikkat etmeniz gerekiyor hepsinden bahsedece\u011fiz .<br>Yap\u0131\u015ft\u0131r\u0131c\u0131larda Araman\u0131z gereken \u00f6zellikler<\/p>\n\n\n\n<ul class=\"wp-block-list\"><li><strong>Antialerjik olmas\u0131<\/strong><\/li><\/ul>\n\n\n\n<ul class=\"wp-block-list\"><li><strong>Flexible olmas\u0131 ( anti flexible olmayacak )<\/strong><\/li><\/ul>\n\n\n\n<ul class=\"wp-block-list\"><li><strong>Kal\u0131c\u0131l\u0131k s\u00fcresi<\/strong><\/li><\/ul>\n\n\n\n<ul class=\"wp-block-list\"><li><strong>Kuruma h\u0131z\u0131<\/strong><\/li><\/ul>\n\n\n\n<p>Bu \u00f6nemli maddelerin Hepsinden tek tek bahsetmek gerekir. <\/p>\n\n\n\n<p>\u00d6ncelikle tabiki insan uzvuna uygulama yapabilece\u011fimiz \u00f6zellikle alerji yaratmamas\u0131 i\u00e7in <strong>antialerjik \u00f6zellikte<\/strong> olmas\u0131. Burada hemen bir parantez a\u00e7arak belirtmek gerekir ki normalde rimele , deterjana alerjisi olanlar , egzamas\u0131 olan ki\u015filere uygulama yapmaktan ka\u00e7\u0131n\u0131n . \u00c7\u00fcnk\u00fc \u00e7ok hassas cilter i\u00e7in riskli bir durum olu\u015fturabilir.<\/p>\n\n\n\n<p>\u0130kinci \u00f6zellik olan <strong>flexible \u00f6zelli\u011fi<\/strong> ise \u015fu demek : dondu\u011fu yerde a\u015f\u0131r\u0131 ta\u015fla\u015fma yapmamas\u0131 veya bir m\u00fcddet sonra yap\u0131\u015ft\u0131r\u0131c\u0131n\u0131n beyazlamamas\u0131 demek . Bu estetik g\u00f6r\u00fcnt\u00fc a\u00e7\u0131s\u0131ndan ve m\u00fc\u015fterinin rahat kullan\u0131m\u0131 a\u00e7\u0131s\u0131ndan \u00e7ok \u00f6nemli bir husustur .<\/p>\n\n\n\n<p><strong>Kal\u0131c\u0131l\u0131k S\u00fcresi<\/strong> de tabiki m\u00fc\u015fterimizin bize bak\u0131ma gelme h\u0131z\u0131n\u0131 belirler . Siz de ipek kirpik takt\u0131r\u0131yor olsan\u0131z en uzun kal\u0131c\u0131l\u0131\u011f\u0131 beklersiniz. Bu y\u00fczden 1\/2 hafta 2\/3 hafta , 3\/4 hafta olan 4\/5 hafta olan yap\u0131\u015ft\u0131r\u0131c\u0131lardan en uzun s\u00fcreli olanlar\u0131n\u0131 tercih edersiniz ; m\u00fc\u015fterilerinizin memnuniyeti a\u00e7\u0131s\u0131ndan pek iyi olacakt\u0131r .<\/p>\n\n\n\n<div class=\"wp-block-image is-style-rounded\"><figure class=\"alignright size-medium\"><img loading=\"lazy\" decoding=\"async\" width=\"225\" height=\"300\" src=\"http:\/\/ipekkirpik.org\/wp-content\/uploads\/2022\/04\/ipek-kirpik-yapistiricisi-1-225x300.jpeg\" alt=\"ipek kirpik yap\u0131\u015ft\u0131r\u0131c\u0131s\u0131\" class=\"wp-image-213\" srcset=\"http:\/\/ipekkirpik.org\/wp-content\/uploads\/2022\/04\/ipek-kirpik-yapistiricisi-1-225x300.jpeg 225w, http:\/\/ipekkirpik.org\/wp-content\/uploads\/2022\/04\/ipek-kirpik-yapistiricisi-1.jpeg 768w\" sizes=\"auto, (max-width: 225px) 100vw, 225px\" \/><figcaption>ipek kirpik yap\u0131\u015ft\u0131r\u0131c\u0131s\u0131<\/figcaption><\/figure><\/div>\n\n\n\n<p><strong>Kuruma h\u0131z\u0131 nedir<\/strong> hemen onu da a\u00e7\u0131klayal\u0131m. \u00c7ok eski kirpik videolar\u0131na bakarsan\u0131z e\u011fer kirpi\u011fi kurutmak i\u00e7in kullan\u0131lan k\u00fc\u00e7\u00fck pompalar\u0131 g\u00f6r\u00fcrs\u00fcn\u00fcz. Tak\u0131lan kirpik sa\u011fa sola d\u00f6nmesin diye hemen kurutmak i\u00e7in pompa ile destek sa\u011fl\u0131yorduk. \u00c7\u00fcnk\u00fc 7\/8 saniyelere varan kuruma s\u00fcreleri oluyordu. <\/p>\n\n\n\n<p>\u015eu anki kirpik yap\u0131\u015ft\u0131r\u0131c\u0131lar\u0131n genel kuruma h\u0131z ise tabiki daha d\u00fc\u015f\u00fck. 2\/3 saniye 3\/4 saniye diye de\u011fi\u015fiyor . Buna ba\u011fl\u0131 olarak da ekstra bir \u015fey ile kurutman\u0131za gerek kalm\u0131yor .Sadece \u015fu dezavantaj\u0131 olabilir hemen ipek kirpi\u011fi takmak zorunda kalacaks\u0131n\u0131z yoksa yap\u0131\u015ft\u0131r\u0131c\u0131n\u0131z ipek kirpi\u011fin \u00fczerinde donacakt\u0131r . Daha h\u0131zl\u0131 olmak i\u00e7in pratik y\u00f6ntemleri e\u011fitmeninize sorabilirsiniz.<\/p>\n\n\n\n<h2 class=\"wp-block-heading\">\u0130pek Kirpik Yap\u0131\u015ft\u0131r\u0131c\u0131lar\u0131 ile ilgili Notlar<\/h2>\n\n\n\n<ol class=\"wp-block-list\"><li>A\u011fz\u0131n\u0131 a\u00e7t\u0131ktan sonra havayla temas etti\u011fi i\u00e7in oksitlenmeye ba\u015flayacakt\u0131r . Bu y\u00fczden markadan markaya g\u00f6re de\u011fi\u015fen belli kullan\u0131m s\u00fcreleri vard\u0131r .<\/li><li>Uygulama esnas\u0131nda d\u00f6kt\u00fc\u011f\u00fcn\u00fcz yap\u0131\u015ft\u0131r\u0131c\u0131 da belli bir sonra donmaya ba\u015flayaca\u011f\u0131 i\u00e7in ( ortalama 20 dk \u2013 ortam\u0131n s\u0131cakl\u0131k durumuna ve klima olup olmad\u0131\u011f\u0131na g\u00f6re de\u011fi\u015fir ) \u00e7ok a\u015f\u0131r\u0131 bir yap\u0131\u015ft\u0131r\u0131c\u0131 oran\u0131 alman\u0131z\u0131 tavsiye etmiyoruz .Bittik\u00e7e tazeleyebilece\u011finiz tarzda azar azar alman\u0131z daha do\u011fru olacakt\u0131r .<\/li><li>Yap\u0131\u015ft\u0131r\u0131c\u0131n\u0131z\u0131 a\u011fz\u0131 a\u00e7\u0131k k\u0131sa s\u00fcrelerde bile olsa b\u0131rakmaman\u0131n\u0131z \u00f6nemlidir.<\/li><li>Dan\u0131\u015fan\u0131n\u0131z\u0131n g\u00f6z kapa\u011f\u0131 ile temas\u0131ndan ka\u00e7\u0131n\u0131n .<\/li><\/ol>\n\n\n\n<blockquote class=\"wp-block-quote has-text-align-right is-layout-flow wp-block-quote-is-layout-flow\"><p>Fairlash \u0130pek Kirpik Uygulama ve Sat\u0131\u015f ( \u0130pek Kirpik Yap\u0131\u015ft\u0131r\u0131c\u0131 &#8211; \u0130pek Kirpik &#8211; \u0130pek Kirpik C\u0131mb\u0131zlar\u0131 ) \u0130\u00e7in Merkezimizle <a href=\"http:\/\/ipekkirpik.org\/index.php\/iletisim\/\" title=\"\u0130leti\u015fim\">\u0130leti\u015fime Ge\u00e7in.<\/a><\/p><cite><a href=\"https:\/\/fairlash.com\/\" target=\"_blank\" rel=\"noreferrer noopener\">FARIRLASH<\/a><\/cite><\/blockquote>\n","protected":false},"excerpt":{"rendered":"<p>Her markan\u0131n \u0130pek Kirpik Yap\u0131\u015ft\u0131r\u0131c\u0131lar\u0131 ve \u00d6zellikleri farkl\u0131 olabilir. Buna g\u00f6re kal\u0131c\u0131l\u0131k s\u00fcreleri ve uygulama esnas\u0131nda kuruma h\u0131zlar\u0131 de\u011fi\u015fkendir . Fairlash markas\u0131 haricinde bir \u00fcr\u00fcn alaca\u011f\u0131n\u0131z zaman da nelere dikkat etmeniz gerekiyor hepsinden bahsedece\u011fiz .Yap\u0131\u015ft\u0131r\u0131c\u0131larda Araman\u0131z gereken \u00f6zellikler Antialerjik olmas\u0131 Flexible olmas\u0131 ( anti flexible olmayacak )<\/p>\n","protected":false},"author":1,"featured_media":0,"parent":0,"menu_order":0,"comment_status":"closed","ping_status":"closed","template":"","meta":{"footnotes":""},"tags":[5,12,25,3,35,6,4,40,64],"class_list":["post-212","page","type-page","status-publish","hentry","tag-3d-ipek-kirpik","tag-3d-ipek-kirpik-nedir","tag-fairlash","tag-ipek-kirpik","tag-ipek-kirpik-egitimi","tag-ipek-kirpik-fiyatlari","tag-ipek-kirpik-merkezi","tag-ipek-kirpik-yapistiricisi","tag-kirpik-yapistiricisi"],"aioseo_notices":[],"_links":{"self":[{"href":"http:\/\/ipekkirpik.org\/index.php\/wp-json\/wp\/v2\/pages\/212","targetHints":{"allow":["GET"]}}],"collection":[{"href":"http:\/\/ipekkirpik.org\/index.php\/wp-json\/wp\/v2\/pages"}],"about":[{"href":"http:\/\/ipekkirpik.org\/index.php\/wp-json\/wp\/v2\/types\/page"}],"author":[{"embeddable":true,"href":"http:\/\/ipekkirpik.org\/index.php\/wp-json\/wp\/v2\/users\/1"}],"replies":[{"embeddable":true,"href":"http:\/\/ipekkirpik.org\/index.php\/wp-json\/wp\/v2\/comments?post=212"}],"version-history":[{"count":2,"href":"http:\/\/ipekkirpik.org\/index.php\/wp-json\/wp\/v2\/pages\/212\/revisions"}],"predecessor-version":[{"id":220,"href":"http:\/\/ipekkirpik.org\/index.php\/wp-json\/wp\/v2\/pages\/212\/revisions\/220"}],"wp:attachment":[{"href":"http:\/\/ipekkirpik.org\/index.php\/wp-json\/wp\/v2\/media?parent=212"}],"wp:term":[{"taxonomy":"post_tag","embeddable":true,"href":"http:\/\/ipekkirpik.org\/index.php\/wp-json\/wp\/v2\/tags?post=212"}],"curies":[{"name":"wp","href":"https:\/\/api.w.org\/{rel}","templated":true}]}}