{"id":21,"date":"2019-07-23T11:07:56","date_gmt":"2019-07-23T08:07:56","guid":{"rendered":"http:\/\/ipekkirpik.org\/?page_id=21"},"modified":"2019-07-23T11:07:56","modified_gmt":"2019-07-23T08:07:56","slug":"ipek-kirpik-uygulamasi","status":"publish","type":"page","link":"http:\/\/ipekkirpik.org\/index.php\/ipek-kirpik-uygulamasi\/","title":{"rendered":"\u0130pek Kirpik Uygulamas\u0131"},"content":{"rendered":"\n<h4 class=\"wp-block-heading\">\u0130pek Kirpik Uygulamas\u0131<\/h4>\n\n\n\n<p>\u0130pek Kirpik uygulamas\u0131 \u00f6ncesinde mutlaka okuman\u0131z gereken bir yaz\u0131 haz\u0131rlad\u0131k.<\/p>\n\n\n\n<p>\u0130pek kirpik Uygulatmak isteyenler ;<br>\n\u00d6ncelikle olarak ambalajs\u0131z bir yap\u0131\u015ft\u0131r\u0131c\u0131 kullan\u0131l\u0131yorsa sak\u0131n uygulatmay\u0131n<br>\nKirpiklerin dokusuna dikkat edin ve inceleyin<br>\nKirpiklerin k\u0131vr\u0131kl\u0131\u011f\u0131n\u0131 ve kal\u0131nl\u0131\u011f\u0131na belirleyin<br>\n\u0130\u015flem sonras\u0131n en az 1 saat kirpiklerinizin a\u011f\u0131rl\u0131\u011f\u0131n\u0131n azalmas\u0131 gerekti\u011fine ve asla g\u00f6lge yapmamas\u0131 gerekti\u011fine dikkat edin<br>\nDiplerine ekleme yap\u0131lmad\u0131\u011f\u0131na \u00f6zen g\u00f6sterin.<\/p>\n\n\n\n<div class=\"wp-block-image\"><figure class=\"alignright\"><a href=\"https:\/\/web.archive.org\/web\/20181111030331\/http:\/\/www.ipekkirpik.org\/wp-content\/uploads\/2014\/09\/ipek-kirpik-merkezi.jpg\" rel=\"wp-prettyPhoto[21]\"><img decoding=\"async\" src=\"https:\/\/web.archive.org\/web\/20181111030331im_\/http:\/\/www.ipekkirpik.org\/wp-content\/uploads\/2014\/09\/ipek-kirpik-merkezi-300x200.jpg\" alt=\"ipek kirpik merkezi\" class=\"wp-image-1115\"\/><\/a><\/figure><\/div>\n\n\n\n<p>\u0130pek kirpik uzmanlar\u0131 ve \u0130pek Kirpik Yapan Merkezler<br>\n\u0130pek kirpiklerden ziyade yap\u0131\u015ft\u0131r\u0131c\u0131ya \u00f6nem verin.<br>\nK\u0131vam\u0131 jel gibi , rengi siyah olmal\u0131 . Beyaz renkte yada renksiz yap\u0131\u015ft\u0131r\u0131c\u0131lar\u0131 tercih etmeyin.<br>\nMutlaka e\u011fitimli uzmanlar bulundurun.<br>\nDaha \u00f6nceden takma kirpik takan manikrc\u00fc veya maky\u00f6zlere g\u00fcvenmeyin ; bu\n tamamen farkl\u0131 ve incelik isteyen bir uygulama. Yanl\u0131\u015f tak\u0131mlar \ny\u00fcz\u00fcnden var olan potansiyel m\u00fc\u015fterinizi \u00fczebilir , kaybedebilirsiniz.<br>\nM\u00fc\u015fterinize kirik boyu , kal\u0131nl\u0131\u011f\u0131 ve k\u0131vr\u0131kl\u0131\u011f\u0131 olarak alternatifler \nsunun. Tek boy yap\u0131lan uygulamalar \u00e7ok k\u00f6t\u00fc g\u00f6r\u00fcnmekte , en az 1 ka\u00e7 boy\n birden kullan\u0131n.<br>\n\u00c7\u0131kar\u0131c\u0131 mutlaka olsun .<br>\nC\u0131mb\u0131zlar\u0131 ince u\u00e7lu ve uzun olmak zorunda. Kesinlikle 2 c\u0131mb\u0131zla \u00e7al\u0131\u015f\u0131lmas\u0131 gerek.<br>\nG\u00f6z alt\u0131 band\u0131 k\u0131sm\u0131n\u0131 sak\u0131n atlamay\u0131n. Yoksa m\u00fc\u015fterinizin altla \u00fcst k\u0131sm\u0131 biririne yap\u0131\u015f\u0131r ve m\u00fc\u015fteriniz g\u00f6zlerini a\u00e7amaz.<br>\n\u0130\u015flem bittikten sonra 5 dakika m\u00fc\u015fterinizin g\u00f6zleri kapal\u0131 kals\u0131n hemen a\u00e7t\u0131rmay\u0131n.<br>\nG\u00f6zlerini a\u00e7t\u0131ktan sonra m\u00fc\u015fterinizin g\u00f6zlerini kontrol edin , sa\u011fa sola\n bakt\u0131r\u0131n. Herhangi bir batma veya \u00e7ekme var m\u0131&nbsp; diye . Sorun varsa \nd\u00fczeltin , son r\u00f6tu\u015flar\u0131 yap\u0131n.<br>\nM\u00fc\u015fterinize 24 saat su de\u011fdirmemesi gerekti\u011fini ve yatarken y\u00fcz \u00fcst\u00fc yatmamas\u0131 gerekti\u011fini belirtin.<\/p>\n\n\n\n<p>\u0130pek kirpik \u00e7e\u015fitleri ;<\/p>\n\n\n\n<p>A \u2013 Mink Kirpik Uygulamas\u0131 :En \u00f6zel kirpik uzatma y\u00f6ntemidir. Bu da \nmink yani vizon k\u0131l\u0131ndan elde edilir ve \u00e7ok incedir . Hi\u00e7bir \u015fekilde \ng\u00f6z\u00fcn\u00fczde kirpik oldu\u011funu hissetmezsiniz. Batma veya \u00e7ekme yapmaz. \u015eu an\n D\u00fcnyadaki son sistem \u0130pek Kirpik Uygulamas\u0131d\u0131r. Jennifer Lopezve kim \nkardashian kullan\u0131r.<br>\nB \u2013 Tekli \u0130pek Kirpik : Tek tek tak\u0131lan ipek kirpik uygulamas\u0131<br>\nC- 3D \u0130pek Kirpik Uygulamas\u0131 : E\u011fer kendi kirpik yo\u011funlu\u011funuz az ise \u00e7ok\n a\u015f\u0131r\u0131 derecede g\u00fcrl\u00fck katmaz. Sizin i\u00e7in 3d \u0130pek Kirpik sistemi daha \nuygundur. Bu sistemde de tek bir kirpik vard\u0131r yaln\u0131z bu kirpik ortadan \nitibaren&nbsp; 3 e b\u00f6l\u00fcnd\u00fc\u011f\u00fc i\u00e7in de X3 kat\u0131 bir yo\u011funluk kazand\u0131r\u0131r.<\/p>\n\n\n\n<p>\u0130pek kirpik fiyatlar\u0131 i\u00e7in t\u0131klay\u0131n\u0131z.<\/p>\n\n\n\n<p>\u015eimdilik bilgiler bu kadar<br>\nTekrar g\u00f6r\u00fc\u015fmek \u00fczere diyelim.<\/p>\n\n\n\n<p>E\u011fitmen Nurg\u00fcl KOLUKIRIK<\/p>\n\n\n\n<p>E\u011fer sizde \u0130pek Kirpik Uygulatmak veya \u0130pek Kirpik Seti almak \nistiyorsan\u0131z&nbsp; 444 3 671 \u00c7a\u011fr\u0131 Merkezinden bizlere ula\u015fabilir , uzman\u0131m\u0131z\n Nurg\u00fcl Koluk\u0131r\u0131k ile g\u00f6r\u00fc\u015febilirsiniz.<\/p>\n\n\n\n<p>web site : http:\/\/www.ipekkirpik.org\/<br>\nmy blog : ipekkirpikseti.blogspot.com.tr<br>\nfacebook: https:\/\/www.facebook.com\/3DipekKirpik<br>\ninstagram:http:\/\/instagram.com\/makyoznurgulkolukirik#<br>\nVideolar : http:\/\/www.izlesene.com\/kanal\/nurgulkolukirik#\/<\/p>\n","protected":false},"excerpt":{"rendered":"<p>\u0130pek Kirpik Uygulamas\u0131 \u0130pek Kirpik uygulamas\u0131 \u00f6ncesinde mutlaka okuman\u0131z gereken bir yaz\u0131 haz\u0131rlad\u0131k. \u0130pek kirpik Uygulatmak isteyenler ; \u00d6ncelikle olarak ambalajs\u0131z bir yap\u0131\u015ft\u0131r\u0131c\u0131 kullan\u0131l\u0131yorsa sak\u0131n uygulatmay\u0131n Kirpiklerin dokusuna dikkat edin ve inceleyin Kirpiklerin k\u0131vr\u0131kl\u0131\u011f\u0131n\u0131 ve kal\u0131nl\u0131\u011f\u0131na belirleyin \u0130\u015flem sonras\u0131n en az 1 saat kirpiklerinizin a\u011f\u0131rl\u0131\u011f\u0131n\u0131n azalmas\u0131 gerekti\u011fine<\/p>\n","protected":false},"author":1,"featured_media":0,"parent":0,"menu_order":0,"comment_status":"closed","ping_status":"closed","template":"","meta":{"footnotes":""},"tags":[],"class_list":["post-21","page","type-page","status-publish","hentry"],"aioseo_notices":[],"_links":{"self":[{"href":"http:\/\/ipekkirpik.org\/index.php\/wp-json\/wp\/v2\/pages\/21","targetHints":{"allow":["GET"]}}],"collection":[{"href":"http:\/\/ipekkirpik.org\/index.php\/wp-json\/wp\/v2\/pages"}],"about":[{"href":"http:\/\/ipekkirpik.org\/index.php\/wp-json\/wp\/v2\/types\/page"}],"author":[{"embeddable":true,"href":"http:\/\/ipekkirpik.org\/index.php\/wp-json\/wp\/v2\/users\/1"}],"replies":[{"embeddable":true,"href":"http:\/\/ipekkirpik.org\/index.php\/wp-json\/wp\/v2\/comments?post=21"}],"version-history":[{"count":1,"href":"http:\/\/ipekkirpik.org\/index.php\/wp-json\/wp\/v2\/pages\/21\/revisions"}],"predecessor-version":[{"id":23,"href":"http:\/\/ipekkirpik.org\/index.php\/wp-json\/wp\/v2\/pages\/21\/revisions\/23"}],"wp:attachment":[{"href":"http:\/\/ipekkirpik.org\/index.php\/wp-json\/wp\/v2\/media?parent=21"}],"wp:term":[{"taxonomy":"post_tag","embeddable":true,"href":"http:\/\/ipekkirpik.org\/index.php\/wp-json\/wp\/v2\/tags?post=21"}],"curies":[{"name":"wp","href":"https:\/\/api.w.org\/{rel}","templated":true}]}}