{"id":207,"date":"2022-04-15T17:27:24","date_gmt":"2022-04-15T14:27:24","guid":{"rendered":"http:\/\/ipekkirpik.org\/?page_id=207"},"modified":"2022-04-15T17:55:25","modified_gmt":"2022-04-15T14:55:25","slug":"ipek-kirpik-nedir","status":"publish","type":"page","link":"http:\/\/ipekkirpik.org\/index.php\/ipek-kirpik-nedir\/","title":{"rendered":"\u0130pek Kirpik Nedir ?"},"content":{"rendered":"\n<div class=\"wp-block-image is-style-rounded\"><figure class=\"alignright size-medium is-resized\"><img loading=\"lazy\" decoding=\"async\" src=\"http:\/\/ipekkirpik.org\/wp-content\/uploads\/2019\/12\/ipek-kirpik-2-e1576511793734-300x240.jpg\" alt=\"\u0130pek Kirpik Nedir\" class=\"wp-image-154\" width=\"300\" height=\"240\" srcset=\"http:\/\/ipekkirpik.org\/wp-content\/uploads\/2019\/12\/ipek-kirpik-2-e1576511793734-300x240.jpg 300w, http:\/\/ipekkirpik.org\/wp-content\/uploads\/2019\/12\/ipek-kirpik-2-e1576511793734-768x615.jpg 768w, http:\/\/ipekkirpik.org\/wp-content\/uploads\/2019\/12\/ipek-kirpik-2-e1576511793734-1024x819.jpg 1024w, http:\/\/ipekkirpik.org\/wp-content\/uploads\/2019\/12\/ipek-kirpik-2-e1576511793734.jpg 1406w\" sizes=\"auto, (max-width: 300px) 100vw, 300px\" \/><figcaption>\u0130pek Kirpik Nedir<\/figcaption><\/figure><\/div>\n\n\n\n<p><strong>\u0130pek Kirpik Nedir ?<\/strong> : Ki\u015finin kendi kirpi\u011finin \u00fczerine tak\u0131lan ve deriye temas etmeden uzatma \/ yo\u011funluk verme ama\u00e7l\u0131 kullan\u0131lan bir g\u00fczellik uygulamad\u0131r. Ki\u015finin iste\u011fine ve g\u00f6z yap\u0131s\u0131na uygun olarak uzman\u0131n kombin yapabilece\u011fi uzunluk, k\u0131vr\u0131m ve boy tercihleri mevcuttur. <\/p>\n\n\n\n<p>Bizim fairlash markas\u0131 olarak t\u00fcm \u00e7e\u015fitlerde tercih etti\u011fimiz uca do\u011fru incelen kirpiklerdir. B\u00fct\u00fcn kirpiklerin \u00fczerine ekleme yap\u0131l\u0131r ve deriye de\u011fmeden bir t\u0131k uca do\u011fru tak\u0131lmal\u0131d\u0131r ki ki\u015fi istedi\u011fi gibi rahatl\u0131kla tarayabilsin , temizleyebilsin ve g\u00fcnl\u00fck kullan\u0131mda rahat edebilsin ( a\u011f\u0131rl\u0131k yapmas\u0131n ) diye .<\/p>\n\n\n\n<h2 class=\"wp-block-heading\">\u0130pek Kirpik Nedir &#8211; \u00c7e\u015fitleri<\/h2>\n\n\n\n<h3 class=\"wp-block-heading\">Kal\u0131nl\u0131k &#8211; Boylar &#8211; K\u0131vr\u0131mlar<\/h3>\n\n\n\n<p><a href=\"http:\/\/ipekkirpik.org\/index.php\/ipek-kirpik\/\">\u0130pek Kirpik<\/a> markas\u0131 olarak firmam\u0131za ait olan Kal\u0131nl\u0131klar ( Mikronlar )<\/p>\n\n\n\n<p><strong>0,15 :<\/strong> Tek tek uygulama sistemi , Klasik Sistem , 1zu1 olarak ge\u00e7er . Sadece 1 adet olarak ekleme yapabilirsiniz. En kal\u0131n kirpik modelidir ve en eski sistemdir diyebiliriz. Daha \u00e7ok uzatma ama\u00e7l\u0131 kullan\u0131l\u0131r , ekstra vol\u00fcm \u2013 yo\u011funluk vermez . <\/p>\n\n\n\n<p>\u00d6rnekle a\u00e7\u0131klamak gerekirse bir M\u00fc\u015fterimiz Ay\u015fe han\u0131m olsun ve kendi kirpik say\u0131s\u0131 30 olsun. Biz Ay\u015fe han\u0131m\u0131n her bir kirpi\u011fine bir Adet kirpik ekledi\u011fimizde kirpik say\u0131s\u0131 yine 30 tane olur. Tabiki siyahl\u0131k katar, Rimelli efekt olur . Yani bu sistem a\u015f\u0131r\u0131 do\u011fal g\u00f6r\u00fcnt\u00fc istedi\u011finde uygundur . \u00d6zellikle kendi kirpi\u011fi zaten var olan ama rengi a\u00e7\u0131k olan veya ince telli olan kirpikler de ba\u015far\u0131l\u0131 fark yarat\u0131r. <\/p>\n\n\n\n<p>Peki Ay\u015fe han\u0131m kendi kirpik say\u0131s\u0131ndan da memnun de\u011filse ve biraz da olsa bir fark yarat\u0131lmas\u0131n\u0131 istiyorsa ne yapmal\u0131y\u0131z . S\u0131radaki kal\u0131nl\u0131k modellerini inceleyebilirsiniz.<\/p>\n\n\n\n<p>Not : G\u00f6rsellerle destekli Anlat\u0131m i\u00e7in Fairlash Volum Lash Extensions Training Kitab\u0131n\u0131 inceleyiniz.<\/p>\n\n\n\n<p><strong>0,10 :<\/strong> Bu mikronda ise kirpik kal\u0131nl\u0131\u011f\u0131 0.15 e g\u00f6re daha ince olup ikili olarak tak\u0131l\u0131r . Akl\u0131n\u0131za V den gelebilir. 2 tane 0.10 kirpi\u011fi birle\u015ftirip o \u015fekilde tak\u0131yorsunuz. <\/p>\n\n\n\n<p>Bir \u00f6nceki \u00f6rnek \u00fczerinden devam edersek de Ay\u015fe han\u0131m\u0131n 30 tane kirpi\u011fi vard\u0131r, yine 30 kirpi\u011fine de ekleme yap\u0131yoruz yani 30 noktaya . Ama bu sefer takt\u0131\u011f\u0131m\u0131z kirpikler V \u015feklinde ikili ikili oldu\u011fu i\u00e7in Ay\u015fe han\u0131m g\u00f6z\u00fcn\u00fc a\u00e7t\u0131\u011f\u0131nda 2 kat\u0131 kadar yo\u011funlukta yani 60 tane kirpik g\u00f6recektir.<\/p>\n\n\n\n<p><strong>0,07 :<\/strong> Bu \u00e7e\u015fitte ise art\u0131k son zamanlarda bolca duydu\u011fumuz<strong> 3D ,4D,5D ve 6D kirpik<\/strong> uygulamalar\u0131 geliyor akla. Yani 3 l\u00fc olarak 6l\u0131 olarak \u202612D ye kadar \u00e7\u0131kabiliyorsunuz.<\/p>\n\n\n\n<p>\u0130stedi\u011finiz yo\u011funluk neyse onun kat\u0131 kadar kirpik al\u0131p (elde k\u00f6k k\u0131s\u0131mlar\u0131n\u0131 demet yapar gibi birle\u015ftirmek ko\u015fulu ile al\u0131p takabiliyorsunuz.<br>Markam\u0131z\u0131n kulland\u0131\u011f\u0131 formlar haricinde var olan Kal\u0131nl\u0131klar\u0131 da a\u015fa\u011f\u0131ya g\u00f6rsel olarak b\u0131rak\u0131yoruz. Di\u011fer formlar i\u00e7in E\u011fitmeninize dan\u0131\u015f\u0131n\u0131z.<\/p>\n\n\n\n<h3 class=\"wp-block-heading\">\u0130pek Kirpik Nedir &#8211; Boylar\u0131 :<\/h3>\n\n\n\n<div class=\"wp-block-image is-style-rounded\"><figure class=\"alignright size-medium\"><img loading=\"lazy\" decoding=\"async\" width=\"225\" height=\"300\" src=\"http:\/\/ipekkirpik.org\/wp-content\/uploads\/2019\/12\/ipek-kirpik-kurslar\u0131-1-225x300.jpg\" alt=\"\u0130pek Kirpik Nedir\" class=\"wp-image-141\" srcset=\"http:\/\/ipekkirpik.org\/wp-content\/uploads\/2019\/12\/ipek-kirpik-kurslar\u0131-1-225x300.jpg 225w, http:\/\/ipekkirpik.org\/wp-content\/uploads\/2019\/12\/ipek-kirpik-kurslar\u0131-1-768x1024.jpg 768w\" sizes=\"auto, (max-width: 225px) 100vw, 225px\" \/><figcaption>\u0130pek Kirpik Nedir<\/figcaption><\/figure><\/div>\n\n\n\n<p>Fairlash Markas\u0131 olarak b\u00fct\u00fcn kal\u0131nl\u0131klarda kutular\u0131m\u0131z Mix haldedir.<\/p>\n\n\n\n<ul class=\"wp-block-list\"><li>9 mm : Ba\u015flang\u0131\u00e7 k\u0131sa boylar<\/li><li>11 mm : Orta boyutlar<\/li><li>12 mm : Orta boyutlar<\/li><li>13 mm : Uzun boy<\/li><li>14 mm : Extra Uzun boy<\/li><\/ul>\n\n\n\n<p>Bir g\u00f6ze uygulama yaparken standart uygulama i\u00e7in En az 3 boyu 4 seferde kullanman\u0131z gerekir. Normal <a href=\"http:\/\/ipekkirpik.me\/ipek-kirpik\" target=\"_blank\" rel=\"noreferrer noopener\">kirpik <\/a>yap\u0131m\u0131z\u0131n hizas\u0131n\u0131 takip eder tarzda k\u0131sadan uzuna do\u011fru ve tekrar k\u0131salarak ( g\u00f6z yap\u0131s\u0131n\u0131 d\u00fc\u015f\u00fcrmemek i\u00e7in ) boy kombini yapman\u0131z gerekir.<\/p>\n\n\n\n<ul class=\"wp-block-list\"><li>9\/10\/11\/10<\/li><li>9\/11\/12\/11<\/li><li>9\/11\/13\/11<\/li><li>10\/12\/14\/12<\/li><\/ul>\n\n\n\n<p>Di\u011fer boylarda yeni kombinler i\u00e7in bir Uzmana Dan\u0131\u015f\u0131n\u0131z .<\/p>\n\n\n\n<h3 class=\"wp-block-heading\">K\u0131vr\u0131mlar :<\/h3>\n\n\n\n<p>Marka olarak<\/p>\n\n\n\n<ul class=\"wp-block-list\"><li>C : K\u0131vr\u0131k<\/li><li>D: Extra K\u0131vr\u0131k<\/li><\/ul>\n\n\n\n<figure class=\"wp-block-embed aligncenter is-type-video is-provider-youtube wp-block-embed-youtube wp-embed-aspect-16-9 wp-has-aspect-ratio\"><div class=\"wp-block-embed__wrapper\">\n<iframe loading=\"lazy\" title=\"Russian Volume \u0130pek Kirpik E\u011fitimi\" width=\"600\" height=\"338\" src=\"https:\/\/www.youtube.com\/embed\/_Np4EmpFl-g?start=1&#038;feature=oembed\" frameborder=\"0\" allow=\"accelerometer; autoplay; clipboard-write; encrypted-media; gyroscope; picture-in-picture; web-share\" referrerpolicy=\"strict-origin-when-cross-origin\" allowfullscreen><\/iframe>\n<\/div><figcaption>Russian Volume \u0130pek Kirpik E\u011fitimi<\/figcaption><\/figure>\n","protected":false},"excerpt":{"rendered":"<p>\u0130pek Kirpik Nedir ? : Ki\u015finin kendi kirpi\u011finin \u00fczerine tak\u0131lan ve deriye temas etmeden uzatma \/ yo\u011funluk verme ama\u00e7l\u0131 kullan\u0131lan bir g\u00fczellik uygulamad\u0131r. Ki\u015finin iste\u011fine ve g\u00f6z yap\u0131s\u0131na uygun olarak uzman\u0131n kombin yapabilece\u011fi uzunluk, k\u0131vr\u0131m ve boy tercihleri mevcuttur. Bizim fairlash markas\u0131 olarak t\u00fcm \u00e7e\u015fitlerde tercih etti\u011fimiz<\/p>\n","protected":false},"author":1,"featured_media":154,"parent":0,"menu_order":0,"comment_status":"closed","ping_status":"closed","template":"","meta":{"footnotes":""},"tags":[60,56,57,3,58,35,59,62,63,61],"class_list":["post-207","page","type-page","status-publish","has-post-thumbnail","hentry","tag-badem-goz-ipek-kirpik","tag-fox-eye-ipek-kirpik","tag-goz-sekline-gore-ipek-kirpik","tag-ipek-kirpik","tag-ipek-kirpik-egitim-seti","tag-ipek-kirpik-egitimi","tag-ipek-kirpik-kac-ay-kullanilir","tag-ipek-kirpik-seti-en-iyi-marka","tag-mega-volume-kirpik","tag-volume-kirpik-egitimi"],"aioseo_notices":[],"_links":{"self":[{"href":"http:\/\/ipekkirpik.org\/index.php\/wp-json\/wp\/v2\/pages\/207","targetHints":{"allow":["GET"]}}],"collection":[{"href":"http:\/\/ipekkirpik.org\/index.php\/wp-json\/wp\/v2\/pages"}],"about":[{"href":"http:\/\/ipekkirpik.org\/index.php\/wp-json\/wp\/v2\/types\/page"}],"author":[{"embeddable":true,"href":"http:\/\/ipekkirpik.org\/index.php\/wp-json\/wp\/v2\/users\/1"}],"replies":[{"embeddable":true,"href":"http:\/\/ipekkirpik.org\/index.php\/wp-json\/wp\/v2\/comments?post=207"}],"version-history":[{"count":2,"href":"http:\/\/ipekkirpik.org\/index.php\/wp-json\/wp\/v2\/pages\/207\/revisions"}],"predecessor-version":[{"id":211,"href":"http:\/\/ipekkirpik.org\/index.php\/wp-json\/wp\/v2\/pages\/207\/revisions\/211"}],"wp:featuredmedia":[{"embeddable":true,"href":"http:\/\/ipekkirpik.org\/index.php\/wp-json\/wp\/v2\/media\/154"}],"wp:attachment":[{"href":"http:\/\/ipekkirpik.org\/index.php\/wp-json\/wp\/v2\/media?parent=207"}],"wp:term":[{"taxonomy":"post_tag","embeddable":true,"href":"http:\/\/ipekkirpik.org\/index.php\/wp-json\/wp\/v2\/tags?post=207"}],"curies":[{"name":"wp","href":"https:\/\/api.w.org\/{rel}","templated":true}]}}