{"id":202,"date":"2022-04-15T14:11:57","date_gmt":"2022-04-15T11:11:57","guid":{"rendered":"http:\/\/ipekkirpik.org\/?page_id=202"},"modified":"2024-11-14T19:28:15","modified_gmt":"2024-11-14T16:28:15","slug":"fairlash-kitapcik","status":"publish","type":"page","link":"http:\/\/ipekkirpik.org\/index.php\/fairlash-kitapcik\/","title":{"rendered":"Fairlash Kitap\u00e7\u0131k"},"content":{"rendered":"\n<p>Fairlash Kitap\u00e7\u0131k<\/p>\n\n\n\n<p>\u0130PEK K\u0130RP\u0130K NOTLARI<\/p>\n\n\n\n<ul class=\"wp-block-list\"><li>\u0130pek Kirpik Nedir<\/li><li>\u0130pek Kirpik \u00c7e\u015fitleri<\/li><li>\u0130pek Kirpik Yap\u0131\u015ft\u0131r\u0131c\u0131lar\u0131<\/li><li>\u0130pek Kirpik Bak\u0131m\u0131<\/li><li>\u0130pek Kirpik S\u00f6kme \u0130\u015flemi<\/li><li>\u0130pek Kirpik Primer<\/li><li>\u0130pek Kirpik C\u0131mb\u0131zlar\u0131 ve Di\u011fer Ekstra Malzemeleri<\/li><li>S\u0131k Sorulanlar<\/li><li>Pratikler<\/li><li>Canl\u0131 Model \u00dczerinde Uygulama<\/li><li>Set Sonras\u0131 Destek<\/li><\/ul>\n","protected":false},"excerpt":{"rendered":"<p>Fairlash Kitap\u00e7\u0131k \u0130PEK K\u0130RP\u0130K NOTLARI \u0130pek Kirpik Nedir \u0130pek Kirpik \u00c7e\u015fitleri \u0130pek Kirpik Yap\u0131\u015ft\u0131r\u0131c\u0131lar\u0131 \u0130pek Kirpik Bak\u0131m\u0131 \u0130pek Kirpik S\u00f6kme \u0130\u015flemi \u0130pek Kirpik Primer \u0130pek Kirpik C\u0131mb\u0131zlar\u0131 ve Di\u011fer Ekstra Malzemeleri S\u0131k Sorulanlar Pratikler Canl\u0131 Model \u00dczerinde Uygulama Set Sonras\u0131 Destek<\/p>\n","protected":false},"author":1,"featured_media":0,"parent":0,"menu_order":0,"comment_status":"closed","ping_status":"closed","template":"","meta":{"footnotes":""},"tags":[53,55,35,52,48,51,54,50,49],"class_list":["post-202","page","type-page","status-publish","hentry","tag-en-iyi-ipek-kirpik-egitmeni","tag-fairlash-kitapcik","tag-ipek-kirpik-egitimi","tag-ipek-kirpik-seti-en-iyi","tag-ipek-kirpik-training","tag-istanbul-volumen","tag-lash-trainer-istanbul","tag-volumen-kurs","tag-wimpern"],"aioseo_notices":[],"_links":{"self":[{"href":"http:\/\/ipekkirpik.org\/index.php\/wp-json\/wp\/v2\/pages\/202","targetHints":{"allow":["GET"]}}],"collection":[{"href":"http:\/\/ipekkirpik.org\/index.php\/wp-json\/wp\/v2\/pages"}],"about":[{"href":"http:\/\/ipekkirpik.org\/index.php\/wp-json\/wp\/v2\/types\/page"}],"author":[{"embeddable":true,"href":"http:\/\/ipekkirpik.org\/index.php\/wp-json\/wp\/v2\/users\/1"}],"replies":[{"embeddable":true,"href":"http:\/\/ipekkirpik.org\/index.php\/wp-json\/wp\/v2\/comments?post=202"}],"version-history":[{"count":2,"href":"http:\/\/ipekkirpik.org\/index.php\/wp-json\/wp\/v2\/pages\/202\/revisions"}],"predecessor-version":[{"id":206,"href":"http:\/\/ipekkirpik.org\/index.php\/wp-json\/wp\/v2\/pages\/202\/revisions\/206"}],"wp:attachment":[{"href":"http:\/\/ipekkirpik.org\/index.php\/wp-json\/wp\/v2\/media?parent=202"}],"wp:term":[{"taxonomy":"post_tag","embeddable":true,"href":"http:\/\/ipekkirpik.org\/index.php\/wp-json\/wp\/v2\/tags?post=202"}],"curies":[{"name":"wp","href":"https:\/\/api.w.org\/{rel}","templated":true}]}}