{"id":18,"date":"2019-07-23T11:06:32","date_gmt":"2019-07-23T08:06:32","guid":{"rendered":"http:\/\/ipekkirpik.org\/?page_id=18"},"modified":"2024-11-14T19:28:15","modified_gmt":"2024-11-14T16:28:15","slug":"ipek-kirpik","status":"publish","type":"page","link":"http:\/\/ipekkirpik.org\/index.php\/ipek-kirpik\/","title":{"rendered":"\u0130pek Kirpik"},"content":{"rendered":"\n<div class=\"wp-block-image\"><figure class=\"alignleft\"><a href=\"https:\/\/web.archive.org\/web\/20181219003055\/http:\/\/www.ipekkirpik.org\/wp-content\/uploads\/2011\/06\/ipek-kirpik-23.jpg\" rel=\"wp-prettyPhoto[18]\"><img decoding=\"async\" src=\"https:\/\/web.archive.org\/web\/20181219003055im_\/http:\/\/www.ipekkirpik.org\/wp-content\/uploads\/2011\/06\/ipek-kirpik-23-300x300.jpg\" alt=\"ipek-kirpik\" class=\"wp-image-5\"\/><\/a><figcaption> \u0130pek Kirpik <\/figcaption><\/figure><\/div>\n\n\n\n<h2 class=\"wp-block-heading\">\u0130pekKirpik.Org<\/h2>\n\n\n\n<h3 class=\"wp-block-heading\">\u0130pek Kirpik<\/h3>\n\n\n\n<p>\u0130pek kirpik son 5 y\u0131ld\u0131r b\u00fct\u00fcn d\u00fcnyada Hollywood y\u0131ld\u0131zlar\u0131 ba\u015fta \nolmak \u00fczere bak\u0131ml\u0131 ve g\u00fczelli\u011fine d\u00fc\u015fk\u00fcn kad\u0131nlar taraf\u0131ndan g\u00fczelli\u011fi \ntamamlay\u0131c\u0131 bir unsur olan kirpiklerimizin daha uzun ve dolgun g\u00f6z\u00fckmesi\n i\u00e7in ba\u015f vurdu\u011fumuz kirpik uzatma y\u00f6ntemlerinden birisidir.<\/p>\n\n\n\n<p>ipekkirpik.org sitesi Profesyonel Maky\u00f6z Nurg\u00fcl Koluk\u0131r\u0131k taraf\u0131ndan ipek kirpik uzatma ve protez kirpik hakk\u0131nda bilmek istedi\u011finiz her \u015feyi bulabilece\u011finiz bir sitedir.<\/p>\n\n\n\n<p>Toptan ve parekende Protez Kirpik malzemeleri, \u0130pek kirpik seti sat\u0131\u015f\u0131m\u0131z mevcuttur.<\/p>\n\n\n\n<p>Bir kad\u0131n\u0131n g\u00fczelli\u011finin ayr\u0131nt\u0131larda gizli oldu\u011funu profesyonel bir \nmaky\u00f6z olarak biliyorum, bu y\u00fczden g\u00fczelli\u011finizin br ayr\u0131nt\u0131s\u0131 olan \nkirpik ki\u015finin y\u00fcz\u00fcne g\u00f6re nas\u0131l yap\u0131lmal\u0131, kirpik uzunlu\u011fu nas\u0131l ve \nyap\u0131lacak olan ipek kirpik yo\u011funlu\u011fu nas\u0131l se\u00e7ilmeli? En do\u011fru ve \nestetik ipek kirpik uygulamalar\u0131n\u0131 uzman\u0131na dan\u0131\u015fmadan yapt\u0131rmay\u0131n.<\/p>\n\n\n\n<p>Ger\u00e7ek \u0130pek den elde edilen kirpikler ile bir kirpik uzatma ve yo\u011funla\u015ft\u0131rma sanat\u0131d\u0131r.<br>\nKi\u015finin iste\u011fine uygun Boy , Kal\u0131nl\u0131k ve K\u0131vr\u0131kl\u0131k se\u00e7ilerek uygulama yap\u0131l\u0131r<\/p>\n\n\n\n<p>Toplamda \u00dc\u00e7 ay boyunca kullanaca\u011f\u0131z bu sistem 3 \/ 4 hafta da bir \nbak\u0131ma gelerek kont\u00f6r\u00fcl\u00fc yap\u0131larak kullan\u0131l\u0131r . \u00dc\u00e7 ay\u0131n sonunda ise 1 \nhafta kadar dinlendirme s\u00fcreci Fairlash Merkezimiz olarak tavsiye \nedilir.<\/p>\n\n\n\n<p><strong>FA\u0130RLASH \u0130PEK K\u0130RP\u0130K MERKEZ\u0130<\/strong><\/p>\n\n\n\n<p><strong>S\u0130ZLER \u0130\u00c7\u0130N \u0130PEK K\u0130RP\u0130K SIK SORULAN SORULARI CEVAPLADIK<\/strong><\/p>\n\n\n\n<p>1. Kendi kirpiklerimize zarar verir mi?<br>\nKendi kirpiklerimizin 6 haftada bir devir daim s\u00fcresi vard\u0131r, her g\u00fcn \nkendi kirpi\u011fimiz d\u00f6k\u00fcl\u00fcr. Rimelinizi temizlerken ya da y\u00fcz\u00fcn\u00fcz\u00fc y\u0131karken\n d\u00fc\u015fen kirpiklerinizi hat\u0131rlay\u0131n .&nbsp; Ama ipek kirpi\u011fin ekstra bir zarar\u0131 \nyoktur .<\/p>\n\n\n\n<p>2. Du\u015f\/Havuz\/Deniz ipek kirpiklere zarar verir mi ?<br>\nRahatl\u0131kla kullanabilece\u011finiz bir sistemdir ipek kirpik, bir zarar\u0131 \nolmaz fakat dikkat etmeniz gereken bir \u015fey olacakt\u0131r, \u00e7ok \u0131slak \nb\u0131rakmaman\u0131z gerekiyor, biraz \u0131slakl\u0131\u011f\u0131n\u0131 alman\u0131z gerekiyor.<\/p>\n\n\n\n<p>3. \u0130pek kirpik ne kadar kal\u0131c\u0131d\u0131r ?<br>\nToplam\u0131nda bak\u0131mlar\u0131 ile birlikte 3 ay kullan\u0131yorsunuz, fakat 3-4 \nhaftada bir bak\u0131mlar\u0131 vard\u0131r&nbsp; ,bak\u0131m s\u00fcresi ki\u015fiden ki\u015fiye de\u011fi\u015fiklik \ng\u00f6sterir . Cildiniz ya\u011fl\u0131 veya a\u015f\u0131r\u0131 ya\u011fl\u0131 olmas\u0131 bizim i\u00e7in en b\u00fcy\u00fck \netkendir.<br>\nE\u011fitmen Nurg\u00fcl Koluk\u0131r\u0131k<\/p>\n\n\n\n<p>E\u011fitmen Nurg\u00fcl Koluk\u0131r\u0131k<\/p>\n\n\n\n<p>4. Rimel s\u00fcr\u00fcl\u00fcr m\u00fc?<br>\nRimel s\u00fcr\u00fcl\u00fcr, fakat gerek kalmayacakt\u0131r. Rimeli dezenfekte etti\u011finiz \nzaman kirpik diplerini sarsaca\u011f\u0131n\u0131z i\u00e7in kirpiklerin erken d\u00fc\u015fme riskini\n g\u00f6ze alarak biz Rimel s\u00fcrmeye Hay\u0131r diyoruz .<\/p>\n\n\n\n<p>5. Makyaj yap\u0131l\u0131r m\u0131?<br>\nEvet, rahatl\u0131kla g\u00fcnl\u00fck makyaj\u0131n\u0131z\u0131 yapabilirsiniz<\/p>\n\n\n\n<h2 class=\"wp-block-heading\"><a href=\"http:\/\/www.ipekkirpik.org\/\" target=\"_blank\" rel=\"noreferrer noopener\" aria-label=\" (yeni sekmede a\u00e7\u0131l\u0131r)\">\u0130pek Kirpik<\/a>&nbsp; |&nbsp; \u0130pek Kirpik Fiyatlar\u0131 | Protez Kirpik&nbsp; |&nbsp; Kirpik Kayna\u011f\u0131&nbsp; |&nbsp; Kal\u0131c\u0131 Kirpik&nbsp; |&nbsp; Kal\u0131c\u0131 Takma Kirpik&nbsp; |&nbsp; Kal\u0131c\u0131 Kirpik<\/h2>\n","protected":false},"excerpt":{"rendered":"<p>\u0130pekKirpik.Org \u0130pek Kirpik \u0130pek kirpik son 5 y\u0131ld\u0131r b\u00fct\u00fcn d\u00fcnyada Hollywood y\u0131ld\u0131zlar\u0131 ba\u015fta olmak \u00fczere bak\u0131ml\u0131 ve g\u00fczelli\u011fine d\u00fc\u015fk\u00fcn kad\u0131nlar taraf\u0131ndan g\u00fczelli\u011fi tamamlay\u0131c\u0131 bir unsur olan kirpiklerimizin daha uzun ve dolgun g\u00f6z\u00fckmesi i\u00e7in ba\u015f vurdu\u011fumuz kirpik uzatma y\u00f6ntemlerinden birisidir. ipekkirpik.org sitesi Profesyonel Maky\u00f6z Nurg\u00fcl Koluk\u0131r\u0131k taraf\u0131ndan ipek<\/p>\n","protected":false},"author":1,"featured_media":0,"parent":0,"menu_order":0,"comment_status":"closed","ping_status":"closed","template":"","meta":{"footnotes":""},"tags":[5,12,3,6,4,13],"class_list":["post-18","page","type-page","status-publish","hentry","tag-3d-ipek-kirpik","tag-3d-ipek-kirpik-nedir","tag-ipek-kirpik","tag-ipek-kirpik-fiyatlari","tag-ipek-kirpik-merkezi","tag-mink-ipek-kirpik"],"aioseo_notices":[],"_links":{"self":[{"href":"http:\/\/ipekkirpik.org\/index.php\/wp-json\/wp\/v2\/pages\/18","targetHints":{"allow":["GET"]}}],"collection":[{"href":"http:\/\/ipekkirpik.org\/index.php\/wp-json\/wp\/v2\/pages"}],"about":[{"href":"http:\/\/ipekkirpik.org\/index.php\/wp-json\/wp\/v2\/types\/page"}],"author":[{"embeddable":true,"href":"http:\/\/ipekkirpik.org\/index.php\/wp-json\/wp\/v2\/users\/1"}],"replies":[{"embeddable":true,"href":"http:\/\/ipekkirpik.org\/index.php\/wp-json\/wp\/v2\/comments?post=18"}],"version-history":[{"count":2,"href":"http:\/\/ipekkirpik.org\/index.php\/wp-json\/wp\/v2\/pages\/18\/revisions"}],"predecessor-version":[{"id":116,"href":"http:\/\/ipekkirpik.org\/index.php\/wp-json\/wp\/v2\/pages\/18\/revisions\/116"}],"wp:attachment":[{"href":"http:\/\/ipekkirpik.org\/index.php\/wp-json\/wp\/v2\/media?parent=18"}],"wp:term":[{"taxonomy":"post_tag","embeddable":true,"href":"http:\/\/ipekkirpik.org\/index.php\/wp-json\/wp\/v2\/tags?post=18"}],"curies":[{"name":"wp","href":"https:\/\/api.w.org\/{rel}","templated":true}]}}