{"id":10,"date":"2019-07-23T10:41:36","date_gmt":"2019-07-23T07:41:36","guid":{"rendered":"http:\/\/ipekkirpik.org\/?page_id=10"},"modified":"2024-11-14T19:28:15","modified_gmt":"2024-11-14T16:28:15","slug":"ana-sayfa","status":"publish","type":"page","link":"http:\/\/ipekkirpik.org\/index.php\/ana-sayfa\/","title":{"rendered":"Ana Sayfa"},"content":{"rendered":"\n<figure class=\"wp-block-image alignwide\"><img loading=\"lazy\" decoding=\"async\" width=\"1024\" height=\"347\" src=\"http:\/\/ipekkirpik.org\/wp-content\/uploads\/2019\/07\/fairlash-ipek-kirpik-1024x347.png\" alt=\"\" class=\"wp-image-109\" srcset=\"http:\/\/ipekkirpik.org\/wp-content\/uploads\/2019\/07\/fairlash-ipek-kirpik-1024x347.png 1024w, http:\/\/ipekkirpik.org\/wp-content\/uploads\/2019\/07\/fairlash-ipek-kirpik-300x102.png 300w, http:\/\/ipekkirpik.org\/wp-content\/uploads\/2019\/07\/fairlash-ipek-kirpik-768x260.png 768w, http:\/\/ipekkirpik.org\/wp-content\/uploads\/2019\/07\/fairlash-ipek-kirpik.png 1920w\" sizes=\"auto, (max-width: 1024px) 100vw, 1024px\" \/><figcaption>ipek-kirpik<\/figcaption><\/figure>\n\n\n\n<h2 class=\"wp-block-heading\">\u0130pek Kirpik Merkezine Ho\u015f Geldiniz<\/h2>\n\n\n\n<p>Uzun, dolgun ve k\u0131vr\u0131k kirpikler <strong>g\u00fczelli\u011fine ve d\u0131\u015f g\u00f6r\u00fcn\u00fcm\u00fcne \u00f6nem veren modern kad\u0131nlar\u0131n olmazsa olmaz ve bak\u0131\u015flar\u0131 daha etkili k\u0131lman\u0131n bir y\u00f6ntemi oldu\u011funu bilmektedir.<\/strong>. <\/p>\n\n\n\n<p>Sach \u00ae \u0130pek Kirpik Merkezi D\u00fcnyan\u0131n En Kaliteli \u0130pek Kirpik Malzemeleri ile Sizlere Hollywood Y\u0131ld\u0131zlar\u0131n\u0131n G\u00fczellik S\u0131rr\u0131 3D \u0130pek kirpik ve Mink Kirpik  ile Bak\u0131\u015flar\u0131n\u0131z\u0131 Daha Etkili K\u0131lman\u0131z\u0131 Sa\u011fl\u0131yor. Daha Uzun, Dolgun ve K\u0131vr\u0131k Kirpikler  i\u00e7in En \u0130yi \u00c7\u00f6z\u00fcm 3D \u0130PEK K\u0130RP\u0130K. <\/p>\n\n\n\n<blockquote class=\"wp-block-quote has-text-align-center is-layout-flow wp-block-quote-is-layout-flow\"><p> &#8220;M\u00fc\u015fterilerime Kaliteli \u0130pek Kirpik \u00dcr\u00fcnleri ile Hizmet Verdi\u011fimden Beri M\u00fc\u015fterilerim Daha Memnun&#8230; .&#8221;  <\/p><cite> \u0130pek Kirpik Uzman\u0131 &amp; Profesyonel Maky\u00f6z  Nurg\u00fcl Koluk\u0131r\u0131k  <\/cite><\/blockquote>\n\n\n\n<h3 class=\"wp-block-heading\">&#8211; \u0130pek Kirpik<\/h3>\n\n\n\n<div class=\"wp-block-image\"><figure class=\"alignleft\"><a href=\"https:\/\/web.archive.org\/web\/20181219003055\/http:\/\/www.ipekkirpik.org\/wp-content\/uploads\/2011\/06\/ipek-kirpik-23.jpg\" rel=\"wp-prettyPhoto[10]\"><img decoding=\"async\" src=\"https:\/\/web.archive.org\/web\/20181219003055im_\/http:\/\/www.ipekkirpik.org\/wp-content\/uploads\/2011\/06\/ipek-kirpik-23-300x300.jpg\" alt=\"ipek-kirpik\" class=\"wp-image-5\"\/><\/a><figcaption> \u0130pek Kirpik <\/figcaption><\/figure><\/div>\n\n\n\n<h2 class=\"wp-block-heading\">\u0130pekKirpik.Org<\/h2>\n\n\n\n<p>\u0130pek kirpik son 5 y\u0131ld\u0131r b\u00fct\u00fcn d\u00fcnyada Hollywood y\u0131ld\u0131zlar\u0131 ba\u015fta \nolmak \u00fczere bak\u0131ml\u0131 ve g\u00fczelli\u011fine d\u00fc\u015fk\u00fcn kad\u0131nlar taraf\u0131ndan g\u00fczelli\u011fi \ntamamlay\u0131c\u0131 bir unsur olan kirpiklerimizin daha uzun ve dolgun g\u00f6z\u00fckmesi\n i\u00e7in ba\u015f vurdu\u011fumuz kirpik uzatma y\u00f6ntemlerinden birisidir.<\/p>\n\n\n\n<p>\u0130pekKirpik.Org sitesi Profesyonel Maky\u00f6z Nurg\u00fcl Koluk\u0131r\u0131k taraf\u0131ndan \nipek kirpik uzatma ve protez kirpik hakk\u0131nda bilmek istedi\u011finiz her \u015feyi\n bulabilece\u011finiz bir sitedir.<\/p>\n\n\n\n<p>Toptan ve parekende Protez Kirpik malzemeleri, \u0130pek kirpik seti sat\u0131\u015f\u0131m\u0131z mevcuttur.<\/p>\n\n\n\n<p>Bir kad\u0131n\u0131n g\u00fczelli\u011finin ayr\u0131nt\u0131larda gizli oldu\u011funu profesyonel bir \nmaky\u00f6z olarak biliyorum, bu y\u00fczden g\u00fczelli\u011finizin br ayr\u0131nt\u0131s\u0131 olan \nkirpik ki\u015finin y\u00fcz\u00fcne g\u00f6re nas\u0131l yap\u0131lmal\u0131, kirpik uzunlu\u011fu nas\u0131l ve \nyap\u0131lacak olan ipek kirpik yo\u011funlu\u011fu nas\u0131l se\u00e7ilmeli? En do\u011fru ve \nestetik ipek kirpik uygulamalar\u0131n\u0131 uzman\u0131na dan\u0131\u015fmadan yapt\u0131rmay\u0131n.<\/p>\n\n\n\n<p>Ger\u00e7ek \u0130pek den elde edilen kirpikler ile bir kirpik uzatma ve yo\u011funla\u015ft\u0131rma sanat\u0131d\u0131r.<br>\nKi\u015finin iste\u011fine uygun Boy , Kal\u0131nl\u0131k ve K\u0131vr\u0131kl\u0131k se\u00e7ilerek uygulama yap\u0131l\u0131r<\/p>\n\n\n\n<p>Toplamda \u00dc\u00e7 ay boyunca kullanaca\u011f\u0131z bu sistem 3 \/ 4 hafta da bir  bak\u0131ma gelerek kont\u00f6r\u00fcl\u00fc yap\u0131larak kullan\u0131l\u0131r . \u00dc\u00e7 ay\u0131n sonunda ise 1  hafta kadar dinlendirme s\u00fcreci Fairlash Merkezimiz olarak tavsiye  edilir.<\/p>\n\n\n\n<p><\/p>\n\n\n\n<p><\/p>\n\n\n\n<div class=\"wp-block-image\"><figure class=\"alignleft\"><img decoding=\"async\" src=\"https:\/\/web.archive.org\/web\/20181218233943im_\/http:\/\/www.ipekkirpik.org\/wp-content\/uploads\/2013\/06\/ipek-kirpik.jpg\" alt=\"\u0130pek Kirpik\"\/><\/figure><\/div>\n\n\n\n<p><strong>FA\u0130RLASH \u0130PEK K\u0130RP\u0130K MERKEZ\u0130<\/strong><\/p>\n\n\n\n<p><strong>S\u0130ZLER \u0130\u00c7\u0130N \u0130PEK K\u0130RP\u0130K SIK SORULAN SORULARI CEVAPLADIK<\/strong><\/p>\n\n\n\n<p>1. Kendi kirpiklerimize zarar verir mi?<br>\nKendi kirpiklerimizin 6 haftada bir devir daim s\u00fcresi vard\u0131r, her g\u00fcn \nkendi kirpi\u011fimiz d\u00f6k\u00fcl\u00fcr. Rimelinizi temizlerken ya da y\u00fcz\u00fcn\u00fcz\u00fc y\u0131karken\n d\u00fc\u015fen kirpiklerinizi hat\u0131rlay\u0131n .&nbsp; Ama ipek kirpi\u011fin ekstra bir zarar\u0131 \nyoktur .<\/p>\n\n\n\n<p>2. Du\u015f\/Havuz\/Deniz ipek kirpiklere zarar verir mi ?<br>\nRahatl\u0131kla kullanabilece\u011finiz bir sistemdir ipek kirpik, bir zarar\u0131 \nolmaz fakat dikkat etmeniz gereken bir \u015fey olacakt\u0131r, \u00e7ok \u0131slak \nb\u0131rakmaman\u0131z gerekiyor, biraz \u0131slakl\u0131\u011f\u0131n\u0131 alman\u0131z gerekiyor.<\/p>\n\n\n\n<p>3. \u0130pek kirpik ne kadar kal\u0131c\u0131d\u0131r ?<br>\nToplam\u0131nda bak\u0131mlar\u0131 ile birlikte 3 ay kullan\u0131yorsunuz, fakat 3-4 \nhaftada bir bak\u0131mlar\u0131 vard\u0131r&nbsp; ,bak\u0131m s\u00fcresi ki\u015fiden ki\u015fiye de\u011fi\u015fiklik \ng\u00f6sterir . Cildiniz ya\u011fl\u0131 veya a\u015f\u0131r\u0131 ya\u011fl\u0131 olmas\u0131 bizim i\u00e7in en b\u00fcy\u00fck \netkendir.<br>\nE\u011fitmen Nurg\u00fcl Koluk\u0131r\u0131k<\/p>\n\n\n\n<p>E\u011fitmen Nurg\u00fcl Koluk\u0131r\u0131k<\/p>\n\n\n\n<p>4. Rimel s\u00fcr\u00fcl\u00fcr m\u00fc?<br>\nRimel s\u00fcr\u00fcl\u00fcr, fakat gerek kalmayacakt\u0131r. Rimeli dezenfekte etti\u011finiz \nzaman kirpik diplerini sarsaca\u011f\u0131n\u0131z i\u00e7in kirpiklerin erken d\u00fc\u015fme riskini\n g\u00f6ze alarak biz Rimel s\u00fcrmeye Hay\u0131r diyoruz .<\/p>\n\n\n\n<p>5. Makyaj yap\u0131l\u0131r m\u0131?<br>\nEvet, rahatl\u0131kla g\u00fcnl\u00fck makyaj\u0131n\u0131z\u0131 yapabilirsiniz<\/p>\n\n\n\n<h2 class=\"wp-block-heading\"><a href=\"http:\/\/www.ipekkirpik.org\/\" target=\"_blank\" rel=\"noreferrer noopener\" aria-label=\" (yeni sekmede a\u00e7\u0131l\u0131r)\">\u0130pek Kirpik<\/a>&nbsp; |&nbsp; \u0130pek Kirpik Fiyatlar\u0131 | Protez Kirpik&nbsp; |&nbsp; Kirpik Kayna\u011f\u0131&nbsp; |&nbsp; Kal\u0131c\u0131 Kirpik&nbsp; |&nbsp; Kal\u0131c\u0131 Takma Kirpik&nbsp; |&nbsp; Kal\u0131c\u0131 Kirpik<\/h2>\n\n\n\n<h2 class=\"wp-block-heading\">&#8211; 3D \u0130pek Kirpik<\/h2>\n\n\n\n<h4 class=\"wp-block-heading\">3D ipek kirpik Nedir<\/h4>\n\n\n\n<div class=\"wp-block-image\"><figure class=\"aligncenter\"><a href=\"https:\/\/web.archive.org\/web\/20181218113119\/http:\/\/www.ipekkirpik.org\/wp-content\/uploads\/2011\/11\/3D-\u0130pek-Kirpik-13-Kopya.jpg\"><img decoding=\"async\" src=\"https:\/\/web.archive.org\/web\/20181218113119im_\/http:\/\/www.ipekkirpik.org\/wp-content\/uploads\/2011\/11\/3D-\u0130pek-Kirpik-13-Kopya.jpg\" alt=\"3D \u0130pek Kirpik \" class=\"wp-image-412\"\/><\/a><figcaption> 3D \u0130pek Kirpik <\/figcaption><\/figure><\/div>\n\n\n\n<p><strong><em>3D \u0130pek kirpik<\/em><\/strong> uzatma (yar\u0131 kal\u0131c\u0131) protez \nkirpik uygulamalar\u0131nda devrimci ipek kirpik uygulamalar\u0131 ile s\u0131radan \nprotez kirpiklerdeki suni g\u00f6r\u00fcnt\u00fcn\u00fcn aksine, kad\u0131nlar\u0131n hep hayal etti\u011fi\n daha dolgun, daha uzun kirpikler i\u00e7im en iyi \u00e7\u00f6z\u00fcmd\u00fcr.<\/p>\n\n\n\n<p><strong><em>3D \u0130pek kirpik<\/em><\/strong> arzu etti\u011finiz muhte\u015fem \nkirpikleri elde etmek i\u00e7in kimyasal y\u0131prat\u0131c\u0131 etkileri olan maskara ve \nrimel kullanman\u0131z\u0131 ortadan kald\u0131r\u0131r! <strong><em>3D \u0130pek kirpik<\/em><\/strong> kullanan Hollywood \u00dcnl\u00fclerinin o muhte\u015fem bak\u0131\u015flar\u0131n\u0131n g\u00fczellik s\u0131rr\u0131 <strong><em>3D \u0130pek kirpik<\/em><\/strong>!<\/p>\n\n\n\n<div class=\"wp-block-image\"><figure class=\"alignleft\"><a href=\"https:\/\/web.archive.org\/web\/20181218113119\/http:\/\/www.ipekkirpik.org\/wp-content\/uploads\/2011\/11\/3Dipekkirpik.jpg\" rel=\"wp-prettyPhoto[10]\"><img decoding=\"async\" src=\"https:\/\/web.archive.org\/web\/20181218113119im_\/http:\/\/www.ipekkirpik.org\/wp-content\/uploads\/2011\/11\/3Dipekkirpik.jpg\" alt=\"3D ipek kirpik\"\/><\/a><figcaption>  3D ipek kirpik  <\/figcaption><\/figure><\/div>\n\n\n\n<p><strong><em>3D \u0130pek kirpik<\/em><\/strong> geleneksel \u015ferit veya k\u00fcme halinde yada klasik ipek kirpik uygulamalar\u0131n\u0131n aksine g\u00f6zlerinizde ka\u015f\u0131nt\u0131 yapmaz <strong><em>3D \u0130pek kirpik<\/em><\/strong>, tek yap\u0131\u015ft\u0131r\u0131l\u0131r kirpiklerinizi, \u00e7ok daha do\u011fal, seksi, dramatik ve 3 Boyutlu bir g\u00f6r\u00fcn\u00fcm vermektedir. <strong><em>3D \u0130pek kirpik <\/em><\/strong>di\u011fer tek tek tak\u0131lan kirpiklerin aksine d\u00fcz bir s\u0131raya dizilmi\u015f d\u00fcz ve s\u0131radan dura\u011fan bir g\u00f6r\u00fcnt\u00fc sunmaz.<strong><em> 3D \u0130pek kirpik<\/em><\/strong> daha do\u011fal ve hafif tak\u0131ld\u0131\u011f\u0131n\u0131 hissetmezsiniz!<\/p>\n\n\n\n<h2 class=\"wp-block-heading\"><strong><em>3D \u0130pek kirpik<\/em><\/strong> Uygulama Prosed\u00fcr\u00fc<\/h2>\n\n\n\n<p><strong><em>3D \u0130pek kirpik<\/em><\/strong> uygulamas\u0131 \u00f6zel kokusuz ve her t\u00fcrl\u00fc cilt i\u00e7in hassas ciltler ve normal ciltler i\u00e7in farkl\u0131 yap\u0131\u015ft\u0131rma \u00fcr\u00fcnleri mevcuttur. <strong><em>3D \u0130pek kirpik<\/em><\/strong> di\u011fer protez kirpikler gibi kirpiklerin ortas\u0131ndan de\u011fil dipten itibaren tak\u0131l\u0131r, bu y\u00fczden kirpik diplerinde di\u011fer <strong><em>protez kirpik<\/em><\/strong> uygulamalar\u0131 gibi siyah nokta \u015feklinde benekler kalmaz.<\/p>\n\n\n\n<p><strong><em>3D \u0130pek kirpik<\/em><\/strong> uygulamas\u0131 yakla\u015f\u0131k olarak <strong><em>1 saat 30<\/em><\/strong> dakika s\u00fcrmektedir, <strong><em>3D \u0130pek kirpik<\/em><\/strong>kirpiklerinizde a\u011f\u0131rl\u0131k yapmaz a ve kendi do\u011fal kirpiklerinize asla zarar vermez.<\/p>\n\n\n\n<h2 class=\"wp-block-heading\">3D \u0130pek Kirpik Ne Kadar S\u00fcre Kullan\u0131l\u0131r?<\/h2>\n\n\n\n<p><strong><em>3D \u0130pek kirpik<\/em><\/strong> kendi bireysel \nkirpiklerinizin geli\u015fim ve d\u00f6k\u00fclme d\u00f6ng\u00fcs\u00fcne ba\u011fl\u0131 olmaktad\u0131r; elbette \nherkesin genetik yap\u0131s\u0131na g\u00f6re kirpiklerin uzama ve d\u00f6k\u00fclme s\u00fcresi \nfarkl\u0131d\u0131r. ve sonras\u0131 bak\u0131m tavsiye takip e\u011fer <strong><em>3D \u0130pek Kirpik<\/em><\/strong> kendi do\u011fal kirpiklerinizle ayn\u0131 s\u00fcre kal\u0131c\u0131d\u0131r, her do\u011fal kirpik 6-8 hafta yakla\u015f\u0131k bir \u00f6mr\u00fc vard\u0131r. <strong><em>3D \u0130pek kirpik<\/em><\/strong> uygulamas\u0131ndan sonra kirpiklerinizin dolgun ve harika g\u00f6r\u00fcn\u00fcml\u00fc olarak 3 \/ 4 hafta kalmaktad\u0131r. <strong><em>3D \u0130pek kirpik<\/em><\/strong> 3 \/ 4 hafta sonunda bak\u0131mlar\u0131 ile dolgu yaparak yenileyebilirsiniz.<\/p>\n\n\n\n<figure class=\"wp-block-image\"><a href=\"https:\/\/web.archive.org\/web\/20181218113119\/http:\/\/www.ipekkirpik.org\/wp-content\/uploads\/2011\/11\/3dkirpik.jpg\" rel=\"wp-prettyPhoto[10]\"><img decoding=\"async\" src=\"https:\/\/web.archive.org\/web\/20181218113119im_\/http:\/\/www.ipekkirpik.org\/wp-content\/uploads\/2011\/11\/3dkirpik.jpg\" alt=\"3 D \u0130pek Kirpik\"\/><\/a><figcaption>  3 D \u0130pek Kirpik  <\/figcaption><\/figure>\n\n\n\n<div class=\"wp-block-image\"><figure class=\"aligncenter\"><a href=\"https:\/\/web.archive.org\/web\/20181218113119\/http:\/\/www.ipekkirpik.org\/wp-content\/uploads\/2011\/11\/3D-ipek-Kirpik-5.jpg\" rel=\"wp-prettyPhoto[10]\"><img decoding=\"async\" src=\"https:\/\/web.archive.org\/web\/20181218113119im_\/http:\/\/www.ipekkirpik.org\/wp-content\/uploads\/2011\/11\/3D-ipek-Kirpik-5.jpg\" alt=\"3D ipek Kirpik\"\/><\/a><\/figure><\/div>\n\n\n\n<h2 class=\"wp-block-heading\"><strong><em>3D \u0130pek kirpik<\/em><\/strong> Uygulamas\u0131ndan \u00d6nce Yap\u0131lmas\u0131 Gerekenler.<\/h2>\n\n\n\n<p><strong><em>3D \u0130pek kirpik<\/em><\/strong> uygulamas\u0131na gelmeden \u00f6nce \ny\u00fcz\u00fcn\u00fczdeki makyaj kal\u0131nt\u0131lar\u0131n\u0131 hassas bir makyaj temizleme s\u00fct\u00fc ile \ntemizleyiniz ve y\u00fcz\u00fcn\u00fcz\u00fc yumu\u015fak bir sabun ile y\u0131kay\u0131n\u0131z. Kirpik \ndiplerinde kullan\u0131lacak olan yap\u0131\u015ft\u0131r\u0131c\u0131 ya\u011fl\u0131 ciltten ar\u0131nm\u0131\u015f \nolmal\u0131d\u0131r.<br>\n<strong><em>3D \u0130pek kirpik <\/em><\/strong>uygulamas\u0131ndan \u00f6nce &nbsp;48 saat i\u00e7erisinde kirpiklerinize k\u0131v\u0131r\u0131c\u0131 aparatlar ve kirpik permas\u0131 uygulamaktan ka\u00e7\u0131n\u0131n.<br>\n<strong><em>3D \u0130pek kirpik uygulamas\u0131 <\/em><\/strong>boyunca g\u00f6zlerinizi kapal\u0131 olarak kalacakt\u0131r, g\u00f6zlerinizde ka\u015f\u0131nma varsa, kontakt lens kullan\u0131yorsan\u0131z <strong><em>3D \u0130pek kirpik uygulama \u00f6ncesi lenslerinizi \u00e7\u0131kar\u0131n\u0131z<\/em><\/strong>.<\/p>\n\n\n\n<p><strong><em>3D \u0130pek kirpik Uygulamas\u0131ndan Sonraki En \u00d6nemli 2 G\u00fcn. <\/em><\/strong><br>\nBak\u0131ml\u0131 ve g\u00fczel kad\u0131nlar\u0131n g\u00fczelliklerini vurgulamak i\u00e7in tercih \nettikleri Solaryum, Buhar banyosu sauna gibi y\u00fcksek \u0131s\u0131 ve yo\u011fun neme \nmaruz kalmamas\u0131 i\u00e7in <strong><em>3D \u0130pek kirpik <\/em><\/strong>uygulamas\u0131 sonras\u0131nda sadece 48 saat boyunca Solaryum, Sauna ve Buhar banyosundan ka\u00e7\u0131n\u0131lmal\u0131d\u0131r.<br>\n<strong><em>3D \u0130pek kirpik <\/em><\/strong>uygulamas\u0131ndan sonra 48 saat \nmaskara ve rimel s\u00fcrmeyin, kirpik diplerindeki yap\u0131\u015ft\u0131r\u0131c\u0131n\u0131n etkisini \nk\u0131sa zamanda kaybetmesine neden olacakt\u0131r.<br>\nG\u00f6zlerini ovu\u015fturarak ka\u00e7\u0131n\u0131n ve kirpik k\u0131v\u0131rma aparatlar\u0131 ile \nkirpiklerinizi k\u0131v\u0131rmay\u0131n\u0131z. Bu t\u00fcr uygulamalar kirpiklere zarar \nverebilir.<br>\n<strong><em>3D \u0130pek kirpik uygulamas\u0131ndan sonra <\/em><\/strong>kirpik alanlar\u0131n\u0131 temizlik esnas\u0131nda nazik olun.<br>\nYa\u011f bazl\u0131 temizleyiciler kullanmak veya makyaj s\u00f6k\u00fcc\u00fc kremler kullanabilir miyim?<br>\nNormal g\u00f6z kremleri uygulanmas\u0131 esnas\u0131nda kirpik diplerine yak\u0131n s\u00fcrmemeye dikkat edin.<\/p>\n\n\n\n<p><strong><em>3D \u0130pek kirpik<\/em><\/strong> \nuygulama e\u011fitimini yurtd\u0131\u015f\u0131nda tamamlayarak T\u00fcrkiye\u2019de 3D \u0130pek Kirpik \nE\u011fitimini veren \u0130lk ve tek ki\u015fi Profesyonel Maky\u00f6z Nurg\u00fcl Koluk\u0131r\u0131k \ntaraf\u0131ndan 3D \u0130pek kirpik e\u011fitimleri verilmektedir. L\u00fctfen <strong><em>3D \u0130pek kirpik<\/em><\/strong> e\u011fitim sertifikas\u0131n\u0131 g\u00f6rmedi\u011finiz ki\u015filere <strong><em>3D \u0130pek Kirpik<\/em><\/strong>uygulatmay\u0131n\u0131z.<\/p>\n\n\n\n<p><em><strong>3D \u0130pek Kirpik Hakk\u0131nda Bilgi<\/strong><\/em><\/p>\n\n\n\n<p><em>3D \u0130pek Kirpik<\/em> Uzatma, bak\u0131\u015flar\u0131n\u0131za derin bir ifade yan\u0131 \ns\u0131ra son derece uzun \u00f6m\u00fcrl\u00fc ve do\u011fal muhte\u015fem bir g\u00f6r\u00fcn\u00fcm kazand\u0131r\u0131r. 3D\n \u0130pek Kirpik su, du\u015f, ter, egzersiz, g\u00f6zya\u015f\u0131, deniz ve havuz suyuna \ny\u00fczmeye dayan\u0131kl\u0131 ve hatta uyku esnas\u0131nda bask\u0131 ve s\u00fcrt\u00fcnmeye \ndayan\u0131kl\u0131d\u0131r.<\/p>\n\n\n\n<p>3D \u0130pek Kirpik uzatma.2 ay veya 3 ay aras\u0131 kullan\u0131m\u0131 m\u00fcmk\u00fcnd\u00fcr. 3D \n\u0130pek Kirpik uzatma daha uzun s\u00fcre kullan\u0131m\u0131 ile fark yaratmaktad\u0131r.<br>\n3D \u0130pek Kirpik uzatma daha uzun, dolgun ve do\u011fal g\u00f6r\u00fcn\u00fcml\u00fc kirpik uzatma\n en yeni protez kirpik uzatma sistemi olmakla beraber en iyi ipek kirpik\n sitemidir.<\/p>\n\n\n\n<p>3D \u0130pek Kirpik 2 ay &nbsp;3 ay kadar s\u00fcrecek inan\u0131lmaz bir dayanma s\u00fcresi ile kirpik teknolojisinde b\u00fcy\u00fck bir at\u0131l\u0131m.<\/p>\n\n\n\n<h2 class=\"wp-block-heading\">3D \u0130pek Kirpik Hakk\u0131nda S\u0131k\u00e7a Sorulan Sorular<\/h2>\n\n\n\n<p>S: <strong><em>3D \u0130pek Kirpik Ne kadar s\u00fcre kalacak?<\/em><\/strong><br>\nA: Normalde 2 ay kadar, 3D \u0130pek Kirpik do\u011fru uyguland\u0131\u011f\u0131nda kendi kirpiklerinizin yenilenme s\u00fcresince kalacakt\u0131r.<br>\nS: Do\u011fal kirpiklerime hasar veriyor mu? 3D \u0130pek kirpik zararlar\u0131 var m\u0131?<br>\nA: Hay\u0131r, <em>3D \u0130pek kirpik<\/em> hi\u00e7bir \u015fekilde zararl\u0131 de\u011fildir. 3D \u0130pek kirpik kendi do\u011fal kirpi\u011finize zarar vermez! <strong><em>3D \u0130pek kirpik yap\u0131\u015ft\u0131r\u0131c\u0131<\/em><\/strong>, <strong>polipeptid<\/strong>\n bir ba\u011f olu\u015fturmak i\u00e7in, insan kirpikleri i\u00e7in \u00f6zel olarak form\u00fcle \nedilmi\u015ftir. 3D \u0130pek kirpik kendi kirpikleriniz \u00fczerinde \u00e7ok yumu\u015fak bir \nyap\u0131\u015ft\u0131r\u0131c\u0131 ile kurur, <strong><em>3D \u0130pek kirpik<\/em><\/strong> kendi kirpikleriniz \u00fcst\u00fcnde dolgun ve esnek kalmak i\u00e7in tasarlanm\u0131\u015ft\u0131r.<\/p>\n\n\n\n<p>S: 3D \u0130pek kirpik uzatma \u00fczerine maskara kullanabiliriyim?<br>\nA: 3D \u0130pek kirpik te kirpiklerinizi, kendi do\u011fal kirpikleriniz gibi daha\n koyu canl\u0131 ve patlak g\u00f6stermek i\u00e7in caba sarf etmenize gerek \nkalmayacakt\u0131r.<\/p>\n\n\n\n<p>Fakat yinede maskara kullanmak isterseniz, <em>3D \u0130pek kirpik<\/em> uzatmalar\u0131n\u0131n \u00e7ok diplere s\u00fcrmemek kayd\u0131 ile su bazl\u0131 maskara kullanabilirisiniz.<\/p>\n\n\n\n<p>Su ge\u00e7irmez maskara kullanmay\u0131n\u0131z. Rimel \u00e7\u00f6z\u00fcc\u00fc krem ve s\u00f6k\u00fcc\u00fc her t\u00fcrl\u00fc kozmetik kirpikleriniz kullan\u0131m s\u00fcresini azaltacakt\u0131r.<\/p>\n\n\n\n<p>3D-Kirpik do\u011frudan ovalama ya da rimel s\u00f6k\u00fcc\u00fc kullan\u0131rsan\u0131z 3D \u0130pek kirpik yap\u0131\u015ft\u0131rma yerleri zay\u0131flatacakt\u0131r.<strong><em> 3D \u0130pek kirpik<\/em><\/strong> kullan\u0131m esnas\u0131nda y\u00fcz\u00fcn\u00fczde veya du\u015f al\u0131rken su bazl\u0131 maskara sadece sabun ve su ile ar\u0131t\u0131lmal\u0131d\u0131r.<\/p>\n\n\n\n<div class=\"wp-block-image\"><figure class=\"aligncenter\"><a href=\"https:\/\/web.archive.org\/web\/20181218113119\/http:\/\/www.ipekkirpik.org\/wp-content\/uploads\/2011\/11\/3D-\u0130pek-Kirpik-11.jpg\"><img decoding=\"async\" src=\"https:\/\/web.archive.org\/web\/20181218113119im_\/http:\/\/www.ipekkirpik.org\/wp-content\/uploads\/2011\/11\/3D-\u0130pek-Kirpik-11-300x225.jpg\" alt=\"3D \u0130pek Kirpik \" class=\"wp-image-413\"\/><\/a><figcaption> 3D \u0130pek Kirpik <\/figcaption><\/figure><\/div>\n\n\n\n<div class=\"wp-block-image\"><figure class=\"aligncenter\"><a href=\"https:\/\/web.archive.org\/web\/20181218113119\/http:\/\/www.ipekkirpik.org\/wp-content\/uploads\/2011\/11\/3D-\u0130pek-Kirpik-12.jpg\"><img decoding=\"async\" src=\"https:\/\/web.archive.org\/web\/20181218113119im_\/http:\/\/www.ipekkirpik.org\/wp-content\/uploads\/2011\/11\/3D-\u0130pek-Kirpik-12-300x225.jpg\" alt=\"3D \u0130pek Kirpik \" class=\"wp-image-414\"\/><\/a><figcaption> 3D \u0130pek Kirpik <\/figcaption><\/figure><\/div>\n\n\n\n<h1 class=\"wp-block-heading\">&#8211; Mink Kirpik<\/h1>\n\n\n\n<h4 class=\"wp-block-heading\">Mink Kirpik Nedir<\/h4>\n\n\n\n<p>Mink Kirpik vizon ( \u00f6zel bir k\u0131l ) dan \u00fcretilmi\u015f ve tamamen do\u011fald\u0131r.  D\u00fcnyaca \u00fcnl\u00fc olan bu trend Jennifer Lopez taraf\u0131ndan da  kullan\u0131lmaktad\u0131r.<\/p>\n\n\n\n<p>Mink Kirpik art\u0131k T\u00fcrkiye.<\/p>\n\n\n\n<p>Mink Kirpik % 100 do\u011fal vizon k\u00fcrk\u00fcnden imal edilmi\u015ftir. Hollywood \ny\u0131ld\u0131zlar\u0131n\u0131n etkileyici bak\u0131\u015flar\u0131ndaki bu l\u00fcks&nbsp; kirpik uzatma ve \ndolgunla\u015ft\u0131rma y\u00f6ntemi Mink kirpi\u011fi ayr\u0131cal\u0131kl\u0131 k\u0131l\u0131yor. Ger\u00e7ek vizon, \nyumu\u015fak, ince, en l\u00fcks kirpiklerden olu\u015fur. \u00c7\u00fcnk\u00fc onlar&nbsp; kimyasal ya da \nboyal\u0131 de\u011fil, zengin, kadife gibi bir g\u00f6r\u00fcn\u00fcm vermek i\u00e7in sadece vizon \nk\u00fcrk\u00fcnden ba\u015far\u0131yla yap\u0131lmaktad\u0131r. Son derece Steril ve hipo alerjik \ndir.<\/p>\n\n\n\n<p>Bu arada yar\u0131 mink kirpiklerde piyasada sat\u0131l\u0131yor Mink ad\u0131 alt\u0131nda. \nDikkati olman\u0131z gerekir GER\u00c7EK M\u0130NK olmas\u0131 gerekir ve ger\u00e7ek mink kirpik\n pahal\u0131 bir i\u015flemdir.<\/p>\n\n\n\n<p>Salonumuzda Ger\u00e7ek Mink uygulamas\u0131 ve sat\u0131\u015f\u0131 yap\u0131lmaktad\u0131r.<\/p>\n\n\n\n<p>E\u011fer en do\u011fal kirpi\u011fi ar\u0131yorsan\u0131z bu kesinlikle Mink Kirpik dir. \nNormal ipek kirpik sistemlerinde baz\u0131 g\u00f6zller \u00f6zellikle bunu \nta\u015f\u0131yamamaktad\u0131r. Uygulanan ipek kirpikler a\u011f\u0131r gelmekte ve ka\u015f\u0131nt\u0131 \nyapmaktad\u0131r . \u00d6zellike bu tarz hassas g\u00f6zlere sahipseniz bu kirpik \ny\u00f6ntemi tam sizin i\u00e7in.<\/p>\n\n\n\n<p><em><strong>Mink Kirpik Uygulama Fiyat\u0131<\/strong><\/em> : 250 Tl<\/p>\n\n\n\n<p>Bu arada bizim yapm\u0131\u015f oldu\u011fumuz \u0130pek Kirpik uygulamas\u0131 videomuzu izleyebilirsiniz.<\/p>\n\n\n\n<figure class=\"wp-block-embed aligncenter is-type-video is-provider-youtube wp-block-embed-youtube wp-embed-aspect-16-9 wp-has-aspect-ratio\"><div class=\"wp-block-embed__wrapper\">\n<iframe loading=\"lazy\" title=\"\u0130pek Kirpik Nas\u0131l Tak\u0131l\u0131r \u0130zle\" width=\"600\" height=\"338\" src=\"https:\/\/www.youtube.com\/embed\/dwR9aZ-6wa0?feature=oembed\" frameborder=\"0\" allow=\"accelerometer; autoplay; clipboard-write; encrypted-media; gyroscope; picture-in-picture; web-share\" referrerpolicy=\"strict-origin-when-cross-origin\" allowfullscreen><\/iframe>\n<\/div><figcaption> <em><strong>Mink Kirpik Uygulama<\/strong><\/em> <\/figcaption><\/figure>\n","protected":false},"excerpt":{"rendered":"<p>\u0130pek Kirpik Merkezine Ho\u015f Geldiniz Uzun, dolgun ve k\u0131vr\u0131k kirpikler g\u00fczelli\u011fine ve d\u0131\u015f g\u00f6r\u00fcn\u00fcm\u00fcne \u00f6nem veren modern kad\u0131nlar\u0131n olmazsa olmaz ve bak\u0131\u015flar\u0131 daha etkili k\u0131lman\u0131n bir y\u00f6ntemi oldu\u011funu bilmektedir.. Sach \u00ae \u0130pek Kirpik Merkezi D\u00fcnyan\u0131n En Kaliteli \u0130pek Kirpik Malzemeleri ile Sizlere Hollywood Y\u0131ld\u0131zlar\u0131n\u0131n G\u00fczellik S\u0131rr\u0131 3D<\/p>\n","protected":false},"author":1,"featured_media":0,"parent":0,"menu_order":0,"comment_status":"closed","ping_status":"closed","template":"page-FullWidth.php","meta":{"footnotes":""},"tags":[5,12,3,6,4,10,11,8,13,7],"class_list":["post-10","page","type-page","status-publish","hentry","tag-3d-ipek-kirpik","tag-3d-ipek-kirpik-nedir","tag-ipek-kirpik","tag-ipek-kirpik-fiyatlari","tag-ipek-kirpik-merkezi","tag-kalici-kirpik","tag-kalici-takma-kirpik","tag-kirpik-kaynakgi","tag-mink-ipek-kirpik","tag-protez-kirpik"],"aioseo_notices":[],"_links":{"self":[{"href":"http:\/\/ipekkirpik.org\/index.php\/wp-json\/wp\/v2\/pages\/10","targetHints":{"allow":["GET"]}}],"collection":[{"href":"http:\/\/ipekkirpik.org\/index.php\/wp-json\/wp\/v2\/pages"}],"about":[{"href":"http:\/\/ipekkirpik.org\/index.php\/wp-json\/wp\/v2\/types\/page"}],"author":[{"embeddable":true,"href":"http:\/\/ipekkirpik.org\/index.php\/wp-json\/wp\/v2\/users\/1"}],"replies":[{"embeddable":true,"href":"http:\/\/ipekkirpik.org\/index.php\/wp-json\/wp\/v2\/comments?post=10"}],"version-history":[{"count":5,"href":"http:\/\/ipekkirpik.org\/index.php\/wp-json\/wp\/v2\/pages\/10\/revisions"}],"predecessor-version":[{"id":264,"href":"http:\/\/ipekkirpik.org\/index.php\/wp-json\/wp\/v2\/pages\/10\/revisions\/264"}],"wp:attachment":[{"href":"http:\/\/ipekkirpik.org\/index.php\/wp-json\/wp\/v2\/media?parent=10"}],"wp:term":[{"taxonomy":"post_tag","embeddable":true,"href":"http:\/\/ipekkirpik.org\/index.php\/wp-json\/wp\/v2\/tags?post=10"}],"curies":[{"name":"wp","href":"https:\/\/api.w.org\/{rel}","templated":true}]}}